{"id":2166,"date":"2023-06-29T20:03:37","date_gmt":"2023-06-29T13:03:37","guid":{"rendered":"https:\/\/yody-phuonganh.vn\/index.php\/san-pham\/rua-mat-thao-duoc-2\/"},"modified":"2023-06-29T20:04:43","modified_gmt":"2023-06-29T13:04:43","slug":"rua-mat-thao-duoc-2","status":"publish","type":"product","link":"https:\/\/yody-phuonganh.vn\/index.php\/san-pham\/rua-mat-thao-duoc-2\/","title":{"rendered":"R\u1eecA M\u1eb6T TH\u1ea2O D\u01af\u1ee2C"},"content":{"rendered":"<p><img loading=\"lazy\" decoding=\"async\" class=\"wp-post-image\" title=\"rua-mat-thao-duoc\" src=\"http:\/\/yody-phuonganh.vn\/wp-content\/uploads\/2023\/06\/RUA-MAT-THAO-DUOC.jpg\" alt=\"\" width=\"600\" height=\"600\" data-caption=\"\" data-large_image=\"http:\/\/yody-phuonganh.vn\/wp-content\/uploads\/2023\/06\/RUA-MAT-THAO-DUOC.jpg\" data-large_image_width=\"2560\" data-large_image_height=\"2560\" \/><br \/>\n<bdi>250.000 won<span class=\"woocommerce-Price-currencySymbol\">\u20ab<\/span><\/bdi><\/p>\n<div class=\"woocommerce-tabs wc-tabs-wrapper\">\n<div id=\"tab-description\" class=\"woocommerce-Tabs-panel woocommerce-Tabs-panel--description panel entry-content wc-tab\" role=\"tabpanel\" aria-labelledby=\"tab-title-description\"><\/div>\n<\/div>\n<h2>M\u00f4 t\u1ea3<\/h2>\n<h4><strong>1. Th\u00e0nh ph\u1ea7n:<\/strong><\/h4>\n<p>N\u01b0\u1edbc, Propylene Glycol, Carbomer, Natri Laureth Sulfate, Cocamidopropyl Betaine, Glycerin, H\u01b0\u01a1ng th\u01a1m, Axit Stearic, R\u01b0\u1ee3u Cetyl, Tinh d\u1ea7u b\u1ea1c h\u00e0, Phenoxyethanol, Natri Hydroxide, D\u1ea7u tr\u00e1i c\u00e2y Olea Europaea, D\u1ea7u h\u1ea1t Simmondsia Chinensis, Caprylic\/Capric Triglyceride, Lecithin hydro h\u00f3a, Panax Chi\u1ebft xu\u1ea5t m\u00f4 s\u1eb9o nh\u00e2n s\u00e2m, cholesterol, chi\u1ebft xu\u1ea5t r\u1ec5 Curcuma Longa.<\/p>\n<h4><strong>2. C\u00f4ng d\u1ee5ng:<\/strong><\/h4>\n<ul>\n<li>Lo\u1ea1i b\u1ecf d\u1ea7u, b\u1ee5i b\u1ea9n v\u00e0 t\u1ebf b\u00e0o ch\u1ebft tr\u00ean da.<\/li>\n<li>Gi\u1ea3m c\u00e1c lo\u1ea1i m\u1ee5n, ki\u1ec1m d\u1ea7u.<\/li>\n<li>Se kh\u00edt l\u1ed7 ch\u00e2n l\u00f4ng.<\/li>\n<li>Gi\u00fap l\u00e0m tr\u1eafng v\u00e0 m\u1ecbn da.<\/li>\n<li>H\u1ed7 tr\u1ee3 qu\u00e1 tr\u00ecnh, ng\u0103n ng\u1eeba m\u1ee5n, th\u00e2m, n\u00e1m, t\u00e0n nhang.<\/li>\n<\/ul>\n<h4><strong>3. C\u00e1ch s\u1eed d\u1ee5ng:<\/strong><\/h4>\n<p>L\u00e0m \u01b0\u1edbt m\u1eb7t, sau \u0111\u00f3 cho m\u1ed9t \u00edt ph\u1ea5n ra l\u00f2ng b\u00e0n tay, d\u00f9ng ng\u00f3n tay ch\u1ea5m ph\u1ea5n l\u00ean m\u1eb7t v\u00e0 massage nh\u1eb9 nh\u00e0ng trong 2 ph\u00fat. Sau \u0111\u00f3 x\u1ea3 s\u1ea1ch v\u1edbi n\u01b0\u1edbc.<\/p>\n<h4><strong>4. C\u00e1ch \u0111\u1eafp m\u1eb7t n\u1ea1 sau t\u00e1i t\u1ea1o:<\/strong><\/h4>\n<p>Tr\u1ed9n 01 th\u00eca b\u1ed9t v\u1edbi 1 \u00edt l\u00f2ng \u0111\u1ecf ho\u1eb7c l\u00f2ng tr\u1eafng tr\u1ee9ng g\u00e0, 1 th\u00eca s\u1eefa kh\u00f4ng \u0111\u01b0\u1eddng, \u0111\u1eafp h\u1ed7n h\u1ee3p l\u00ean m\u1eb7t 10 ph\u00fat r\u1ed3i r\u1eeda s\u1ea1ch v\u1edbi n\u01b0\u1edbc. Tr\u1ea3 l\u1eddi hai l\u1ea7n m\u1ed9t tu\u1ea7n.<\/p>\n<p>&#8212;&#8212;&#8212;&#8212;&#8212;&#8212;&#8212;&#8212;-<\/p>\n<p><span style=\"color: #ff0000;\"><strong>TH\u00d4NG TIN LI\u00caN H\u1ec6:<\/strong><\/span><br \/>\n<span style=\"color: #ff0000;\"><strong>QU\u00dd KH\u00c1CH G\u1eecI \u1ea2NH CH\u1ee4P DA QUA ZALO NH\u01af T\u01af V\u1ea4N CHO M\u00ccNH NH\u00c9<\/strong><\/span><br \/>\n<span style=\"color: #ff0000;\"><strong>ZALO <a href=\"https:\/\/zalo.me\/0778790095\">0778790095- Hotline: 0974670571<\/a><\/strong><\/span><br \/>\n<strong><span style=\"color: #ff0000;\">41\/50\/6 Nguy\u1ec5n Oanh, P10, G\u00f2 V\u1ea5p, TP.HCM<\/span><\/strong><\/p>\n","protected":false},"excerpt":{"rendered":"<p>250.000 won\u20ab M\u00f4 t\u1ea3 1. Th\u00e0nh ph\u1ea7n: N\u01b0\u1edbc, Propylene Glycol, Carbomer, Natri Laureth Sulfate, Cocamidopropyl Betaine, Glycerin, H\u01b0\u01a1ng th\u01a1m, Axit Stearic, R\u01b0\u1ee3u Cetyl, Tinh d\u1ea7u b\u1ea1c h\u00e0, Phenoxyethanol, Natri Hydroxide, D\u1ea7u tr\u00e1i c\u00e2y Olea Europaea, D\u1ea7u h\u1ea1t Simmondsia Chinensis, Caprylic\/Capric Triglyceride, Lecithin hydro h\u00f3a, Panax Chi\u1ebft xu\u1ea5t m\u00f4 s\u1eb9o nh\u00e2n s\u00e2m, cholesterol, chi\u1ebft xu\u1ea5t r\u1ec5 [&hellip;]<\/p>\n","protected":false},"featured_media":2073,"comment_status":"open","ping_status":"closed","template":"","meta":{"_gspb_post_css":""},"store":[],"product_cat":[23,66,82],"product_tag":[],"_links":{"self":[{"href":"https:\/\/yody-phuonganh.vn\/index.php\/wp-json\/wp\/v2\/product\/2166"}],"collection":[{"href":"https:\/\/yody-phuonganh.vn\/index.php\/wp-json\/wp\/v2\/product"}],"about":[{"href":"https:\/\/yody-phuonganh.vn\/index.php\/wp-json\/wp\/v2\/types\/product"}],"replies":[{"embeddable":true,"href":"https:\/\/yody-phuonganh.vn\/index.php\/wp-json\/wp\/v2\/comments?post=2166"}],"wp:featuredmedia":[{"embeddable":true,"href":"https:\/\/yody-phuonganh.vn\/index.php\/wp-json\/wp\/v2\/media\/2073"}],"wp:attachment":[{"href":"https:\/\/yody-phuonganh.vn\/index.php\/wp-json\/wp\/v2\/media?parent=2166"}],"wp:term":[{"taxonomy":"store","embeddable":true,"href":"https:\/\/yody-phuonganh.vn\/index.php\/wp-json\/wp\/v2\/store?post=2166"},{"taxonomy":"product_cat","embeddable":true,"href":"https:\/\/yody-phuonganh.vn\/index.php\/wp-json\/wp\/v2\/product_cat?post=2166"},{"taxonomy":"product_tag","embeddable":true,"href":"https:\/\/yody-phuonganh.vn\/index.php\/wp-json\/wp\/v2\/product_tag?post=2166"}],"curies":[{"name":"wp","href":"https:\/\/api.w.org\/{rel}","templated":true}]}}