{"id":2164,"date":"2023-06-29T20:01:36","date_gmt":"2023-06-29T13:01:36","guid":{"rendered":"https:\/\/yody-phuonganh.vn\/index.php\/san-pham\/bot-tam-trang-thao-moc-2\/"},"modified":"2023-06-29T20:03:07","modified_gmt":"2023-06-29T13:03:07","slug":"bot-tam-trang-thao-moc-2","status":"publish","type":"product","link":"https:\/\/yody-phuonganh.vn\/index.php\/san-pham\/bot-tam-trang-thao-moc-2\/","title":{"rendered":"B\u1ed8T T\u1eaeM TR\u1eaeNG TH\u1ea2O M\u1ed8C"},"content":{"rendered":"<p><img loading=\"lazy\" decoding=\"async\" class=\"wp-post-image\" title=\"bot-tam-trang\" src=\"http:\/\/yody-phuonganh.vn\/wp-content\/uploads\/2023\/06\/BOT-TAM-TRANG-THAO-MOC.jpg\" alt=\"\" width=\"600\" height=\"600\" data-caption=\"\" data-large_image=\"http:\/\/yody-phuonganh.vn\/wp-content\/uploads\/2023\/06\/BOT-TAM-TRANG-THAO-MOC.jpg\" data-large_image_width=\"2560\" data-large_image_height=\"2560\" \/><br \/>\n<bdi>150.000 won<span class=\"woocommerce-Price-currencySymbol\">\u20ab<\/span><\/bdi><\/p>\n<div class=\"woocommerce-tabs wc-tabs-wrapper\">\n<div id=\"tab-description\" class=\"woocommerce-Tabs-panel woocommerce-Tabs-panel--description panel entry-content wc-tab\" role=\"tabpanel\" aria-labelledby=\"tab-title-description\"><\/div>\n<\/div>\n<h2>M\u00f4 t\u1ea3<\/h2>\n<h4><strong>1. Th\u00e0nh ph\u1ea7n:<\/strong><\/h4>\n<p>B\u1ed9t g\u1ea1o, c\u00e1m g\u1ea1o, \u0111\u1eadu \u0111\u1ecf, c\u00e0 ph\u00ea, d\u1ea7u d\u1eeba, b\u1ed9t cam th\u1ea3o, vitamin, B\u1ea1ch Linh.<\/p>\n<h4><strong>2. C\u00f4ng d\u1ee5ng:<\/strong><\/h4>\n<p>L\u00e0m s\u1ea1ch da gi\u00fap c\u00e1c d\u01b0\u1ee1ng ch\u1ea5t th\u1ea9m th\u1ea5u v\u00e0o da gi\u00fap da tr\u1eafng s\u00e1ng m\u1ecbn m\u00e0ng, ng\u0103n ng\u1eeba l\u00e3o h\u00f3a (an to\u00e0n cho b\u00e0 b\u1ea7u v\u00e0 tr\u1ebb em).<\/p>\n<h4><strong>3. C\u00e1ch s\u1eed d\u1ee5ng:<\/strong><\/h4>\n<p>Cho 2-3 th\u00eca b\u1ed9t v\u00e0 th\u00eam 1 b\u1ecbch s\u1eefa t\u01b0\u01a1i kh\u00f4ng \u0111\u01b0\u1eddng (ho\u1eb7c b\u1ed9t + t\u1eafm tr\u1eafng + s\u1eefa t\u01b0\u01a1i) tr\u1ed9n \u0111\u1ec1u l\u1ea1i l\u00e0m \u01b0\u1edbt c\u01a1 th\u1ec3 v\u00e0 massage h\u1ed7n h\u1ee3p l\u00ean da 10-15 ph\u00fat r\u1ed3i t\u1eafm s\u1ea1ch v\u1edbi n\u01b0\u1edbc.<\/p>\n<h4><strong>4. B\u1ea3o qu\u1ea3n:<\/strong><\/h4>\n<p>N\u01a1i kh\u00f4 r\u00e1o.<\/p>\n<p>&#8212;&#8212;&#8212;&#8212;&#8212;&#8212;&#8212;&#8212;&#8211;<\/p>\n<p><span style=\"color: #ff0000;\"><strong>TH\u00d4NG TIN LI\u00caN H\u1ec6:<\/strong><\/span><br \/>\n<span style=\"color: #ff0000;\"><strong>QU\u00dd KH\u00c1CH G\u1eecI \u1ea2NH CH\u1ee4P DA QUA ZALO NH\u01af T\u01af V\u1ea4N CHO M\u00ccNH NH\u00c9<\/strong><\/span><br \/>\n<span style=\"color: #ff0000;\"><strong>ZALO <a href=\"https:\/\/zalo.me\/0778790095\">0778790095- Hotline: 0974670571<\/a><\/strong><\/span><br \/>\n<strong><span style=\"color: #ff0000;\">41\/50\/6 Nguy\u1ec5n Oanh, P10, G\u00f2 V\u1ea5p, TP.HCM<\/span><\/strong><\/p>\n","protected":false},"excerpt":{"rendered":"<p>150.000 won\u20ab M\u00f4 t\u1ea3 1. Th\u00e0nh ph\u1ea7n: B\u1ed9t g\u1ea1o, c\u00e1m g\u1ea1o, \u0111\u1eadu \u0111\u1ecf, c\u00e0 ph\u00ea, d\u1ea7u d\u1eeba, b\u1ed9t cam th\u1ea3o, vitamin, B\u1ea1ch Linh. 2. C\u00f4ng d\u1ee5ng: L\u00e0m s\u1ea1ch da gi\u00fap c\u00e1c d\u01b0\u1ee1ng ch\u1ea5t th\u1ea9m th\u1ea5u v\u00e0o da gi\u00fap da tr\u1eafng s\u00e1ng m\u1ecbn m\u00e0ng, ng\u0103n ng\u1eeba l\u00e3o h\u00f3a (an to\u00e0n cho b\u00e0 b\u1ea7u v\u00e0 tr\u1ebb em). [&hellip;]<\/p>\n","protected":false},"featured_media":2071,"comment_status":"open","ping_status":"closed","template":"","meta":{"_gspb_post_css":""},"store":[],"product_cat":[23,77],"product_tag":[],"_links":{"self":[{"href":"https:\/\/yody-phuonganh.vn\/index.php\/wp-json\/wp\/v2\/product\/2164"}],"collection":[{"href":"https:\/\/yody-phuonganh.vn\/index.php\/wp-json\/wp\/v2\/product"}],"about":[{"href":"https:\/\/yody-phuonganh.vn\/index.php\/wp-json\/wp\/v2\/types\/product"}],"replies":[{"embeddable":true,"href":"https:\/\/yody-phuonganh.vn\/index.php\/wp-json\/wp\/v2\/comments?post=2164"}],"wp:featuredmedia":[{"embeddable":true,"href":"https:\/\/yody-phuonganh.vn\/index.php\/wp-json\/wp\/v2\/media\/2071"}],"wp:attachment":[{"href":"https:\/\/yody-phuonganh.vn\/index.php\/wp-json\/wp\/v2\/media?parent=2164"}],"wp:term":[{"taxonomy":"store","embeddable":true,"href":"https:\/\/yody-phuonganh.vn\/index.php\/wp-json\/wp\/v2\/store?post=2164"},{"taxonomy":"product_cat","embeddable":true,"href":"https:\/\/yody-phuonganh.vn\/index.php\/wp-json\/wp\/v2\/product_cat?post=2164"},{"taxonomy":"product_tag","embeddable":true,"href":"https:\/\/yody-phuonganh.vn\/index.php\/wp-json\/wp\/v2\/product_tag?post=2164"}],"curies":[{"name":"wp","href":"https:\/\/api.w.org\/{rel}","templated":true}]}}