{"id":2160,"date":"2023-06-29T19:58:32","date_gmt":"2023-06-29T12:58:32","guid":{"rendered":"https:\/\/yody-phuonganh.vn\/index.php\/san-pham\/tinh-chat-bat-goc-nam-tan-nhang-melasma-pro-2\/"},"modified":"2023-06-29T19:59:34","modified_gmt":"2023-06-29T12:59:34","slug":"tinh-chat-bat-goc-nam-tan-nhang-melasma-pro-2","status":"publish","type":"product","link":"https:\/\/yody-phuonganh.vn\/index.php\/san-pham\/tinh-chat-bat-goc-nam-tan-nhang-melasma-pro-2\/","title":{"rendered":"TINH CH\u1ea4T B\u1eacT G\u1ed0C N\u00c1M T\u00c0N NHANG (MELASMA PRO)"},"content":{"rendered":"<p><img loading=\"lazy\" decoding=\"async\" class=\"wp-post-image\" title=\"bat-goc-nam-1\" src=\"http:\/\/yody-phuonganh.vn\/wp-content\/uploads\/2023\/06\/bat-goc-nam-1-scaled.jpg\" alt=\"\" width=\"600\" height=\"600\" data-caption=\"\" data-large_image=\"http:\/\/yody-phuonganh.vn\/wp-content\/uploads\/2023\/06\/bat-goc-nam-1-scaled.jpg\" data-large_image_width=\"2560\" data-large_image_height=\"2560\" \/><br \/>\n<bdi>1.300.000 won<span class=\"woocommerce-Price-currencySymbol\">\u20ab<\/span><\/bdi><\/p>\n<div class=\"woocommerce-tabs wc-tabs-wrapper\">\n<div id=\"tab-description\" class=\"woocommerce-Tabs-panel woocommerce-Tabs-panel--description panel entry-content wc-tab\" role=\"tabpanel\" aria-labelledby=\"tab-title-description\"><\/div>\n<\/div>\n<h2>M\u00f4 t\u1ea3<\/h2>\n<h4><strong>1. Th\u00e0nh ph\u1ea7n:<\/strong><\/h4>\n<p>N\u01b0\u1edbc, Ceteary Alcohol, Panthenol, Glycerin v\u00e0 Palmitoyl Hexapeptide-12, Retinol, Ceteareth 20, Niacinamide, Penoxyethanol (V\u00e0) Etrylexylglycerin.<\/p>\n<h4><strong>2. C\u00f4ng d\u1ee5ng:<\/strong><\/h4>\n<ul>\n<li>D\u01b0\u1ee1ng \u1ea9m cho da, t\u0103ng \u0111\u1ed9 s\u0103n ch\u1eafc v\u00e0 m\u1ec1m m\u1ea1i. L\u00e0m m\u1ecbn da, ng\u0103n ng\u1eeba l\u00e3o h\u00f3a hi\u1ec7u qu\u1ea3. T\u0103ng c\u01b0\u1eddng kh\u1ea3 n\u0103ng h\u1ea5p th\u1ee5 c\u00e1c ch\u1ea5t dinh d\u01b0\u1ee1ng trong s\u1ea3n ph\u1ea9m.<\/li>\n<li>Ng\u0103n ng\u1eeba vi khu\u1ea9n x\u00e2m nh\u1eadp v\u00e0o da, kh\u00e1ng vi\u00eam cao. Lo\u1ea1i b\u1ecf m\u1ee5n, m\u1edd v\u1ebft th\u00e2m v\u00e0 d\u01b0\u1ee1ng tr\u1eafng da hi\u1ec7u qu\u1ea3.<\/li>\n<li>Gi\u00fap l\u00e0m m\u1edd v\u1ebft th\u00e2m v\u00e0 v\u1ebft th\u00e2m. Gi\u1ea3m \u0111\u1ecf r\u00f5 r\u1ec7t. L\u00e0m s\u00e1ng da, ch\u1ed1ng lo\u1ea1i b\u1ecf s\u1eafc t\u1ed1 da, ng\u0103n ch\u1eb7n s\u1ef1 t\u00edch t\u1ee5 c\u1ee7a h\u1eafc t\u1ed1 melanin. Ch\u1ed1ng d\u1ecb \u1ee9ng, k\u00edch \u1ee9ng da, b\u1ea3o v\u1ec7 v\u00e0 l\u00e0m d\u1ecbu l\u00e0n da b\u1ecb t\u1ed5n th\u01b0\u01a1ng b\u1edfi c\u00e1c t\u00e1c nh\u00e2n c\u00f3 h\u1ea1i t\u1eeb m\u00f4i tr\u01b0\u1eddng nh\u01b0 b\u1ee5i m\u1ecbn, vi n\u1ea5m\u2026 Ph\u1ee5c h\u1ed3i l\u00e0n da b\u1ecb t\u1ed5n th\u01b0\u01a1ng do tia UV.<\/li>\n<\/ul>\n<h4><strong>3. C\u00e1ch s\u1eed d\u1ee5ng:<\/strong><\/h4>\n<p>R\u1eeda s\u1ea1ch m\u1eb7t, lau kh\u00f4, thoa \u0111\u1ec1u kem v\u00e0 massage nh\u1eb9 nh\u00e0ng tr\u00ean m\u1eb7t, ng\u00e0y d\u00f9ng 2-4 l\u1ea7n. Khi da \u0111\u00e3 \u0111\u1eb9p k\u1ebft h\u1ee3p v\u1edbi s\u1ea3n ph\u1ea9m ch\u0103m s\u00f3c tu\u1ea7n 2 l\u1ea7n.<\/p>\n<h4><strong>4. Ph\u00f9 h\u1ee3p:<\/strong><\/h4>\n<p>Da x\u1ec9n m\u00e0u, t\u1ed1i m\u00e0u.<\/p>\n<h4><strong>5. B\u1ea3o qu\u1ea3n:<\/strong><\/h4>\n<p>N\u01a1i tho\u00e1ng m\u00e1t, tr\u00e1nh \u00e1nh n\u1eafng tr\u1ef1c ti\u1ebfp. Tr\u00e1nh xa t\u1ea7m tay tr\u1ebb em.<\/p>\n<p>&#8212;&#8212;&#8212;&#8212;&#8212;&#8212;&#8212;&#8212;&#8212;<\/p>\n<p><span style=\"color: #ff0000;\"><strong>TH\u00d4NG TIN LI\u00caN H\u1ec6:<\/strong><\/span><br \/>\n<span style=\"color: #ff0000;\"><strong>QU\u00dd KH\u00c1CH G\u1eecI \u1ea2NH CH\u1ee4P DA QUA ZALO NH\u01af T\u01af V\u1ea4N CHO M\u00ccNH NH\u00c9<\/strong><\/span><br \/>\n<span style=\"color: #ff0000;\"><strong>ZALO <a href=\"https:\/\/zalo.me\/0778790095\">0778790095- Hotline: 0974670571<\/a><\/strong><\/span><br \/>\n<strong><span style=\"color: #ff0000;\">41\/50\/6 Nguy\u1ec5n Oanh, P10, G\u00f2 V\u1ea5p, TP.HCM<\/span><\/strong><\/p>\n","protected":false},"excerpt":{"rendered":"<p>1.300.000 won\u20ab M\u00f4 t\u1ea3 1. Th\u00e0nh ph\u1ea7n: N\u01b0\u1edbc, Ceteary Alcohol, Panthenol, Glycerin v\u00e0 Palmitoyl Hexapeptide-12, Retinol, Ceteareth 20, Niacinamide, Penoxyethanol (V\u00e0) Etrylexylglycerin. 2. C\u00f4ng d\u1ee5ng: D\u01b0\u1ee1ng \u1ea9m cho da, t\u0103ng \u0111\u1ed9 s\u0103n ch\u1eafc v\u00e0 m\u1ec1m m\u1ea1i. L\u00e0m m\u1ecbn da, ng\u0103n ng\u1eeba l\u00e3o h\u00f3a hi\u1ec7u qu\u1ea3. T\u0103ng c\u01b0\u1eddng kh\u1ea3 n\u0103ng h\u1ea5p th\u1ee5 c\u00e1c ch\u1ea5t dinh d\u01b0\u1ee1ng [&hellip;]<\/p>\n","protected":false},"featured_media":2067,"comment_status":"open","ping_status":"closed","template":"","meta":{"_gspb_post_css":""},"store":[],"product_cat":[23,66,57],"product_tag":[],"_links":{"self":[{"href":"https:\/\/yody-phuonganh.vn\/index.php\/wp-json\/wp\/v2\/product\/2160"}],"collection":[{"href":"https:\/\/yody-phuonganh.vn\/index.php\/wp-json\/wp\/v2\/product"}],"about":[{"href":"https:\/\/yody-phuonganh.vn\/index.php\/wp-json\/wp\/v2\/types\/product"}],"replies":[{"embeddable":true,"href":"https:\/\/yody-phuonganh.vn\/index.php\/wp-json\/wp\/v2\/comments?post=2160"}],"wp:featuredmedia":[{"embeddable":true,"href":"https:\/\/yody-phuonganh.vn\/index.php\/wp-json\/wp\/v2\/media\/2067"}],"wp:attachment":[{"href":"https:\/\/yody-phuonganh.vn\/index.php\/wp-json\/wp\/v2\/media?parent=2160"}],"wp:term":[{"taxonomy":"store","embeddable":true,"href":"https:\/\/yody-phuonganh.vn\/index.php\/wp-json\/wp\/v2\/store?post=2160"},{"taxonomy":"product_cat","embeddable":true,"href":"https:\/\/yody-phuonganh.vn\/index.php\/wp-json\/wp\/v2\/product_cat?post=2160"},{"taxonomy":"product_tag","embeddable":true,"href":"https:\/\/yody-phuonganh.vn\/index.php\/wp-json\/wp\/v2\/product_tag?post=2160"}],"curies":[{"name":"wp","href":"https:\/\/api.w.org\/{rel}","templated":true}]}}