{"id":2157,"date":"2023-06-29T19:57:02","date_gmt":"2023-06-29T12:57:02","guid":{"rendered":"https:\/\/yody-phuonganh.vn\/index.php\/san-pham\/cao-lanh-tai-sinh\/"},"modified":"2023-06-29T19:58:10","modified_gmt":"2023-06-29T12:58:10","slug":"cao-lanh-tai-sinh","status":"publish","type":"product","link":"https:\/\/yody-phuonganh.vn\/index.php\/san-pham\/cao-lanh-tai-sinh\/","title":{"rendered":"CAO L\u1ea0NH T\u00c1I SINH"},"content":{"rendered":"<p><img loading=\"lazy\" decoding=\"async\" class=\"wp-post-image\" title=\"cao-lanh-tai-sinh\" src=\"http:\/\/yody-phuonganh.vn\/wp-content\/uploads\/2023\/06\/CAO-LANH-TAI-SINH.jpg\" alt=\"\" width=\"600\" height=\"600\" data-caption=\"\" data-large_image=\"http:\/\/yody-phuonganh.vn\/wp-content\/uploads\/2023\/06\/CAO-LANH-TAI-SINH.jpg\" data-large_image_width=\"2560\" data-large_image_height=\"2560\" \/><br \/>\n<bdi>420.000 won<span class=\"woocommerce-Price-currencySymbol\">\u20ab<\/span><\/bdi><\/p>\n<div class=\"woocommerce-tabs wc-tabs-wrapper\">\n<div id=\"tab-description\" class=\"woocommerce-Tabs-panel woocommerce-Tabs-panel--description panel entry-content wc-tab\" role=\"tabpanel\" aria-labelledby=\"tab-title-description\"><\/div>\n<\/div>\n<h2>M\u00f4 t\u1ea3<\/h2>\n<h4><span data-sheets-value=\"{&quot;1&quot;:2,&quot;2&quot;:&quot;Th\u00e0nh ph\u1ea7n:\\nWater,sodium Polyacrylate &amp; C13-14 isoparaffin &amp; laureth 7,Allatoin,Phenoxyerthanol ( and) Ethyllhexylglycerin, Isopropyl Palmitate &amp; Lecithin&amp;Water &amp; Swertria Chirata Extract, Water &amp;argania Spinosa kernel Oil &amp; Lecithin &amp; Polyglyceryl -3 Diisostearate &amp; Glycerin Stearate,Ascorbic Acid.\\n\\nC\u00f4ng d\u1ee5ng:\\nGi\u00fap gda c\u0103ng b\u00f3ng m\u1ecbn m\u00e0ng, l\u00e0m m\u1edd v\u1ebft nh\u0103n b\u1eb1ng c\u00e1ch ph\u1ee5c h\u1ed3i l\u1edbp Lypo-lypid c\u1ee7a da v\u00e0 ch\u1ed1ng l\u1ea1i c\u00e1c g\u1ed1c t\u1ef1 do.\\nL\u00e0 m\u1ed9t s\u1ea3n ph\u1ea9m th\u1ea7n k\u1ef3 v\u00ec l\u1ee3i \u00edch nu\u00f4i d\u01b0\u1ee1ng da.T\u00e1i t\u1ea1o k\u00edch th\u00edch t\u0103ng sinh Keratinocytes \u0111\u1ec3 t\u1ef1 t\u00e1i t\u1ea1o l\u1edbp bi\u1ec3u b\u00ec m\u1ecfng v\u00e0 c\u1ea3i thi\u1ec7n v\u1ebb ngo\u00e0i nh\u0103n nheo c\u1ee7a da.\\nHi\u1ec7u qu\u1ea3 l\u00e0m m\u1edd c\u00e1c \u0111\u1ed1m n\u00e2u tr\u00ean da sau 30 ng\u00e0y.\\n\\nH\u01b0\u1edbng d\u1eabn s\u1eed d\u1ee5ng:\\nB\u01b0\u1edbc 1:L\u1ea5y m\u1ed9t l\u01b0\u1ee3ng s\u1ea3n ph\u1ea9m v\u1eeba \u0111\u1ee7 thoa l\u00ean m\u1eb7t.\\nB\u01b0\u1edbc 2:Massage da nh\u1eb9 nh\u00e0ng \u0111\u1ec3 s\u1ea3n ph\u1ea9m th\u1ea5m \u0111\u1ec1u v\u00e0o da.\\nB\u01b0\u1edbc 3:\u0110\u1ec3 s\u1ea3n ph\u1ea9m l\u01b0u ;\u1ea1i tr\u00ean da,kh\u00f4ng r\u1eeda tr\u00f4i.\\nS\u1eed d\u1ee5ng 2 l\u1ea7n\/ng\u00e0y v\u00e0o bu\u1ed5i s\u00e1ng v\u00e0 t\u1ed1i.C\u00f3 th\u1ec3 s\u1eed d\u1ee5ng nh\u01b0 m\u1eb7t n\u1ea1 ng\u1ee7.&quot;}\" data-sheets-userformat=\"{&quot;2&quot;:769,&quot;3&quot;:{&quot;1&quot;:0},&quot;11&quot;:4,&quot;12&quot;:0}\"><strong>1. Th\u00e0nh ph\u1ea7n:<\/strong><\/span><\/h4>\n<p><span data-sheets-value=\"{&quot;1&quot;:2,&quot;2&quot;:&quot;Th\u00e0nh ph\u1ea7n:\\nWater,sodium Polyacrylate &amp; C13-14 isoparaffin &amp; laureth 7,Allatoin,Phenoxyerthanol ( and) Ethyllhexylglycerin, Isopropyl Palmitate &amp; Lecithin&amp;Water &amp; Swertria Chirata Extract, Water &amp;argania Spinosa kernel Oil &amp; Lecithin &amp; Polyglyceryl -3 Diisostearate &amp; Glycerin Stearate,Ascorbic Acid.\\n\\nC\u00f4ng d\u1ee5ng:\\nGi\u00fap gda c\u0103ng b\u00f3ng m\u1ecbn m\u00e0ng, l\u00e0m m\u1edd v\u1ebft nh\u0103n b\u1eb1ng c\u00e1ch ph\u1ee5c h\u1ed3i l\u1edbp Lypo-lypid c\u1ee7a da v\u00e0 ch\u1ed1ng l\u1ea1i c\u00e1c g\u1ed1c t\u1ef1 do.\\nL\u00e0 m\u1ed9t s\u1ea3n ph\u1ea9m th\u1ea7n k\u1ef3 v\u00ec l\u1ee3i \u00edch nu\u00f4i d\u01b0\u1ee1ng da.T\u00e1i t\u1ea1o k\u00edch th\u00edch t\u0103ng sinh Keratinocytes \u0111\u1ec3 t\u1ef1 t\u00e1i t\u1ea1o l\u1edbp bi\u1ec3u b\u00ec m\u1ecfng v\u00e0 c\u1ea3i thi\u1ec7n v\u1ebb ngo\u00e0i nh\u0103n nheo c\u1ee7a da.\\nHi\u1ec7u qu\u1ea3 l\u00e0m m\u1edd c\u00e1c \u0111\u1ed1m n\u00e2u tr\u00ean da sau 30 ng\u00e0y.\\n\\nH\u01b0\u1edbng d\u1eabn s\u1eed d\u1ee5ng:\\nB\u01b0\u1edbc 1:L\u1ea5y m\u1ed9t l\u01b0\u1ee3ng s\u1ea3n ph\u1ea9m v\u1eeba \u0111\u1ee7 thoa l\u00ean m\u1eb7t.\\nB\u01b0\u1edbc 2:Massage da nh\u1eb9 nh\u00e0ng \u0111\u1ec3 s\u1ea3n ph\u1ea9m th\u1ea5m \u0111\u1ec1u v\u00e0o da.\\nB\u01b0\u1edbc 3:\u0110\u1ec3 s\u1ea3n ph\u1ea9m l\u01b0u ;\u1ea1i tr\u00ean da,kh\u00f4ng r\u1eeda tr\u00f4i.\\nS\u1eed d\u1ee5ng 2 l\u1ea7n\/ng\u00e0y v\u00e0o bu\u1ed5i s\u00e1ng v\u00e0 t\u1ed1i.C\u00f3 th\u1ec3 s\u1eed d\u1ee5ng nh\u01b0 m\u1eb7t n\u1ea1 ng\u1ee7.&quot;}\" data-sheets-userformat=\"{&quot;2&quot;:769,&quot;3&quot;:{&quot;1&quot;:0},&quot;11&quot;:4,&quot;12&quot;:0}\">N\u01b0\u1edbc, Natri Polyacrylate &amp; C13-14 Isoparaffin &amp; Laureth 7, Allatoin, Phenoxyerthanol (V\u00e0) Ethyllhexylglycerin, Isopropyl Palmitate &amp; Lecithin &amp; N\u01b0\u1edbc &amp; Chi\u1ebft xu\u1ea5t Swertria Chirata, N\u01b0\u1edbc &amp; D\u1ea7u h\u1ea1t Argania Spinosa &amp; Lecithin &amp; Polyglyceryl \u2013 3 Diisostearate &amp; Glycerinic Stearate, Axit .<\/span><\/p>\n<h4><strong>2. C\u00f4ng d\u1ee5ng:<\/strong><\/h4>\n<ul>\n<li>Gi\u00fap da c\u0103ng m\u1ecbn, l\u00e0m m\u1edd n\u1ebfp nh\u0103n b\u1eb1ng c\u00e1ch ph\u1ee5c h\u1ed3i l\u1edbp Lypo-Lipid c\u1ee7a da v\u00e0 ch\u1ed1ng l\u1ea1i c\u00e1c g\u1ed1c t\u1ef1 do.<\/li>\n<li>N\u00f3 l\u00e0 m\u1ed9t s\u1ea3n ph\u1ea9m k\u1ef3 di\u1ec7u v\u00ec l\u1ee3i \u00edch nu\u00f4i d\u01b0\u1ee1ng l\u00e0n da c\u1ee7a n\u00f3. T\u00e1i t\u1ea1o k\u00edch th\u00edch t\u0103ng sinh T\u1ebf b\u00e0o s\u1eebng \u0111\u1ec3 t\u1ef1 t\u00e1i t\u1ea1o l\u1edbp bi\u1ec3u b\u00ec m\u1ecfng v\u00e0 c\u1ea3i thi\u1ec7n t\u00ecnh tr\u1ea1ng nh\u0103n nheo tr\u00ean da.<\/li>\n<li>L\u00e0m m\u1edd c\u00e1c \u0111\u1ed1m n\u00e2u tr\u00ean da hi\u1ec7u qu\u1ea3 sau 30 ng\u00e0y.<\/li>\n<\/ul>\n<h4><strong>3. C\u00e1ch s\u1eed d\u1ee5ng:<\/strong><\/h4>\n<ul>\n<li>B\u01b0\u1edbc 1: L\u1ea5y m\u1ed9t l\u01b0\u1ee3ng s\u1ea3n ph\u1ea9m v\u1eeba \u0111\u1ee7 v\u00e0 thoa \u0111\u1ec1u l\u00ean m\u1eb7t.<\/li>\n<li>B\u01b0\u1edbc 2: Massage da nh\u1eb9 nh\u00e0ng \u0111\u1ec3 s\u1ea3n ph\u1ea9m th\u1ea9m th\u1ea5u v\u00e0o da.<\/li>\n<li>B\u01b0\u1edbc 3: \u0110\u1ec3 s\u1ea3n ph\u1ea9m l\u01b0u l\u1ea1i tr\u00ean da, kh\u00f4ng r\u1eeda s\u1ea1ch.<\/li>\n<\/ul>\n<p>S\u1eed d\u1ee5ng ng\u00e0y 2 l\u1ea7n v\u00e0o bu\u1ed5i s\u00e1ng v\u00e0 t\u1ed1i. C\u00f3 th\u1ec3 d\u00f9ng l\u00e0m m\u1eb7t n\u1ea1 ng\u1ee7.<\/p>\n<h4><strong>4. Ph\u00f9 h\u1ee3p:<\/strong><\/h4>\n<ul>\n<li>Da kh\u00f4, l\u00e3o h\u00f3a da, t\u0103ng s\u1eafc t\u1ed1, n\u00e1m da, s\u1eafc t\u1ed1 da kh\u00f4ng \u0111\u1ed3ng \u0111\u1ec1u.<\/li>\n<li>Th\u00edch h\u1ee3p cho da sau \u0111i\u1ec1u tr\u1ecb laser, da bong tr\u00f3c, l\u1ed9t t\u1ea9y, da nh\u1ea1y c\u1ea3m&#8230;<\/li>\n<\/ul>\n<h4><strong>5. B\u1ea3o qu\u1ea3n:<\/strong><\/h4>\n<p>Tr\u00e1nh \u00e1nh s\u00e1ng tr\u1ef1c ti\u1ebfp. B\u1ea3o qu\u1ea3n n\u01a1i tho\u00e1ng m\u00e1t, nhi\u1ec7t \u0111\u1ed9 d\u01b0\u1edbi 32 \u0111\u1ed9.<\/p>\n<p>&#8212;&#8212;&#8212;&#8212;&#8212;&#8212;&#8212;&#8212;&#8212;<\/p>\n<p><span style=\"color: #ff0000;\"><strong>TH\u00d4NG TIN LI\u00caN H\u1ec6:<\/strong><\/span><br \/>\n<span style=\"color: #ff0000;\"><strong>QU\u00dd KH\u00c1CH G\u1eecI \u1ea2NH CH\u1ee4P DA QUA ZALO NH\u01af T\u01af V\u1ea4N CHO M\u00ccNH NH\u00c9<\/strong><\/span><br \/>\n<span style=\"color: #ff0000;\"><strong>ZALO <a href=\"https:\/\/zalo.me\/0778790095\">0778790095- Hotline: 0974670571<\/a><\/strong><\/span><br \/>\n<strong><span style=\"color: #ff0000;\">41\/50\/6 Nguy\u1ec5n Oanh, P10, G\u00f2 V\u1ea5p, TP.HCM<\/span><\/strong><\/p>\n","protected":false},"excerpt":{"rendered":"<p>420.000 won\u20ab M\u00f4 t\u1ea3 1. Th\u00e0nh ph\u1ea7n: N\u01b0\u1edbc, Natri Polyacrylate &amp; C13-14 Isoparaffin &amp; Laureth 7, Allatoin, Phenoxyerthanol (V\u00e0) Ethyllhexylglycerin, Isopropyl Palmitate &amp; Lecithin &amp; N\u01b0\u1edbc &amp; Chi\u1ebft xu\u1ea5t Swertria Chirata, N\u01b0\u1edbc &amp; D\u1ea7u h\u1ea1t Argania Spinosa &amp; Lecithin &amp; Polyglyceryl \u2013 3 Diisostearate &amp; Glycerinic Stearate, Axit . 2. C\u00f4ng d\u1ee5ng: Gi\u00fap da c\u0103ng [&hellip;]<\/p>\n","protected":false},"featured_media":2158,"comment_status":"open","ping_status":"closed","template":"","meta":{"_gspb_post_css":""},"store":[],"product_cat":[23,66,57],"product_tag":[],"_links":{"self":[{"href":"https:\/\/yody-phuonganh.vn\/index.php\/wp-json\/wp\/v2\/product\/2157"}],"collection":[{"href":"https:\/\/yody-phuonganh.vn\/index.php\/wp-json\/wp\/v2\/product"}],"about":[{"href":"https:\/\/yody-phuonganh.vn\/index.php\/wp-json\/wp\/v2\/types\/product"}],"replies":[{"embeddable":true,"href":"https:\/\/yody-phuonganh.vn\/index.php\/wp-json\/wp\/v2\/comments?post=2157"}],"wp:featuredmedia":[{"embeddable":true,"href":"https:\/\/yody-phuonganh.vn\/index.php\/wp-json\/wp\/v2\/media\/2158"}],"wp:attachment":[{"href":"https:\/\/yody-phuonganh.vn\/index.php\/wp-json\/wp\/v2\/media?parent=2157"}],"wp:term":[{"taxonomy":"store","embeddable":true,"href":"https:\/\/yody-phuonganh.vn\/index.php\/wp-json\/wp\/v2\/store?post=2157"},{"taxonomy":"product_cat","embeddable":true,"href":"https:\/\/yody-phuonganh.vn\/index.php\/wp-json\/wp\/v2\/product_cat?post=2157"},{"taxonomy":"product_tag","embeddable":true,"href":"https:\/\/yody-phuonganh.vn\/index.php\/wp-json\/wp\/v2\/product_tag?post=2157"}],"curies":[{"name":"wp","href":"https:\/\/api.w.org\/{rel}","templated":true}]}}