{"id":2153,"date":"2023-06-29T19:53:10","date_gmt":"2023-06-29T12:53:10","guid":{"rendered":"https:\/\/yody-phuonganh.vn\/index.php\/san-pham\/vien-uong-sang-da-dao-thai-nam\/"},"modified":"2023-06-29T19:54:14","modified_gmt":"2023-06-29T12:54:14","slug":"vien-uong-sang-da-dao-thai-nam","status":"publish","type":"product","link":"https:\/\/yody-phuonganh.vn\/index.php\/san-pham\/vien-uong-sang-da-dao-thai-nam\/","title":{"rendered":"VI\u00caN U\u1ed0NG S\u00c1NG DA \u0110\u00c0O TH\u1ea2I N\u00c1M"},"content":{"rendered":"<p><img loading=\"lazy\" decoding=\"async\" class=\"wp-post-image\" title=\"vien-sang-da\" src=\"http:\/\/yody-phuonganh.vn\/wp-content\/uploads\/2023\/06\/VIEN-UONG-SANG-DA-DAO-THAI-NAM.jpg\" alt=\"\" width=\"600\" height=\"600\" data-caption=\"\" data-large_image=\"http:\/\/yody-phuonganh.vn\/wp-content\/uploads\/2023\/06\/VIEN-UONG-SANG-DA-DAO-THAI-NAM.jpg\" data-large_image_width=\"2560\" data-large_image_height=\"2560\" \/><br \/>\n<bdi>500.000 won<span class=\"woocommerce-Price-currencySymbol\">\u20ab<\/span><\/bdi><\/p>\n<h2>M\u00f4 t\u1ea3<\/h2>\n<h4><strong>1. Th\u00e0nh ph\u1ea7n:<\/strong><\/h4>\n<p>Trong m\u1ed7i vi\u00ean ch\u1ee9a: L-Glutathione Reduced, Collagen peptide, chi\u1ebft xu\u1ea5t kh\u00f4 t\u1eeb h\u1ed7n h\u1ee3p nh\u00e2n s\u00e2m (Salvia miltiorrhiza); tr\u1ea7m h\u01b0\u01a1ng (Cyperus rotundus); Nh\u00e2n s\u00e2m (Codonopsis pilosula), Chi\u1ebft xu\u1ea5t h\u1ea1t c\u00e0 ri, Chi\u1ebft xu\u1ea5t r\u1ec5 Maca, Axit hyaluronic, Vitamin E, B\u1ed9t Acetate 50% CWS, Chi\u1ebft xu\u1ea5t l\u00f4 h\u1ed9i, Chi\u1ebft xu\u1ea5t d\u01b0\u01a1ng x\u1ec9. Ph\u1ee5 li\u1ec7u: V\u1ecf nang gelatin, ch\u1ea5t ch\u1ed1ng \u0111\u00f3ng v\u00f3n Talc, Magnesi stearat, Canxi cacbonat, ch\u1ea5t b\u1ea3o qu\u1ea3n Natri benzoat. Kh\u1ed1i l\u01b0\u1ee3ng trung b\u00ecnh vi\u00ean 600mg \u00b1 7,5% (k\u1ec3 c\u1ea3 v\u1ecf nang).<\/p>\n<h4><strong>2. C\u00f4ng d\u1ee5ng:<\/strong><\/h4>\n<ul>\n<li>Gi\u00fap t\u0103ng c\u01b0\u1eddng \u0111\u1ed9 \u1ea9m, t\u0103ng \u0111\u1ed9 \u0111\u00e0n h\u1ed3i cho da, l\u00e0m s\u00e1ng da.<\/li>\n<li>Gi\u00fap gi\u1ea3m c\u00e1c tri\u1ec7u ch\u1ee9ng kh\u00f4 da, n\u1ebfp nh\u0103n, v\u1ebft n\u00e1m tr\u00ean da.<\/li>\n<\/ul>\n<h4><strong>3. C\u00e1ch s\u1eed d\u1ee5ng:<\/strong><\/h4>\n<p>Ph\u1ee5 n\u1eef tr\u01b0\u1edfng th\u00e0nh: Ng\u00e0y 3 l\u1ea7n, m\u1ed7i l\u1ea7n 1 vi\u00ean, sau \u0103n 30 ph\u00fat.<\/p>\n<h4><strong>4. \u0110\u1ed1i t\u01b0\u1ee3ng s\u1eed d\u1ee5ng:<\/strong><\/h4>\n<p>Ph\u1ee5 n\u1eef tr\u01b0\u1edfng th\u00e0nh mu\u1ed1n c\u00f3 l\u00e0n da s\u00e1ng, \u0111\u1eb9p da. Ph\u1ee5 n\u1eef tr\u01b0\u1edfng th\u00e0nh b\u1ecb kh\u00f4 da, nh\u0103n nheo, n\u00e1m.<\/p>\n<h4><strong>5. Ch\u00fa \u00fd:<\/strong><\/h4>\n<p>Kh\u00f4ng d\u00f9ng cho ng\u01b0\u1eddi m\u1eabn c\u1ea3m ho\u1eb7c ki\u00eang k\u1ef5 v\u1edbi b\u1ea5t k\u1ef3 th\u00e0nh ph\u1ea7n n\u00e0o c\u1ee7a s\u1ea3n ph\u1ea9m. Kh\u00f4ng d\u00f9ng cho ng\u01b0\u1eddi t\u1ef3 v\u1ecb h\u01b0 h\u00e0n, ng\u01b0\u1eddi b\u1ecb ti\u00eau ch\u1ea3y, ph\u1ee5 n\u1eef c\u00f3 thai. Nh\u1eefng ng\u01b0\u1eddi d\u00f9ng thu\u1ed1c n\u00ean tham kh\u1ea3o \u00fd ki\u1ebfn \u200b\u200b\u200b\u200bchuy\u00ean gia y t\u1ebf tr\u01b0\u1edbc khi d\u00f9ng.<\/p>\n<p><strong><em>L\u01b0u \u00fd: Th\u1ef1c ph\u1ea9m n\u00e0y kh\u00f4ng ph\u1ea3i l\u00e0 thu\u1ed1c, kh\u00f4ng d\u00f9ng thay th\u1ebf thu\u1ed1c ch\u1eefa b\u1ec7nh.<\/em><\/strong><\/p>\n<h4><strong>6. B\u1ea3o qu\u1ea3n:<\/strong><\/h4>\n<p>B\u1ea3o qu\u1ea3n n\u01a1i kh\u00f4 m\u00e1t, tr\u00e1nh \u00e1nh n\u1eafng tr\u1ef1c ti\u1ebfp, nhi\u1ec7t \u0111\u1ed9 kh\u00f4ng qu\u00e1 30\u00b0C. Tr\u00e1nh xa t\u1ea7m tay tr\u1ebb em.<\/p>\n<p>&#8212;&#8212;&#8212;&#8212;&#8212;&#8212;&#8212;&#8212;&#8212;-<\/p>\n<p><span style=\"color: #ff0000;\"><strong>TH\u00d4NG TIN LI\u00caN H\u1ec6:<\/strong><\/span><br \/>\n<span style=\"color: #ff0000;\"><strong>QU\u00dd KH\u00c1CH G\u1eecI \u1ea2NH CH\u1ee4P DA QUA ZALO NH\u01af T\u01af V\u1ea4N CHO M\u00ccNH NH\u00c9<\/strong><\/span><br \/>\n<span style=\"color: #ff0000;\"><strong>ZALO <a href=\"https:\/\/zalo.me\/0778790095\">0778790095- Hotline: 0974670571<\/a><\/strong><\/span><br \/>\n<strong><span style=\"color: #ff0000;\">41\/50\/6 Nguy\u1ec5n Oanh, P10, G\u00f2 V\u1ea5p, TP.HCM<\/span><\/strong><\/p>\n","protected":false},"excerpt":{"rendered":"<p>500.000 won\u20ab M\u00f4 t\u1ea3 1. Th\u00e0nh ph\u1ea7n: Trong m\u1ed7i vi\u00ean ch\u1ee9a: L-Glutathione Reduced, Collagen peptide, chi\u1ebft xu\u1ea5t kh\u00f4 t\u1eeb h\u1ed7n h\u1ee3p nh\u00e2n s\u00e2m (Salvia miltiorrhiza); tr\u1ea7m h\u01b0\u01a1ng (Cyperus rotundus); Nh\u00e2n s\u00e2m (Codonopsis pilosula), Chi\u1ebft xu\u1ea5t h\u1ea1t c\u00e0 ri, Chi\u1ebft xu\u1ea5t r\u1ec5 Maca, Axit hyaluronic, Vitamin E, B\u1ed9t Acetate 50% CWS, Chi\u1ebft xu\u1ea5t l\u00f4 h\u1ed9i, Chi\u1ebft [&hellip;]<\/p>\n","protected":false},"featured_media":2154,"comment_status":"open","ping_status":"closed","template":"","meta":{"_gspb_post_css":""},"store":[],"product_cat":[23,66,96],"product_tag":[],"_links":{"self":[{"href":"https:\/\/yody-phuonganh.vn\/index.php\/wp-json\/wp\/v2\/product\/2153"}],"collection":[{"href":"https:\/\/yody-phuonganh.vn\/index.php\/wp-json\/wp\/v2\/product"}],"about":[{"href":"https:\/\/yody-phuonganh.vn\/index.php\/wp-json\/wp\/v2\/types\/product"}],"replies":[{"embeddable":true,"href":"https:\/\/yody-phuonganh.vn\/index.php\/wp-json\/wp\/v2\/comments?post=2153"}],"wp:featuredmedia":[{"embeddable":true,"href":"https:\/\/yody-phuonganh.vn\/index.php\/wp-json\/wp\/v2\/media\/2154"}],"wp:attachment":[{"href":"https:\/\/yody-phuonganh.vn\/index.php\/wp-json\/wp\/v2\/media?parent=2153"}],"wp:term":[{"taxonomy":"store","embeddable":true,"href":"https:\/\/yody-phuonganh.vn\/index.php\/wp-json\/wp\/v2\/store?post=2153"},{"taxonomy":"product_cat","embeddable":true,"href":"https:\/\/yody-phuonganh.vn\/index.php\/wp-json\/wp\/v2\/product_cat?post=2153"},{"taxonomy":"product_tag","embeddable":true,"href":"https:\/\/yody-phuonganh.vn\/index.php\/wp-json\/wp\/v2\/product_tag?post=2153"}],"curies":[{"name":"wp","href":"https:\/\/api.w.org\/{rel}","templated":true}]}}