{"id":2150,"date":"2023-06-29T19:51:15","date_gmt":"2023-06-29T12:51:15","guid":{"rendered":"https:\/\/yody-phuonganh.vn\/index.php\/san-pham\/u-trang-body\/"},"modified":"2023-06-29T19:52:30","modified_gmt":"2023-06-29T12:52:30","slug":"u-trang-body","status":"publish","type":"product","link":"https:\/\/yody-phuonganh.vn\/index.php\/san-pham\/u-trang-body\/","title":{"rendered":"\u1ee6 TR\u1eaeNG BODY"},"content":{"rendered":"<p><img loading=\"lazy\" decoding=\"async\" class=\"wp-post-image\" title=\"u-trang-body-2\" src=\"http:\/\/yody-phuonganh.vn\/wp-content\/uploads\/2023\/06\/U-TRANG-BODY.jpg\" alt=\"\" width=\"600\" height=\"600\" data-caption=\"\" data-large_image=\"http:\/\/yody-phuonganh.vn\/wp-content\/uploads\/2023\/06\/U-TRANG-BODY.jpg\" data-large_image_width=\"2560\" data-large_image_height=\"2560\" \/><br \/>\n<bdi>250.000 won<span class=\"woocommerce-Price-currencySymbol\">\u20ab<\/span><\/bdi><\/p>\n<h2>M\u00f4 t\u1ea3<\/h2>\n<h4><strong>1. Th\u00e0nh ph\u1ea7n:<\/strong><\/h4>\n<p>N\u01b0\u1edbc, Hydroxyethyl Acrylafe\/Sodium Acryloyldimefhyl Taurgle Copolymer, Hydro-gented Polydecene, Polysorbefe 80, Paraffi-num Liquidum, Triethoxycaprylykilone, Titonium Dioxide 8,0%, Aluminium Hydroxide, Isopropyl Myrisiate, Glycerin, Niacinamide, Glyceryl Acrylate\/Acrylic. Propyene Glycol, Tocopheryl Acetate,Alpha-Arbulin, Parfum, Phenoxyefhanol 0,5%.<\/p>\n<h4><strong>2. C\u00f4ng d\u1ee5ng:<\/strong><\/h4>\n<ul>\n<li>L\u00e0m tr\u1eafng s\u00e1ng to\u00e0n th\u00e2n, ph\u00e2n h\u1ee7y s\u1eafc t\u1ed1 melanin d\u01b0\u1edbi l\u1edbp h\u1ea1 b\u00ec.<\/li>\n<li>L\u00e0m m\u1edd v\u1ebft n\u00e1m, t\u0103ng sinh collagen, x\u00f3a n\u1ebfp nh\u0103n.<\/li>\n<li>T\u1ea9y t\u1ebf b\u00e0o ch\u1ebft tr\u00ean b\u1ec1 m\u1eb7t da, gi\u00fap kem th\u1ea9m th\u1ea5u g\u1ea5p 2 l\u1ea7n.<\/li>\n<\/ul>\n<h4><strong>3. C\u00e1ch s\u1eed d\u1ee5ng:<\/strong><\/h4>\n<ul>\n<li>L\u00e0m \u01b0\u1edbt c\u01a1 th\u1ec3, l\u1ea5y m\u1ed9t l\u01b0\u1ee3ng \u1ee6 Tr\u1eafng v\u1eeba ph\u1ea3i, massage nh\u1eb9 nh\u00e0ng to\u00e0n th\u00e2n 10-15 ph\u00fat, t\u1eafm l\u1ea1i b\u1eb1ng n\u01b0\u1edbc s\u1ea1ch.<\/li>\n<li>S\u1eed d\u1ee5ng 2-3 l\u1ea7n m\u1ed9t tu\u1ea7n.<\/li>\n<\/ul>\n<h4><strong>4. K\u00edch \u1ee9ng da:<\/strong><\/h4>\n<p>Kh\u00f4ng \u0111\u00e1ng k\u1ec3.<\/p>\n<h4><strong>5. B\u1ea3o qu\u1ea3n:<\/strong><\/h4>\n<p>N\u01a1i kh\u00f4 r\u00e1o, tho\u00e1ng m\u00e1t. Tr\u00e1nh \u00e1nh n\u1eafng tr\u1ef1c ti\u1ebfp, \u0111\u1ec3 xa t\u1ea7m tay tr\u1ebb em.<\/p>\n<hr \/>\n<div class=\"woocommerce-tabs wc-tabs-wrapper\">\n<p>&nbsp;<\/p>\n<\/div>\n<p><span style=\"color: #ff0000;\"><strong>TH\u00d4NG TIN LI\u00caN H\u1ec6:<\/strong><\/span><br \/>\n<span style=\"color: #ff0000;\"><strong>QU\u00dd KH\u00c1CH G\u1eecI \u1ea2NH CH\u1ee4P DA QUA ZALO NH\u01af T\u01af V\u1ea4N CHO M\u00ccNH NH\u00c9<\/strong><\/span><br \/>\n<span style=\"color: #ff0000;\"><strong>ZALO <a href=\"https:\/\/zalo.me\/0778790095\">0778790095- Hotline: 0974670571<\/a><\/strong><\/span><br \/>\n<strong><span style=\"color: #ff0000;\">41\/50\/6 Nguy\u1ec5n Oanh, P10, G\u00f2 V\u1ea5p, TP.HCM<\/span><\/strong><\/p>\n","protected":false},"excerpt":{"rendered":"<p>250.000 won\u20ab M\u00f4 t\u1ea3 1. Th\u00e0nh ph\u1ea7n: N\u01b0\u1edbc, Hydroxyethyl Acrylafe\/Sodium Acryloyldimefhyl Taurgle Copolymer, Hydro-gented Polydecene, Polysorbefe 80, Paraffi-num Liquidum, Triethoxycaprylykilone, Titonium Dioxide 8,0%, Aluminium Hydroxide, Isopropyl Myrisiate, Glycerin, Niacinamide, Glyceryl Acrylate\/Acrylic. Propyene Glycol, Tocopheryl Acetate,Alpha-Arbulin, Parfum, Phenoxyefhanol 0,5%. 2. C\u00f4ng d\u1ee5ng: L\u00e0m tr\u1eafng s\u00e1ng to\u00e0n th\u00e2n, ph\u00e2n h\u1ee7y s\u1eafc t\u1ed1 melanin d\u01b0\u1edbi l\u1edbp h\u1ea1 b\u00ec. [&hellip;]<\/p>\n","protected":false},"featured_media":2151,"comment_status":"open","ping_status":"closed","template":"","meta":{"_gspb_post_css":""},"store":[],"product_cat":[23,66,57],"product_tag":[],"_links":{"self":[{"href":"https:\/\/yody-phuonganh.vn\/index.php\/wp-json\/wp\/v2\/product\/2150"}],"collection":[{"href":"https:\/\/yody-phuonganh.vn\/index.php\/wp-json\/wp\/v2\/product"}],"about":[{"href":"https:\/\/yody-phuonganh.vn\/index.php\/wp-json\/wp\/v2\/types\/product"}],"replies":[{"embeddable":true,"href":"https:\/\/yody-phuonganh.vn\/index.php\/wp-json\/wp\/v2\/comments?post=2150"}],"wp:featuredmedia":[{"embeddable":true,"href":"https:\/\/yody-phuonganh.vn\/index.php\/wp-json\/wp\/v2\/media\/2151"}],"wp:attachment":[{"href":"https:\/\/yody-phuonganh.vn\/index.php\/wp-json\/wp\/v2\/media?parent=2150"}],"wp:term":[{"taxonomy":"store","embeddable":true,"href":"https:\/\/yody-phuonganh.vn\/index.php\/wp-json\/wp\/v2\/store?post=2150"},{"taxonomy":"product_cat","embeddable":true,"href":"https:\/\/yody-phuonganh.vn\/index.php\/wp-json\/wp\/v2\/product_cat?post=2150"},{"taxonomy":"product_tag","embeddable":true,"href":"https:\/\/yody-phuonganh.vn\/index.php\/wp-json\/wp\/v2\/product_tag?post=2150"}],"curies":[{"name":"wp","href":"https:\/\/api.w.org\/{rel}","templated":true}]}}