{"id":2144,"date":"2023-06-29T19:48:12","date_gmt":"2023-06-29T12:48:12","guid":{"rendered":"https:\/\/yody-phuonganh.vn\/index.php\/san-pham\/tinh-chat-phuc-hoi-moi\/"},"modified":"2023-06-29T19:49:44","modified_gmt":"2023-06-29T12:49:44","slug":"tinh-chat-phuc-hoi-moi","status":"publish","type":"product","link":"https:\/\/yody-phuonganh.vn\/index.php\/san-pham\/tinh-chat-phuc-hoi-moi\/","title":{"rendered":"TINH CH\u1ea4T PH\u1ee4C H\u1ed2I M\u00d4I"},"content":{"rendered":"<p><img loading=\"lazy\" decoding=\"async\" class=\"wp-post-image\" title=\"tc-m\u00f4i\" src=\"http:\/\/yody-phuonganh.vn\/wp-content\/uploads\/2023\/06\/TINH-CHAT-PHUC-HOI-MOI.jpg\" alt=\"\" width=\"600\" height=\"600\" data-caption=\"\" data-large_image=\"http:\/\/yody-phuonganh.vn\/wp-content\/uploads\/2023\/06\/TINH-CHAT-PHUC-HOI-MOI.jpg\" data-large_image_width=\"2560\" data-large_image_height=\"2560\" \/><br \/>\n<bdi>350.000 won<span class=\"woocommerce-Price-currencySymbol\">\u20ab<\/span><\/bdi><\/p>\n<h2>M\u00f4 t\u1ea3<\/h2>\n<h4><strong>1. Th\u00e0nh ph\u1ea7n:<\/strong><\/h4>\n<p>N\u1ee5 t\u1ea7m xu\u00e2n, Chi\u1ebft xu\u1ea5t \u1ed1c s\u00ean, Peptide, EHGD.<\/p>\n<h4><strong>2. C\u00f4ng d\u1ee5ng:<\/strong><\/h4>\n<ul>\n<li>Cung c\u1ea5p v\u00e0 duy tr\u00ec \u0111\u1ed9 \u1ea9m, h\u1ed7 tr\u1ee3 t\u0103ng sinh collagen, c\u1ea3i thi\u1ec7n \u0111\u1ed9 \u0111\u00e0n h\u1ed3i v\u00e0 s\u0103n ch\u1eafc cho da.<\/li>\n<li>Ch\u1ee9a vitamin A, vitamin C v\u00e0 Beta-caroten gi\u00fap nu\u00f4i d\u01b0\u1ee1ng v\u00e0 t\u00e1i t\u1ea1o l\u1edbp bi\u1ec3u b\u00ec, gi\u1ea3m t\u00ecnh tr\u1ea1ng kh\u00f4 n\u1ee9t, mang l\u1ea1i l\u00e0n da t\u01b0\u01a1i s\u00e1ng, m\u1ecbn m\u00e0ng.<\/li>\n<li>Gi\u1ea3m th\u00e2m n\u00e1m, c\u1ea3i thi\u1ec7n n\u1ebfp nh\u0103n, v\u1ebft s\u1eb9o v\u00e0 v\u1ebft r\u1ea1n da.<\/li>\n<li>B\u1ea3o v\u1ec7 da kh\u1ecfi c\u00e1c t\u00e1c nh\u00e2n g\u00e2y h\u1ea1i t\u1eeb m\u00f4i tr\u01b0\u1eddng gi\u00fap l\u00e0m ch\u1eadm qu\u00e1 tr\u00ecnh l\u00e3o h\u00f3a.<\/li>\n<li>T\u00e1i t\u1ea1o c\u1ea5u tr\u00fac, ph\u1ee5c h\u1ed3i l\u00e0n da t\u01b0\u01a1i tr\u1ebb kh\u00f4ng tu\u1ed5i.<\/li>\n<\/ul>\n<h4><strong>3. H\u01b0\u1edbng d\u1eabn s\u1eed d\u1ee5ng:<\/strong><\/h4>\n<ul>\n<li>Sau khi r\u1eeda m\u1eb7t s\u1ea1ch, nh\u1ecf 1-2 gi\u1ecdt tinh ch\u1ea5t v\u00e0o l\u00f2ng b\u00e0n tay sau \u0111\u00f3 v\u1ed7 nh\u1eb9 l\u00ean m\u1eb7t \u0111\u1ec3 tinh ch\u1ea5t th\u1ea9m th\u1ea5u ho\u00e0n to\u00e0n.<\/li>\n<li>C\u00f3 th\u1ec3 d\u00f9ng nh\u01b0 b\u01b0\u1edbc d\u01b0\u1ee1ng da tr\u01b0\u1edbc khi trang \u0111i\u1ec3m ho\u1eb7c d\u00f9ng ban ng\u00e0y cho da qu\u00e1 kh\u00f4, nh\u1ea1y c\u1ea3m v\u1edbi kh\u00ed h\u1eadu, th\u1eddi ti\u1ebft.<\/li>\n<\/ul>\n<h4><strong>4. B\u1ea3o qu\u1ea3n:<\/strong><\/h4>\n<ul>\n<li>N\u01a1i kh\u00f4 r\u00e1o tho\u00e1ng m\u00e1t.<\/li>\n<li>Tr\u00e1nh \u00e1nh n\u1eafng tr\u1ef1c ti\u1ebfp, nhi\u1ec7t \u0111\u1ed9 cao ho\u1eb7c \u0111\u1ed9 \u1ea9m.<\/li>\n<li>\u0110\u00f3ng ch\u1eb7t n\u1eafp sau khi s\u1eed d\u1ee5ng. N\u00ean s\u1eed d\u1ee5ng trong v\u00f2ng 3-6 th\u00e1ng sau khi m\u1edf.<\/li>\n<\/ul>\n<h4><strong>5. Th\u00f4ng tin c\u1ea3nh b\u00e1o:<\/strong><\/h4>\n<ul>\n<li>\u0110\u1ecdc k\u1ef9 h\u01b0\u1edbng d\u1eabn tr\u01b0\u1edbc khi d\u00f9ng, kh\u00f4ng d\u00f9ng cho tr\u01b0\u1eddng h\u1ee3p m\u1eabn c\u1ea3m v\u1edbi th\u00e0nh ph\u1ea7n s\u1ea3n ph\u1ea9m.<\/li>\n<li>Kh\u00f4ng s\u1eed d\u1ee5ng s\u1ea3n ph\u1ea9m khi ch\u01b0a l\u00e0m s\u1ea1ch da m\u1eb7t.<\/li>\n<\/ul>\n<p>&#8212;&#8212;&#8212;&#8212;&#8212;&#8212;&#8212;&#8212;-<\/p>\n<p><span style=\"color: #ff0000;\"><strong>TH\u00d4NG TIN LI\u00caN H\u1ec6:<\/strong><\/span><br \/>\n<span style=\"color: #ff0000;\"><strong>QU\u00dd KH\u00c1CH G\u1eecI \u1ea2NH CH\u1ee4P DA QUA ZALO NH\u01af T\u01af V\u1ea4N CHO M\u00ccNH NH\u00c9<\/strong><\/span><br \/>\n<span style=\"color: #ff0000;\"><strong>ZALO <a href=\"https:\/\/zalo.me\/0778790095\">0778790095- Hotline: 0974670571<\/a><\/strong><\/span><br \/>\n<strong><span style=\"color: #ff0000;\">41\/50\/6 Nguy\u1ec5n Oanh, P10, G\u00f2 V\u1ea5p, TP.HCM<\/span><\/strong><\/p>\n","protected":false},"excerpt":{"rendered":"<p>350.000 won\u20ab M\u00f4 t\u1ea3 1. Th\u00e0nh ph\u1ea7n: N\u1ee5 t\u1ea7m xu\u00e2n, Chi\u1ebft xu\u1ea5t \u1ed1c s\u00ean, Peptide, EHGD. 2. C\u00f4ng d\u1ee5ng: Cung c\u1ea5p v\u00e0 duy tr\u00ec \u0111\u1ed9 \u1ea9m, h\u1ed7 tr\u1ee3 t\u0103ng sinh collagen, c\u1ea3i thi\u1ec7n \u0111\u1ed9 \u0111\u00e0n h\u1ed3i v\u00e0 s\u0103n ch\u1eafc cho da. Ch\u1ee9a vitamin A, vitamin C v\u00e0 Beta-caroten gi\u00fap nu\u00f4i d\u01b0\u1ee1ng v\u00e0 t\u00e1i t\u1ea1o l\u1edbp [&hellip;]<\/p>\n","protected":false},"featured_media":2145,"comment_status":"open","ping_status":"closed","template":"","meta":{"_gspb_post_css":""},"store":[],"product_cat":[23,66,99],"product_tag":[],"_links":{"self":[{"href":"https:\/\/yody-phuonganh.vn\/index.php\/wp-json\/wp\/v2\/product\/2144"}],"collection":[{"href":"https:\/\/yody-phuonganh.vn\/index.php\/wp-json\/wp\/v2\/product"}],"about":[{"href":"https:\/\/yody-phuonganh.vn\/index.php\/wp-json\/wp\/v2\/types\/product"}],"replies":[{"embeddable":true,"href":"https:\/\/yody-phuonganh.vn\/index.php\/wp-json\/wp\/v2\/comments?post=2144"}],"wp:featuredmedia":[{"embeddable":true,"href":"https:\/\/yody-phuonganh.vn\/index.php\/wp-json\/wp\/v2\/media\/2145"}],"wp:attachment":[{"href":"https:\/\/yody-phuonganh.vn\/index.php\/wp-json\/wp\/v2\/media?parent=2144"}],"wp:term":[{"taxonomy":"store","embeddable":true,"href":"https:\/\/yody-phuonganh.vn\/index.php\/wp-json\/wp\/v2\/store?post=2144"},{"taxonomy":"product_cat","embeddable":true,"href":"https:\/\/yody-phuonganh.vn\/index.php\/wp-json\/wp\/v2\/product_cat?post=2144"},{"taxonomy":"product_tag","embeddable":true,"href":"https:\/\/yody-phuonganh.vn\/index.php\/wp-json\/wp\/v2\/product_tag?post=2144"}],"curies":[{"name":"wp","href":"https:\/\/api.w.org\/{rel}","templated":true}]}}