{"id":2137,"date":"2023-06-29T19:45:12","date_gmt":"2023-06-29T12:45:12","guid":{"rendered":"https:\/\/yody-phuonganh.vn\/index.php\/san-pham\/thao-duoc-thai-doc-thai-mo\/"},"modified":"2023-06-29T19:46:21","modified_gmt":"2023-06-29T12:46:21","slug":"thao-duoc-thai-doc-thai-mo","status":"publish","type":"product","link":"https:\/\/yody-phuonganh.vn\/index.php\/san-pham\/thao-duoc-thai-doc-thai-mo\/","title":{"rendered":"TH\u1ea2O D\u01af\u1ee2C TH\u1ea2I \u0110\u1ed8C \u2013 TH\u1ea2I M\u1ee0"},"content":{"rendered":"<p><img loading=\"lazy\" decoding=\"async\" class=\"wp-post-image\" title=\"tra-thai-d\u1ed9c\" src=\"http:\/\/yody-phuonganh.vn\/wp-content\/uploads\/2023\/06\/THAO-DUOC-THAI-DOC-\u2013-THAI-MO.jpg\" alt=\"\" width=\"600\" height=\"600\" data-caption=\"\" data-large_image=\"http:\/\/yody-phuonganh.vn\/wp-content\/uploads\/2023\/06\/THAO-DUOC-THAI-DOC-\u2013-THAI-MO.jpg\" data-large_image_width=\"2560\" data-large_image_height=\"2560\" \/><br \/>\n<bdi>350.000 won<span class=\"woocommerce-Price-currencySymbol\">\u20ab<\/span><\/bdi><\/p>\n<div class=\"woocommerce-tabs wc-tabs-wrapper\"><\/div>\n<h2>M\u00f4 t\u1ea3<\/h2>\n<h4><span data-sheets-value=\"{&quot;1&quot;:2,&quot;2&quot;:&quot;Th\u00e0nh Ph\u1ea7n:\\nTam th\u1ea5t, linh chi v\u00e0ng, chi\u1ebft xu\u1ea5t l\u00e1 sen, kh\u1ed5 qua, gi\u1ea3o c\u1ed5 lam\\n\\nC\u00f4ng D\u1ee5ng:\\n- H\u1ed7 tr\u1ee3 gi\u1ea3m c\u00e2n, \u0111\u1ed1t ch\u00e1y m\u1ee1 th\u1eeba v\u00e0 ng\u0103n ng\u1eeba m\u1ee1 n\u1ed9i t\u1ea1ng.\\n- Gi\u00fap \u0111\u00e0o th\u1ea3i \u0111\u1ed9c t\u1ed1, thanh l\u1ecdc c\u1eb7n b\u1ea3 t\u00edch t\u1ee5 l\u00e2u ng\u00e0y, \u0111i\u1ec1u h\u00f2a huy\u1ebft \u00e1p.\\n- H\u1ed7 tr\u1ee3 l\u00e0m s\u1ea1ch \u0111\u01b0\u1eddng ru\u1ed9t, k\u00edch th\u01b0\u1edbc ti\u00eau h\u00f3a. Gi\u00fap b\u1ed5 sung ch\u1ea5t x\u01a1, nhu\u1eadn tr\u00e0ng.\\n- Thanh nhi\u1ec7t, l\u1ee3i \u0111\u1ea1i ti\u1ec3u.\\n- Gi\u00fap h\u1ea1 m\u1ee1 m\u00e1u, gi\u1ea3m cholesterol v\u00e0 axit b\u00e9o, ng\u0103n ng\u1eeba x\u01a1 v\u1eefa m\u1ea1ch m\u00e1u.\\n- Tr\u00e1nh h\u1ea1 huy\u1ebft \u00e1p, b\u1ea3o v\u1ec7 t\u1ebf b\u00e0o gan, h\u1ea1 m\u1ee1 m\u00e1u.\\n- Ch\u1ed1ng oxy h\u00f3a t\u1eeb \u0111\u00f3 gi\u00fap \u0111\u1ea9y ch\u1eadm qu\u00e1 tr\u00ecnh l\u00e3o h\u00f3a, da kh\u1ecfe, \u0111\u1eb9p h\u01a1n.\\n- Trong d\u1ecbch chi\u1ebfc r\u1ec5 tam th\u1ea5t, m\u1ed9t ph\u1ea7n h\u1ed7 tr\u1ee3 c\u1ea3i thi\u1ec7n kh\u1ea3 n\u0103ng ghi nh\u1edb, ch\u1ed1ng c\u0103ng th\u1eb3ng, stress.\\n\\nC\u00e1ch d\u00f9ng:\\nN\u1ea5u s\u00f4i: 800ml n\u01b0\u1edbc n\u1ebfu m\u1ee1 \u00edt, 500ml n\u1ebfu m\u1ee1 nhi\u1ec1u.\\n- Cho 01 t\u00fai th\u1ea3o m\u1ed9c v\u00e0o r\u1ed3i h\u00e3m trong 10 - 20 ph\u00fat.\\nU\u1ed1ng thay n\u01b0\u1edbc ( hi\u1ec7u qu\u1ea3 t\u1ed1t nh\u1ea5t u\u1ed1ng v\u00e0o bu\u1ed5i s\u00e1ng v\u00e0 tr\u01b0a. N\u1ebfu b\u1eadn \u0111i l\u00e0m th\u00ec u\u1ed1ng t\u1ed1i).\\n- U\u1ed1ng sau 6 - 7 ti\u1ebfng s\u1ebd \u0111i ngo\u00e0i t\u00f9y t\u00ecnh tr\u1ea1ng m\u1ee1 \u00edt hay nhi\u1ec1u m\u1eadp hay \u1ed1m m\u00e0 \u0111i nhi\u1ec1u hay \u00edt.\\n\\nB\u1ea3o qu\u1ea3n: N\u01a1i kh\u00f4 r\u00e1o, tho\u00e1ng m\u00e1t, tr\u00e1nh xa t\u1ea7m tay tr\u1ebb em. S\u1ea3n ph\u1ea9m ho\u00e0n to\u00e0n thi\u00ean nhi\u00ean, kh\u00f4ng s\u1eed d\u1ee5ng ph\u1ee5 gia v\u00e0 ch\u1ea5t b\u1ea3o qu\u1ea3n.&quot;}\" data-sheets-userformat=\"{&quot;2&quot;:769,&quot;3&quot;:{&quot;1&quot;:0},&quot;11&quot;:4,&quot;12&quot;:0}\"><strong>1. Th\u00e0nh ph\u1ea7n:<\/strong><\/span><\/h4>\n<p><span data-sheets-value=\"{&quot;1&quot;:2,&quot;2&quot;:&quot;Th\u00e0nh Ph\u1ea7n:\\nTam th\u1ea5t, linh chi v\u00e0ng, chi\u1ebft xu\u1ea5t l\u00e1 sen, kh\u1ed5 qua, gi\u1ea3o c\u1ed5 lam\\n\\nC\u00f4ng D\u1ee5ng:\\n- H\u1ed7 tr\u1ee3 gi\u1ea3m c\u00e2n, \u0111\u1ed1t ch\u00e1y m\u1ee1 th\u1eeba v\u00e0 ng\u0103n ng\u1eeba m\u1ee1 n\u1ed9i t\u1ea1ng.\\n- Gi\u00fap \u0111\u00e0o th\u1ea3i \u0111\u1ed9c t\u1ed1, thanh l\u1ecdc c\u1eb7n b\u1ea3 t\u00edch t\u1ee5 l\u00e2u ng\u00e0y, \u0111i\u1ec1u h\u00f2a huy\u1ebft \u00e1p.\\n- H\u1ed7 tr\u1ee3 l\u00e0m s\u1ea1ch \u0111\u01b0\u1eddng ru\u1ed9t, k\u00edch th\u01b0\u1edbc ti\u00eau h\u00f3a. Gi\u00fap b\u1ed5 sung ch\u1ea5t x\u01a1, nhu\u1eadn tr\u00e0ng.\\n- Thanh nhi\u1ec7t, l\u1ee3i \u0111\u1ea1i ti\u1ec3u.\\n- Gi\u00fap h\u1ea1 m\u1ee1 m\u00e1u, gi\u1ea3m cholesterol v\u00e0 axit b\u00e9o, ng\u0103n ng\u1eeba x\u01a1 v\u1eefa m\u1ea1ch m\u00e1u.\\n- Tr\u00e1nh h\u1ea1 huy\u1ebft \u00e1p, b\u1ea3o v\u1ec7 t\u1ebf b\u00e0o gan, h\u1ea1 m\u1ee1 m\u00e1u.\\n- Ch\u1ed1ng oxy h\u00f3a t\u1eeb \u0111\u00f3 gi\u00fap \u0111\u1ea9y ch\u1eadm qu\u00e1 tr\u00ecnh l\u00e3o h\u00f3a, da kh\u1ecfe, \u0111\u1eb9p h\u01a1n.\\n- Trong d\u1ecbch chi\u1ebfc r\u1ec5 tam th\u1ea5t, m\u1ed9t ph\u1ea7n h\u1ed7 tr\u1ee3 c\u1ea3i thi\u1ec7n kh\u1ea3 n\u0103ng ghi nh\u1edb, ch\u1ed1ng c\u0103ng th\u1eb3ng, stress.\\n\\nC\u00e1ch d\u00f9ng:\\nN\u1ea5u s\u00f4i: 800ml n\u01b0\u1edbc n\u1ebfu m\u1ee1 \u00edt, 500ml n\u1ebfu m\u1ee1 nhi\u1ec1u.\\n- Cho 01 t\u00fai th\u1ea3o m\u1ed9c v\u00e0o r\u1ed3i h\u00e3m trong 10 - 20 ph\u00fat.\\nU\u1ed1ng thay n\u01b0\u1edbc ( hi\u1ec7u qu\u1ea3 t\u1ed1t nh\u1ea5t u\u1ed1ng v\u00e0o bu\u1ed5i s\u00e1ng v\u00e0 tr\u01b0a. N\u1ebfu b\u1eadn \u0111i l\u00e0m th\u00ec u\u1ed1ng t\u1ed1i).\\n- U\u1ed1ng sau 6 - 7 ti\u1ebfng s\u1ebd \u0111i ngo\u00e0i t\u00f9y t\u00ecnh tr\u1ea1ng m\u1ee1 \u00edt hay nhi\u1ec1u m\u1eadp hay \u1ed1m m\u00e0 \u0111i nhi\u1ec1u hay \u00edt.\\n\\nB\u1ea3o qu\u1ea3n: N\u01a1i kh\u00f4 r\u00e1o, tho\u00e1ng m\u00e1t, tr\u00e1nh xa t\u1ea7m tay tr\u1ebb em. S\u1ea3n ph\u1ea9m ho\u00e0n to\u00e0n thi\u00ean nhi\u00ean, kh\u00f4ng s\u1eed d\u1ee5ng ph\u1ee5 gia v\u00e0 ch\u1ea5t b\u1ea3o qu\u1ea3n.&quot;}\" data-sheets-userformat=\"{&quot;2&quot;:769,&quot;3&quot;:{&quot;1&quot;:0},&quot;11&quot;:4,&quot;12&quot;:0}\">Tam kh\u00ed, linh chi v\u00e0ng, chi\u1ebft xu\u1ea5t l\u00e1 sen, m\u01b0\u1edbp \u0111\u1eafng, gi\u1ea3o c\u1ed5 lam.<\/span><\/p>\n<h4><strong>2. C\u00f4ng d\u1ee5ng:<\/strong><\/h4>\n<ul>\n<li>H\u1ed7 tr\u1ee3 gi\u1ea3m c\u00e2n, \u0111\u1ed1t ch\u00e1y m\u1ee1 th\u1eeba v\u00e0 ng\u0103n ng\u1eeba m\u1ee1 n\u1ed9i t\u1ea1ng.<\/li>\n<li>Gi\u00fap \u0111\u00e0o th\u1ea3i \u0111\u1ed9c t\u1ed1, t\u1ea9y ch\u1ea5t c\u1eb7n b\u00e3 t\u00edch t\u1ee5 l\u00e2u ng\u00e0y, \u0111i\u1ec1u h\u00f2a kh\u00ed huy\u1ebft.<\/li>\n<li>H\u1ed7 tr\u1ee3 l\u00e0m s\u1ea1ch ru\u1ed9t, k\u00edch th\u00edch ti\u00eau h\u00f3a. Gi\u00fap b\u1ed5 sung ch\u1ea5t x\u01a1, nhu\u1eadn tr\u00e0ng.<\/li>\n<li>Thanh nhi\u1ec7t, l\u1ee3i ti\u1ec3u.<\/li>\n<li>Gi\u00fap h\u1ea1 m\u1ee1 m\u00e1u, gi\u1ea3m cholesterol v\u00e0 axit b\u00e9o, ch\u1ed1ng x\u01a1 v\u1eefa \u0111\u1ed9ng m\u1ea1ch.<\/li>\n<li>Tr\u00e1nh h\u1ea1 huy\u1ebft \u00e1p, b\u1ea3o v\u1ec7 t\u1ebf b\u00e0o gan, h\u1ea1 m\u1ee1 m\u00e1u.<\/li>\n<li>Ch\u1ed1ng oxy h\u00f3a gi\u00fap l\u00e0m ch\u1eadm qu\u00e1 tr\u00ecnh l\u00e3o h\u00f3a, cho l\u00e0n da kh\u1ecfe \u0111\u1eb9p h\u01a1n.<\/li>\n<li>Trong chi\u1ebft xu\u1ea5t t\u1eeb \u200b\u200br\u1ec5 c\u1ecf c\u00e0 ri, m\u1ed9t ph\u1ea7n gi\u00fap c\u1ea3i thi\u1ec7n tr\u00ed nh\u1edb, ch\u1ed1ng c\u0103ng th\u1eb3ng, stress.<\/li>\n<\/ul>\n<h4><strong>3. C\u00e1ch s\u1eed d\u1ee5ng:<\/strong><\/h4>\n<ul>\n<li>\u0110un: 800ml n\u01b0\u1edbc n\u1ebfu \u00edt m\u1ee1, 500ml n\u1ebfu nhi\u1ec1u m\u1ee1.<br \/>\n\u2013 \u0110\u1eb7t 01 t\u00fai th\u1ea3o m\u1ed9c v\u00e0 ng\u00e2m trong 10-20 ph\u00fat.<\/li>\n<li>U\u1ed1ng thay n\u01b0\u1edbc (hi\u1ec7u qu\u1ea3 t\u1ed1t nh\u1ea5t v\u00e0o bu\u1ed5i s\u00e1ng v\u00e0 chi\u1ec1u. N\u1ebfu b\u1eadn c\u00f4ng vi\u1ec7c th\u00ec u\u1ed1ng bu\u1ed5i t\u1ed1i).<br \/>\nU\u1ed1ng sau 6-7 ti\u1ebfng s\u1ebd \u0111i ngo\u00e0i t\u00f9y th\u1ec3 tr\u1ea1ng m\u1eadp hay m\u1eadp, b\u00e9o hay g\u1ea7y m\u00e0 \u0111i nhi\u1ec1u hay \u00edt.<\/li>\n<\/ul>\n<h4><strong>4. B\u1ea3o qu\u1ea3n:<\/strong><\/h4>\n<p>B\u1ea3o qu\u1ea3n n\u01a1i kh\u00f4 r\u00e1o, tho\u00e1ng m\u00e1t, xa t\u1ea7m tay tr\u1ebb em. S\u1ea3n ph\u1ea9m ho\u00e0n to\u00e0n t\u1ef1 nhi\u00ean, kh\u00f4ng c\u00f3 ch\u1ea5t ph\u1ee5 gia hay ch\u1ea5t b\u1ea3o qu\u1ea3n.<\/p>\n<hr \/>\n<p><span style=\"color: #ff0000;\"><strong>TH\u00d4NG TIN LI\u00caN H\u1ec6:<\/strong><\/span><br \/>\n<span style=\"color: #ff0000;\"><strong>QU\u00dd KH\u00c1CH G\u1eecI \u1ea2NH CH\u1ee4P DA QUA ZALO NH\u01af T\u01af V\u1ea4N CHO M\u00ccNH NH\u00c9<\/strong><\/span><br \/>\n<span style=\"color: #ff0000;\"><strong>ZALO <a href=\"https:\/\/zalo.me\/0778790095\">0778790095- Hotline: 0974670571<\/a><\/strong><\/span><br \/>\n<strong><span style=\"color: #ff0000;\">41\/50\/6 Nguy\u1ec5n Oanh, P10, G\u00f2 V\u1ea5p, TP.HCM<\/span><\/strong><\/p>\n","protected":false},"excerpt":{"rendered":"<p>350.000 won\u20ab M\u00f4 t\u1ea3 1. Th\u00e0nh ph\u1ea7n: Tam kh\u00ed, linh chi v\u00e0ng, chi\u1ebft xu\u1ea5t l\u00e1 sen, m\u01b0\u1edbp \u0111\u1eafng, gi\u1ea3o c\u1ed5 lam. 2. C\u00f4ng d\u1ee5ng: H\u1ed7 tr\u1ee3 gi\u1ea3m c\u00e2n, \u0111\u1ed1t ch\u00e1y m\u1ee1 th\u1eeba v\u00e0 ng\u0103n ng\u1eeba m\u1ee1 n\u1ed9i t\u1ea1ng. Gi\u00fap \u0111\u00e0o th\u1ea3i \u0111\u1ed9c t\u1ed1, t\u1ea9y ch\u1ea5t c\u1eb7n b\u00e3 t\u00edch t\u1ee5 l\u00e2u ng\u00e0y, \u0111i\u1ec1u h\u00f2a kh\u00ed huy\u1ebft. [&hellip;]<\/p>\n","protected":false},"featured_media":2138,"comment_status":"open","ping_status":"closed","template":"","meta":{"_gspb_post_css":""},"store":[],"product_cat":[23,96],"product_tag":[],"_links":{"self":[{"href":"https:\/\/yody-phuonganh.vn\/index.php\/wp-json\/wp\/v2\/product\/2137"}],"collection":[{"href":"https:\/\/yody-phuonganh.vn\/index.php\/wp-json\/wp\/v2\/product"}],"about":[{"href":"https:\/\/yody-phuonganh.vn\/index.php\/wp-json\/wp\/v2\/types\/product"}],"replies":[{"embeddable":true,"href":"https:\/\/yody-phuonganh.vn\/index.php\/wp-json\/wp\/v2\/comments?post=2137"}],"wp:featuredmedia":[{"embeddable":true,"href":"https:\/\/yody-phuonganh.vn\/index.php\/wp-json\/wp\/v2\/media\/2138"}],"wp:attachment":[{"href":"https:\/\/yody-phuonganh.vn\/index.php\/wp-json\/wp\/v2\/media?parent=2137"}],"wp:term":[{"taxonomy":"store","embeddable":true,"href":"https:\/\/yody-phuonganh.vn\/index.php\/wp-json\/wp\/v2\/store?post=2137"},{"taxonomy":"product_cat","embeddable":true,"href":"https:\/\/yody-phuonganh.vn\/index.php\/wp-json\/wp\/v2\/product_cat?post=2137"},{"taxonomy":"product_tag","embeddable":true,"href":"https:\/\/yody-phuonganh.vn\/index.php\/wp-json\/wp\/v2\/product_tag?post=2137"}],"curies":[{"name":"wp","href":"https:\/\/api.w.org\/{rel}","templated":true}]}}