{"id":2135,"date":"2023-06-29T19:43:53","date_gmt":"2023-06-29T12:43:53","guid":{"rendered":"https:\/\/yody-phuonganh.vn\/index.php\/san-pham\/thao-duoc-thai-doc-pro\/"},"modified":"2023-06-29T19:45:05","modified_gmt":"2023-06-29T12:45:05","slug":"thao-duoc-thai-doc-pro","status":"publish","type":"product","link":"https:\/\/yody-phuonganh.vn\/index.php\/san-pham\/thao-duoc-thai-doc-pro\/","title":{"rendered":"TH\u1ea2O D\u01af\u1ee2C TH\u1ea2I \u0110\u1ed8C PRO"},"content":{"rendered":"<p><img loading=\"lazy\" decoding=\"async\" class=\"wp-post-image\" title=\"tui-tra-2\" src=\"http:\/\/yody-phuonganh.vn\/wp-content\/uploads\/2023\/06\/THAO-DUOC-THAI-DOC-PRO.jpg\" alt=\"\" width=\"600\" height=\"600\" data-caption=\"\" data-large_image=\"http:\/\/yody-phuonganh.vn\/wp-content\/uploads\/2023\/06\/THAO-DUOC-THAI-DOC-PRO.jpg\" data-large_image_width=\"2560\" data-large_image_height=\"2560\" \/><br \/>\n<bdi>250.000 won<span class=\"woocommerce-Price-currencySymbol\">\u20ab<\/span><\/bdi><\/p>\n<h2>M\u00f4 t\u1ea3<\/h2>\n<h4><span data-sheets-value=\"{&quot;1&quot;:2,&quot;2&quot;:&quot;Th\u00e0nh ph\u1ea7n:\\nRose Flower, Chamomilla Recutita Flower, Glycyrrhiza Glabra, G\u00edneng.\\n\\nC\u00f4ng d\u1ee5ng:\\nL\u00e0m s\u1ea1ch s\u00e2u l\u1ed7 ch\u00e2n l\u00f4ng \u0111\u1ec3 d\u1ec5 d\u00e0ng th\u1ea5p th\u1ee5 c\u00e1c d\u01b0\u1edbng ch\u1ea5t. Gi\u00fap da tr\u1eafng h\u1ed3ng, c\u0103ng m\u01b0\u1edbt, s\u1ebd kh\u00edt l\u1ed7 ch\u00e2n l\u00f4ng, ph\u1ee5c h\u1ed3i da gi\u00fap da kh\u1ecfe m\u1ea1nh, s\u0103n ch\u1eafc.\\n\\nPh\u00f9 h\u1ee3p:\\nM\u1ecdi lo\u1ea1i da k\u1ec3 c\u1ea3 da nh\u1ea1y c\u1ea3m, da sau \u0111i\u1ec1u tr\u1ecb v\u00e0 l\u00e0m m\u1edd c\u00e1c v\u1ebft th\u00e2m, n\u00e1m v\u00e0 t\u00e0n nhang hi\u1ec7u qu\u1ea3.\\nH\u1ed7 tr\u1ee3 lo\u1ea1i b\u1ecf m\u1ee5n, th\u00e2m v\u00e0 se kh\u00edt l\u1ed7 ch\u00e2n l\u00f4ng.\\nGi\u1ea3m s\u01b0ng, vi\u00eam do m\u1ee5n.\\nC\u00e2n b\u1eb1ng \u0111\u1ed9 \u1ea9m cho da, ng\u0103n ch\u1eb7n n\u1ebfp nh\u0103n do l\u00e3o h\u00f3a.\\n\u0110\u1eb7c bi\u1ec7t l\u00e0 da b\u1ecb nhi\u1ec5m cotricoid, da h\u01b0 t\u1ed5n, da y\u1ebfu, da nhi\u1ec5m ch\u00ec.\\n\\nH\u01b0\u1edbng d\u1eabn s\u1eed d\u1ee5ng:\\nS\u1eed d\u1ee5ng tu\u1ea7n 2-3 l\u1ea7n \u0111\u1ec3 \u0111\u1ea1t \u0111\u01b0\u1ee3c k\u1ebft qu\u1ea3 t\u1ed1t nh\u1ea5t. N\u00ean t\u01b0 v\u1ea5n v\u1edbi t\u01b0 v\u1eabn vi\u00ean \u0111\u1ec3 c\u00f3 k\u1ebft qu\u1ea3 t\u1ed1t nh\u1ea5t.\\n\\nB\u1ea3o qu\u1ea3n:\\nN\u01a1i tho\u00e1ng m\u00e1t, tr\u00e1nh \u00e1nh n\u1eafng tr\u1ef1c ti\u1ebfp.&quot;}\" data-sheets-userformat=\"{&quot;2&quot;:769,&quot;3&quot;:{&quot;1&quot;:0},&quot;11&quot;:4,&quot;12&quot;:0}\"><strong>1. Th\u00e0nh ph\u1ea7n:<\/strong><\/span><\/h4>\n<p><span data-sheets-value=\"{&quot;1&quot;:2,&quot;2&quot;:&quot;Th\u00e0nh ph\u1ea7n:\\nRose Flower, Chamomilla Recutita Flower, Glycyrrhiza Glabra, G\u00edneng.\\n\\nC\u00f4ng d\u1ee5ng:\\nL\u00e0m s\u1ea1ch s\u00e2u l\u1ed7 ch\u00e2n l\u00f4ng \u0111\u1ec3 d\u1ec5 d\u00e0ng th\u1ea5p th\u1ee5 c\u00e1c d\u01b0\u1edbng ch\u1ea5t. Gi\u00fap da tr\u1eafng h\u1ed3ng, c\u0103ng m\u01b0\u1edbt, s\u1ebd kh\u00edt l\u1ed7 ch\u00e2n l\u00f4ng, ph\u1ee5c h\u1ed3i da gi\u00fap da kh\u1ecfe m\u1ea1nh, s\u0103n ch\u1eafc.\\n\\nPh\u00f9 h\u1ee3p:\\nM\u1ecdi lo\u1ea1i da k\u1ec3 c\u1ea3 da nh\u1ea1y c\u1ea3m, da sau \u0111i\u1ec1u tr\u1ecb v\u00e0 l\u00e0m m\u1edd c\u00e1c v\u1ebft th\u00e2m, n\u00e1m v\u00e0 t\u00e0n nhang hi\u1ec7u qu\u1ea3.\\nH\u1ed7 tr\u1ee3 lo\u1ea1i b\u1ecf m\u1ee5n, th\u00e2m v\u00e0 se kh\u00edt l\u1ed7 ch\u00e2n l\u00f4ng.\\nGi\u1ea3m s\u01b0ng, vi\u00eam do m\u1ee5n.\\nC\u00e2n b\u1eb1ng \u0111\u1ed9 \u1ea9m cho da, ng\u0103n ch\u1eb7n n\u1ebfp nh\u0103n do l\u00e3o h\u00f3a.\\n\u0110\u1eb7c bi\u1ec7t l\u00e0 da b\u1ecb nhi\u1ec5m cotricoid, da h\u01b0 t\u1ed5n, da y\u1ebfu, da nhi\u1ec5m ch\u00ec.\\n\\nH\u01b0\u1edbng d\u1eabn s\u1eed d\u1ee5ng:\\nS\u1eed d\u1ee5ng tu\u1ea7n 2-3 l\u1ea7n \u0111\u1ec3 \u0111\u1ea1t \u0111\u01b0\u1ee3c k\u1ebft qu\u1ea3 t\u1ed1t nh\u1ea5t. N\u00ean t\u01b0 v\u1ea5n v\u1edbi t\u01b0 v\u1eabn vi\u00ean \u0111\u1ec3 c\u00f3 k\u1ebft qu\u1ea3 t\u1ed1t nh\u1ea5t.\\n\\nB\u1ea3o qu\u1ea3n:\\nN\u01a1i tho\u00e1ng m\u00e1t, tr\u00e1nh \u00e1nh n\u1eafng tr\u1ef1c ti\u1ebfp.&quot;}\" data-sheets-userformat=\"{&quot;2&quot;:769,&quot;3&quot;:{&quot;1&quot;:0},&quot;11&quot;:4,&quot;12&quot;:0}\">Hoa h\u1ed3ng, hoa Chamomilla Recutita, Glycyrrhiza Glabra, nh\u00e2n s\u00e2m.<\/span><\/p>\n<h4><strong>2. C\u00f4ng d\u1ee5ng:<\/strong><\/h4>\n<p>L\u00e0m s\u1ea1ch s\u00e2u l\u1ed7 ch\u00e2n l\u00f4ng \u0111\u1ec3 d\u01b0\u1ee1ng ch\u1ea5t d\u1ec5 d\u00e0ng h\u1ea5p th\u1ee5. Gi\u00fap da tr\u1eafng h\u1ed3ng, m\u1ecbn m\u00e0ng, se kh\u00edt l\u1ed7 ch\u00e2n l\u00f4ng, ph\u1ee5c h\u1ed3i da gi\u00fap da kh\u1ecfe m\u1ea1nh, s\u0103n ch\u1eafc.<\/p>\n<h4><strong>3. C\u00e1ch s\u1eed d\u1ee5ng:<\/strong><\/h4>\n<p>S\u1eed d\u1ee5ng 2-3 l\u1ea7n\/tu\u1ea7n \u0111\u1ec3 c\u00f3 k\u1ebft qu\u1ea3 t\u1ed1t nh\u1ea5t. Tham kh\u1ea3o \u00fd ki\u1ebfn \u200b\u200bc\u1ee7a nh\u00e2n vi\u00ean t\u01b0 v\u1ea5n \u0111\u1ec3 c\u00f3 k\u1ebft qu\u1ea3 t\u1ed1t nh\u1ea5t.<\/p>\n<h4><strong>4. Ph\u00f9 h\u1ee3p:<\/strong><\/h4>\n<ul>\n<li>M\u1ecdi lo\u1ea1i da k\u1ec3 c\u1ea3 da nh\u1ea1y c\u1ea3m, da sau \u0111i\u1ec1u tr\u1ecb v\u00e0 l\u00e0m m\u1edd hi\u1ec7u qu\u1ea3 c\u00e1c v\u1ebft th\u00e2m, n\u00e1m v\u00e0 t\u00e0n nhang.<\/li>\n<li>Gi\u00fap lo\u1ea1i b\u1ecf m\u1ee5n, v\u1ebft th\u00e2m v\u00e0 se kh\u00edt l\u1ed7 ch\u00e2n l\u00f4ng.<\/li>\n<li>Gi\u1ea3m s\u01b0ng t\u1ea5y, vi\u00eam nhi\u1ec5m do m\u1ee5n.<\/li>\n<li>C\u00e2n b\u1eb1ng \u0111\u1ed9 \u1ea9m cho da, ng\u0103n ng\u1eeba n\u1ebfp nh\u0103n do l\u00e3o h\u00f3a.<\/li>\n<li>\u0110\u1eb7c bi\u1ec7t l\u00e0 da nhi\u1ec5m Corticoid, da h\u01b0 t\u1ed5n, da y\u1ebfu, da nhi\u1ec5m ch\u00ec.<\/li>\n<\/ul>\n<h4><strong>5. B\u1ea3o qu\u1ea3n:<\/strong><\/h4>\n<p>N\u01a1i tho\u00e1ng m\u00e1t, tr\u00e1nh \u00e1nh n\u1eafng tr\u1ef1c ti\u1ebfp.<\/p>\n<hr \/>\n<div class=\"woocommerce-tabs wc-tabs-wrapper\">\n<p>&nbsp;<\/p>\n<\/div>\n<p><span style=\"color: #ff0000;\"><strong>TH\u00d4NG TIN LI\u00caN H\u1ec6:<\/strong><\/span><br \/>\n<span style=\"color: #ff0000;\"><strong>QU\u00dd KH\u00c1CH G\u1eecI \u1ea2NH CH\u1ee4P DA QUA ZALO NH\u01af T\u01af V\u1ea4N CHO M\u00ccNH NH\u00c9<\/strong><\/span><br \/>\n<span style=\"color: #ff0000;\"><strong>ZALO <a href=\"https:\/\/zalo.me\/0778790095\">0778790095- Hotline: 0974670571<\/a><\/strong><\/span><br \/>\n<strong><span style=\"color: #ff0000;\">41\/50\/6 Nguy\u1ec5n Oanh, P10, G\u00f2 V\u1ea5p, TP.HCM<\/span><\/strong><\/p>\n","protected":false},"excerpt":{"rendered":"<p>250.000 won\u20ab M\u00f4 t\u1ea3 1. Th\u00e0nh ph\u1ea7n: Hoa h\u1ed3ng, hoa Chamomilla Recutita, Glycyrrhiza Glabra, nh\u00e2n s\u00e2m. 2. C\u00f4ng d\u1ee5ng: L\u00e0m s\u1ea1ch s\u00e2u l\u1ed7 ch\u00e2n l\u00f4ng \u0111\u1ec3 d\u01b0\u1ee1ng ch\u1ea5t d\u1ec5 d\u00e0ng h\u1ea5p th\u1ee5. Gi\u00fap da tr\u1eafng h\u1ed3ng, m\u1ecbn m\u00e0ng, se kh\u00edt l\u1ed7 ch\u00e2n l\u00f4ng, ph\u1ee5c h\u1ed3i da gi\u00fap da kh\u1ecfe m\u1ea1nh, s\u0103n ch\u1eafc. 3. C\u00e1ch s\u1eed [&hellip;]<\/p>\n","protected":false},"featured_media":2136,"comment_status":"open","ping_status":"closed","template":"","meta":{"_gspb_post_css":""},"store":[],"product_cat":[23,66],"product_tag":[],"_links":{"self":[{"href":"https:\/\/yody-phuonganh.vn\/index.php\/wp-json\/wp\/v2\/product\/2135"}],"collection":[{"href":"https:\/\/yody-phuonganh.vn\/index.php\/wp-json\/wp\/v2\/product"}],"about":[{"href":"https:\/\/yody-phuonganh.vn\/index.php\/wp-json\/wp\/v2\/types\/product"}],"replies":[{"embeddable":true,"href":"https:\/\/yody-phuonganh.vn\/index.php\/wp-json\/wp\/v2\/comments?post=2135"}],"wp:featuredmedia":[{"embeddable":true,"href":"https:\/\/yody-phuonganh.vn\/index.php\/wp-json\/wp\/v2\/media\/2136"}],"wp:attachment":[{"href":"https:\/\/yody-phuonganh.vn\/index.php\/wp-json\/wp\/v2\/media?parent=2135"}],"wp:term":[{"taxonomy":"store","embeddable":true,"href":"https:\/\/yody-phuonganh.vn\/index.php\/wp-json\/wp\/v2\/store?post=2135"},{"taxonomy":"product_cat","embeddable":true,"href":"https:\/\/yody-phuonganh.vn\/index.php\/wp-json\/wp\/v2\/product_cat?post=2135"},{"taxonomy":"product_tag","embeddable":true,"href":"https:\/\/yody-phuonganh.vn\/index.php\/wp-json\/wp\/v2\/product_tag?post=2135"}],"curies":[{"name":"wp","href":"https:\/\/api.w.org\/{rel}","templated":true}]}}