{"id":2132,"date":"2023-06-29T19:42:21","date_gmt":"2023-06-29T12:42:21","guid":{"rendered":"https:\/\/yody-phuonganh.vn\/index.php\/san-pham\/tay-trang-diu-nhe\/"},"modified":"2023-06-29T19:43:37","modified_gmt":"2023-06-29T12:43:37","slug":"tay-trang-diu-nhe","status":"publish","type":"product","link":"https:\/\/yody-phuonganh.vn\/index.php\/san-pham\/tay-trang-diu-nhe\/","title":{"rendered":"T\u1ea8Y TRANG D\u1ecaU NH\u1eb8"},"content":{"rendered":"<p><img loading=\"lazy\" decoding=\"async\" class=\"wp-post-image\" title=\"t\u1ea9y-trang\" src=\"http:\/\/yody-phuonganh.vn\/wp-content\/uploads\/2023\/06\/TAY-TRANG-DIU-NHE.jpg\" alt=\"\" width=\"600\" height=\"600\" data-caption=\"\" data-large_image=\"http:\/\/yody-phuonganh.vn\/wp-content\/uploads\/2023\/06\/TAY-TRANG-DIU-NHE.jpg\" data-large_image_width=\"2560\" data-large_image_height=\"2560\" \/><br \/>\n<bdi>300.000 won<span class=\"woocommerce-Price-currencySymbol\">\u20ab<\/span><\/bdi><\/p>\n<h2>M\u00f4 t\u1ea3<\/h2>\n<h4><strong>1. Th\u00e0nh ph\u1ea7n:<\/strong><\/h4>\n<p>Lanolin, Cera Alba, Paraffinum Liquidum, Titanium Dioxide, Cetyl Alcohol, Kojic Dipalmitate, Tocopherol, H\u01b0\u01a1ng th\u01a1m, Phenoxyethanol, B\u1ed9t ng\u1ecdc trai, Collagen, Bisabolol, Glycerin, N\u01b0\u1edbc, Caprylic\/Capric Triglyceride, Hydrogenated Lecithin, Chi\u1ebft xu\u1ea5t m\u00f4 s\u1eb9o nh\u00e2n s\u00e2m Panax, Cholesterol, Arbutin, Aloe Vera Callus Extract, Dipotassium Glycyrrhizate, Centella Asiatica Extract, Cucumis Sativus Fruit Extract.<\/p>\n<h4><strong>2. C\u00f4ng d\u1ee5ng:<\/strong><\/h4>\n<p>L\u00e0m s\u00e1ng, m\u1edd v\u1ebft th\u00e2m n\u00e1m, ng\u0103n ng\u1eeba l\u00e3o h\u00f3a v\u00e0 d\u01b0\u1ee1ng \u1ea9m cho da.<\/p>\n<h4><strong>3. H\u01b0\u1edbng d\u1eabn s\u1eed d\u1ee5ng:<\/strong><\/h4>\n<p>Thoa h\u00e0ng ng\u00e0y, bu\u1ed5i t\u1ed1i tr\u01b0\u1edbc khi \u0111i ng\u1ee7 m\u1ed9t l\u1edbp m\u1ecfng (kh\u00f4ng thoa quanh m\u1eaft). Khi th\u1ea5y da \u0111\u1eb9p, c\u0103ng tu\u1ea7n \u0111\u1eafp 2 l\u1ea7n.<\/p>\n<h4><strong>4. K\u00edch \u1ee9ng da:<\/strong><\/h4>\n<p>Kh\u00f4ng \u0111\u00e1ng k\u1ec3.<\/p>\n<h4><strong>5. B\u1ea3o qu\u1ea3n:<\/strong><\/h4>\n<p>N\u01a1i kh\u00f4 r\u00e1o, tho\u00e1ng m\u00e1t. Tr\u00e1nh \u00e1nh n\u1eafng tr\u1ef1c ti\u1ebfp. Tr\u00e1nh xa t\u1ea7m tay tr\u1ebb em.<\/p>\n<p>&#8212;&#8212;&#8212;&#8212;&#8212;&#8212;&#8212;&#8212;&#8212;-<\/p>\n<p><span style=\"color: #ff0000;\"><strong>TH\u00d4NG TIN LI\u00caN H\u1ec6:<\/strong><\/span><br \/>\n<span style=\"color: #ff0000;\"><strong>QU\u00dd KH\u00c1CH G\u1eecI \u1ea2NH CH\u1ee4P DA QUA ZALO NH\u01af T\u01af V\u1ea4N CHO M\u00ccNH NH\u00c9<\/strong><\/span><br \/>\n<span style=\"color: #ff0000;\"><strong>ZALO <a href=\"https:\/\/zalo.me\/0778790095\">0778790095- Hotline: 0974670571<\/a><\/strong><\/span><br \/>\n<strong><span style=\"color: #ff0000;\">41\/50\/6 Nguy\u1ec5n Oanh, P10, G\u00f2 V\u1ea5p, TP.HCM<\/span><\/strong><\/p>\n","protected":false},"excerpt":{"rendered":"<p>300.000 won\u20ab M\u00f4 t\u1ea3 1. Th\u00e0nh ph\u1ea7n: Lanolin, Cera Alba, Paraffinum Liquidum, Titanium Dioxide, Cetyl Alcohol, Kojic Dipalmitate, Tocopherol, H\u01b0\u01a1ng th\u01a1m, Phenoxyethanol, B\u1ed9t ng\u1ecdc trai, Collagen, Bisabolol, Glycerin, N\u01b0\u1edbc, Caprylic\/Capric Triglyceride, Hydrogenated Lecithin, Chi\u1ebft xu\u1ea5t m\u00f4 s\u1eb9o nh\u00e2n s\u00e2m Panax, Cholesterol, Arbutin, Aloe Vera Callus Extract, Dipotassium Glycyrrhizate, Centella Asiatica Extract, Cucumis Sativus Fruit Extract. [&hellip;]<\/p>\n","protected":false},"featured_media":2133,"comment_status":"open","ping_status":"closed","template":"","meta":{"_gspb_post_css":""},"store":[],"product_cat":[23,66],"product_tag":[],"_links":{"self":[{"href":"https:\/\/yody-phuonganh.vn\/index.php\/wp-json\/wp\/v2\/product\/2132"}],"collection":[{"href":"https:\/\/yody-phuonganh.vn\/index.php\/wp-json\/wp\/v2\/product"}],"about":[{"href":"https:\/\/yody-phuonganh.vn\/index.php\/wp-json\/wp\/v2\/types\/product"}],"replies":[{"embeddable":true,"href":"https:\/\/yody-phuonganh.vn\/index.php\/wp-json\/wp\/v2\/comments?post=2132"}],"wp:featuredmedia":[{"embeddable":true,"href":"https:\/\/yody-phuonganh.vn\/index.php\/wp-json\/wp\/v2\/media\/2133"}],"wp:attachment":[{"href":"https:\/\/yody-phuonganh.vn\/index.php\/wp-json\/wp\/v2\/media?parent=2132"}],"wp:term":[{"taxonomy":"store","embeddable":true,"href":"https:\/\/yody-phuonganh.vn\/index.php\/wp-json\/wp\/v2\/store?post=2132"},{"taxonomy":"product_cat","embeddable":true,"href":"https:\/\/yody-phuonganh.vn\/index.php\/wp-json\/wp\/v2\/product_cat?post=2132"},{"taxonomy":"product_tag","embeddable":true,"href":"https:\/\/yody-phuonganh.vn\/index.php\/wp-json\/wp\/v2\/product_tag?post=2132"}],"curies":[{"name":"wp","href":"https:\/\/api.w.org\/{rel}","templated":true}]}}