{"id":2126,"date":"2023-06-29T19:38:59","date_gmt":"2023-06-29T12:38:59","guid":{"rendered":"https:\/\/yody-phuonganh.vn\/index.php\/san-pham\/serum-tai-tao-trang-da\/"},"modified":"2023-06-29T19:40:27","modified_gmt":"2023-06-29T12:40:27","slug":"serum-tai-tao-trang-da","status":"publish","type":"product","link":"https:\/\/yody-phuonganh.vn\/index.php\/san-pham\/serum-tai-tao-trang-da\/","title":{"rendered":"SERUM T\u00c1I T\u1ea0O TR\u1eaeNG DA"},"content":{"rendered":"<p><img loading=\"lazy\" decoding=\"async\" class=\"wp-post-image\" title=\"t\u00e1i-t\u1ea1o-tr\u1eafng-da\" src=\"http:\/\/yody-phuonganh.vn\/wp-content\/uploads\/2023\/06\/SERUM-TAI-TAO-TRANG-DA.jpg\" alt=\"\" width=\"600\" height=\"600\" data-caption=\"\" data-large_image=\"http:\/\/yody-phuonganh.vn\/wp-content\/uploads\/2023\/06\/SERUM-TAI-TAO-TRANG-DA.jpg\" data-large_image_width=\"2560\" data-large_image_height=\"2560\" \/><br \/>\n<bdi>380.000 won<span class=\"woocommerce-Price-currencySymbol\">\u20ab<\/span><\/bdi><\/p>\n<h2>M\u00f4 t\u1ea3<\/h2>\n<h4><span data-sheets-value=\"{&quot;1&quot;:2,&quot;2&quot;:&quot;Th\u00e0nh ph\u1ea7n:\\n\\&quot;Aqua,Cetyl Alcohol, Butylene Glycol, Niacinamide,Titanium Dioxide, Hyaluron-ic Acid, Ethylhexyl Methoxycinnamate, Polysorbate 80, Glyceryl Stearate,Kojic\\nDipalmitate, tocopherol, collagen, Fragrance,Arbutin, Phenoxyethanol, Milk protein,Pearl Powder, Bisabolol, Centella Asiatica Extract, Cucumis Sativus Fruit\\nExtract, Ascorbic Acid,Retinol.\\n\\nH\u01b0\u1edbng d\u1eabn s\u1eed d\u1ee5ng:\\nD\u00f9ng ng\u00e0y 2 l\u1ea7n,s\u00e1ng v\u00e0 t\u1ed1i\\n\\nC\u00f4ng d\u1ee5ng:\\nGI\u00fap d\u01b0\u1ee1ng tr\u1eafng da, gi\u00fap t\u00e1i t\u1ea1o da, gi\u1eef \u1ea9m da, ng\u1eeba m\u1ee5n, m\u1edd th\u00e2m n\u00e1m t\u00e0n nhang, gi\u00fap ng\u1eeba l\u00e3o h\u00f3, gi\u00fap s\u0103n ch\u1eafc da,gi\u00fap da tr\u00f4ng c\u0103ng b\u00f3ng,se kh\u00edt l\u1ed7 ch\u00e2n l\u00f4ng.\\n\\nK\u00edch \u1ee9ng da: Kh\u00f4ng \u0111\u00e1ng k\u1ec3\\n\\nB\u1ea3o qu\u1ea3n:\\nN\u01a1i kh\u00f4 r\u00e1o tho\u00e1ng m\u00e1, tr\u00e1nh \u00e1nh n\u1eafng tr\u1ef1c ti\u1ebfp, xa t\u1ea7m tay tr\u1ebb em.\\n&quot;}\" data-sheets-userformat=\"{&quot;2&quot;:769,&quot;3&quot;:{&quot;1&quot;:0},&quot;11&quot;:4,&quot;12&quot;:0}\"><strong>1. Th\u00e0nh ph\u1ea7n:<\/strong><\/span><\/h4>\n<p><span data-sheets-value=\"{&quot;1&quot;:2,&quot;2&quot;:&quot;Th\u00e0nh ph\u1ea7n:\\n\\&quot;Aqua,Cetyl Alcohol, Butylene Glycol, Niacinamide,Titanium Dioxide, Hyaluron-ic Acid, Ethylhexyl Methoxycinnamate, Polysorbate 80, Glyceryl Stearate,Kojic\\nDipalmitate, tocopherol, collagen, Fragrance,Arbutin, Phenoxyethanol, Milk protein,Pearl Powder, Bisabolol, Centella Asiatica Extract, Cucumis Sativus Fruit\\nExtract, Ascorbic Acid,Retinol.\\n\\nH\u01b0\u1edbng d\u1eabn s\u1eed d\u1ee5ng:\\nD\u00f9ng ng\u00e0y 2 l\u1ea7n,s\u00e1ng v\u00e0 t\u1ed1i\\n\\nC\u00f4ng d\u1ee5ng:\\nGI\u00fap d\u01b0\u1ee1ng tr\u1eafng da, gi\u00fap t\u00e1i t\u1ea1o da, gi\u1eef \u1ea9m da, ng\u1eeba m\u1ee5n, m\u1edd th\u00e2m n\u00e1m t\u00e0n nhang, gi\u00fap ng\u1eeba l\u00e3o h\u00f3, gi\u00fap s\u0103n ch\u1eafc da,gi\u00fap da tr\u00f4ng c\u0103ng b\u00f3ng,se kh\u00edt l\u1ed7 ch\u00e2n l\u00f4ng.\\n\\nK\u00edch \u1ee9ng da: Kh\u00f4ng \u0111\u00e1ng k\u1ec3\\n\\nB\u1ea3o qu\u1ea3n:\\nN\u01a1i kh\u00f4 r\u00e1o tho\u00e1ng m\u00e1, tr\u00e1nh \u00e1nh n\u1eafng tr\u1ef1c ti\u1ebfp, xa t\u1ea7m tay tr\u1ebb em.\\n&quot;}\" data-sheets-userformat=\"{&quot;2&quot;:769,&quot;3&quot;:{&quot;1&quot;:0},&quot;11&quot;:4,&quot;12&quot;:0}\">Aqua, Cetyl Alcohol, Butylene Glycol, Niacinamide, Titanium Dioxide, Hyaluronic Acid, Ethylhexyl Methoxycinnamate, Polysorbate 80, Glyceryl Stearate, Kojic Dipalmitate, Tocopherol, Collagen, H\u01b0\u01a1ng th\u01a1m, Arbutin, Phenoxyethanol, Protein s\u1eefa, B\u1ed9t ng\u1ecdc trai, Bisabolol, Chi\u1ebft xu\u1ea5t Centella Asiatica, Chi\u1ebft xu\u1ea5t tr\u00e1i c\u00e2y Cucumis Sativus, Axit ascoricic, Retinol.<\/span><\/p>\n<h4><strong>2. C\u00f4ng d\u1ee5ng:<\/strong><\/h4>\n<p>Gi\u00fap l\u00e0m tr\u1eafng da, gi\u00fap t\u00e1i t\u1ea1o da, d\u01b0\u1ee1ng \u1ea9m cho da, ng\u1eeba m\u1ee5n, l\u00e0m m\u1edd v\u1ebft n\u00e1m v\u00e0 t\u00e0n nhang, gi\u00fap ng\u0103n ng\u1eeba l\u00e3o h\u00f3a da, gi\u00fap da s\u0103n ch\u1eafc, gi\u00fap da c\u0103ng b\u00f3ng, se kh\u00edt l\u1ed7 ch\u00e2n l\u00f4ng.<\/p>\n<h4><strong>3. H\u01b0\u1edbng d\u1eabn s\u1eed d\u1ee5ng:<\/strong><\/h4>\n<p>S\u1eed d\u1ee5ng ng\u00e0y 2 l\u1ea7n s\u00e1ng v\u00e0 t\u1ed1i.<\/p>\n<h4><strong>4. K\u00edch \u1ee9ng da:<\/strong><\/h4>\n<p>Kh\u00f4ng \u0111\u00e1ng k\u1ec3<\/p>\n<h4><strong>5. B\u1ea3o qu\u1ea3n:<\/strong><\/h4>\n<p>N\u01a1i kh\u00f4 r\u00e1o, tho\u00e1ng m\u00e1t. Tr\u00e1nh \u00e1nh n\u1eafng tr\u1ef1c ti\u1ebfp, \u0111\u1ec3 xa t\u1ea7m tay tr\u1ebb em.<\/p>\n<hr \/>\n<p><span style=\"color: #ff0000;\"><strong>TH\u00d4NG TIN LI\u00caN H\u1ec6:<\/strong><\/span><br \/>\n<span style=\"color: #ff0000;\"><strong>QU\u00dd KH\u00c1CH G\u1eecI \u1ea2NH CH\u1ee4P DA QUA ZALO NH\u01af T\u01af V\u1ea4N CHO M\u00ccNH NH\u00c9<\/strong><\/span><br \/>\n<span style=\"color: #ff0000;\"><strong>ZALO <a href=\"https:\/\/zalo.me\/0778790095\">0778790095- Hotline: 0974670571<\/a><\/strong><\/span><br \/>\n<strong><span style=\"color: #ff0000;\">41\/50\/6 Nguy\u1ec5n Oanh, P10, G\u00f2 V\u1ea5p, TP.HCM<\/span><\/strong><\/p>\n","protected":false},"excerpt":{"rendered":"<p>380.000 won\u20ab M\u00f4 t\u1ea3 1. Th\u00e0nh ph\u1ea7n: Aqua, Cetyl Alcohol, Butylene Glycol, Niacinamide, Titanium Dioxide, Hyaluronic Acid, Ethylhexyl Methoxycinnamate, Polysorbate 80, Glyceryl Stearate, Kojic Dipalmitate, Tocopherol, Collagen, H\u01b0\u01a1ng th\u01a1m, Arbutin, Phenoxyethanol, Protein s\u1eefa, B\u1ed9t ng\u1ecdc trai, Bisabolol, Chi\u1ebft xu\u1ea5t Centella Asiatica, Chi\u1ebft xu\u1ea5t tr\u00e1i c\u00e2y Cucumis Sativus, Axit ascoricic, Retinol. 2. C\u00f4ng d\u1ee5ng: Gi\u00fap l\u00e0m [&hellip;]<\/p>\n","protected":false},"featured_media":2127,"comment_status":"open","ping_status":"closed","template":"","meta":{"_gspb_post_css":""},"store":[],"product_cat":[23,66,57],"product_tag":[],"_links":{"self":[{"href":"https:\/\/yody-phuonganh.vn\/index.php\/wp-json\/wp\/v2\/product\/2126"}],"collection":[{"href":"https:\/\/yody-phuonganh.vn\/index.php\/wp-json\/wp\/v2\/product"}],"about":[{"href":"https:\/\/yody-phuonganh.vn\/index.php\/wp-json\/wp\/v2\/types\/product"}],"replies":[{"embeddable":true,"href":"https:\/\/yody-phuonganh.vn\/index.php\/wp-json\/wp\/v2\/comments?post=2126"}],"wp:featuredmedia":[{"embeddable":true,"href":"https:\/\/yody-phuonganh.vn\/index.php\/wp-json\/wp\/v2\/media\/2127"}],"wp:attachment":[{"href":"https:\/\/yody-phuonganh.vn\/index.php\/wp-json\/wp\/v2\/media?parent=2126"}],"wp:term":[{"taxonomy":"store","embeddable":true,"href":"https:\/\/yody-phuonganh.vn\/index.php\/wp-json\/wp\/v2\/store?post=2126"},{"taxonomy":"product_cat","embeddable":true,"href":"https:\/\/yody-phuonganh.vn\/index.php\/wp-json\/wp\/v2\/product_cat?post=2126"},{"taxonomy":"product_tag","embeddable":true,"href":"https:\/\/yody-phuonganh.vn\/index.php\/wp-json\/wp\/v2\/product_tag?post=2126"}],"curies":[{"name":"wp","href":"https:\/\/api.w.org\/{rel}","templated":true}]}}