{"id":2123,"date":"2023-06-29T19:37:36","date_gmt":"2023-06-29T12:37:36","guid":{"rendered":"https:\/\/yody-phuonganh.vn\/index.php\/san-pham\/serum-giup-tai-tao-da\/"},"modified":"2023-06-29T19:38:43","modified_gmt":"2023-06-29T12:38:43","slug":"serum-giup-tai-tao-da","status":"publish","type":"product","link":"https:\/\/yody-phuonganh.vn\/index.php\/san-pham\/serum-giup-tai-tao-da\/","title":{"rendered":"SERUM GI\u00daP T\u00c1I T\u1ea0O DA"},"content":{"rendered":"<p><img loading=\"lazy\" decoding=\"async\" class=\"wp-post-image\" title=\"tai-tao\" src=\"http:\/\/yody-phuonganh.vn\/wp-content\/uploads\/2023\/06\/SERUM-GIUP-TAI-TAO-DA.jpg\" alt=\"\" width=\"600\" height=\"600\" data-caption=\"\" data-large_image=\"http:\/\/yody-phuonganh.vn\/wp-content\/uploads\/2023\/06\/SERUM-GIUP-TAI-TAO-DA.jpg\" data-large_image_width=\"2560\" data-large_image_height=\"2560\" \/><br \/>\n<bdi>350.000 won<span class=\"woocommerce-Price-currencySymbol\">\u20ab<\/span><\/bdi><\/p>\n<h2>M\u00f4 t\u1ea3<\/h2>\n<h4><strong>1. Th\u00e0nh ph\u1ea7n:<\/strong><\/h4>\n<p><span data-sheets-value=\"{&quot;1&quot;:2,&quot;2&quot;:&quot;Th\u00e0nh ph\u1ea7n:\\n\\&quot;Water,Allantoin, Hyaluron-ic Acid,Gly Acid,Propylene Glycol, Tocopheryl Acetate, Ascorbic\\nAcid, Arbutin,Retinol Ubiquinone, Kojic Acid, Carbomer, Parfum, Collagen, pearl powder,\\nTriethanolamine, Phenoxyetha-nol, Crocus Sativus Flower Extract, Curcuma Longa Root \\nExtract,Simmond-sia Chinensis Seed oil, Dipotassium Glycyrrhizate, Centella Asiatica Extract\\nCucumis Sativus Fruit Extract.\\n\\nC\u00f4ng d\u1ee5ng:\\nT\u00e1i t\u1ea1o l\u00e0n da m\u1edbi kh\u1ecfe \u0111\u1eb9p, l\u00e0m se kh\u00edt l\u1ed5 ch\u00e2n l\u00f4ng,ng\u0103n ng\u1eeba l\u00e3o h\u00f3a da, l\u00e0m da tr\u1eafng \u0111\u1ec1u m\u1ecbn m\u00e0ng.\\n\\nH\u01b0\u1edbng d\u1eabn s\u1eed d\u1ee5ng:\\n\\&quot;1.Ng\u01b0ng t\u1ea5t c\u1ea3 c\u00e1c m\u1ef9 ph\u1ea9m tr\u01b0\u1edbc 1-2 ng\u00e0y khi d\u00f9ng thu\u1ed1c v\u00e0 trogn th\u1eddi gian d\u00f9ng (n\u1ebfu long m\u1eb7t nhi\u1ec1u c\u1ea1o l\u00f4ng m\u1eb7t tr\u01b0\u1edbc khi d\u00f9ng 1 ng\u00e0y).\\n2.L\u1eafc \u0111\u1ec1u tr\u01b0\u1edbc khi s\u1eed d\u1ee5ng (kh\u00f4ng \u0111\u01b0\u1ee3c \u0111\u1eafp b\u1ea5t k\u00ec m\u1eb7t n\u1ea1 n\u00e0o trong th\u1eddi gian d\u00f9ng thu\u1ed1c )\\n3.D\u00f9ng tr\u1ef1c ti\u1ebfp hay b\u00f4i thu\u1ed1c l\u00ean m\u1eb7t kh\u00f4ng d\u00f9ng t\u0103m b\u00f4ng, hay b\u00f4ng g\u00f2n \u0111\u1ec3 b\u00f4i thu\u1ed1c.X\u1ecbt thu\u1ed1c ra l\u00f2ng 1 b\u00ean b\u00e0n tay,tay c\u00f2n l\u1ea1i ch\u1ea5m thu\u1ed1c b\u00f4i l\u00ean da.\\n4.B\u00f4i thu\u1ed1c m\u1ed9t ng\u00e0y 2-3 l\u1ea7n ( S\u00e1ng b\u00f4i \u0111\u1ebfn tr\u01b0a r\u1eeda, tr\u01b0a b\u00f4i \u0111\u1ebfn chi\u1ec1u r\u1eeda, t\u1ed1i b\u00f4i \u0111\u1ebfn s\u00e1ng r\u1eeda \u0111i.)\\nCh\u00fa \u00fd :K\u1ebft h\u1ee3p b\u1ed9t r\u1eeda m\u1eb7t Ph\u01b0\u01a1ng Anh \u0111\u1ec3 \u0111\u1ea1t hi\u1ec7u qu\u1ea3 cao.\\n\\nK\u00edch \u1ee9ng da: Kh\u00f4ng \u0111\u00e1ng k\u1ec3\\n\\nB\u1ea3o qu\u1ea3n: N\u01a1i kh\u00f4 r\u00e1o, tho\u00e1ng m\u00e1t tr\u00e1nh \u00e1nh n\u1eafng tr\u1ef1c ti\u1ebfp, tr\u00e1nh xa t\u1ea7m tay tr\u1ebb em.\\n\\nL\u01b0u \u00fd:\\n\\&quot;-Tr\u00e1nh v\u00e0 l\u01b0u \u00fd kh\u00f4ng b\u00f4i thu\u1ed1c v\u00e0o v\u00f9ng h\u1ed1c m\u1eaft v\u00e0 v\u00f9ng xung quanh m\u1eaft.\\n-3 ng\u00e0y \u0111\u1ea7u b\u00f4i thu\u1ed1c ng\u00e0y 1 l\u1ea7n ti\u1ebfp \u0111\u00f3 t\u0103ng l\u00ean ng\u00e0y 2-3 l\u1ea7n.\\n-Th\u01b0\u1eddng xuy\u00ean n\u1eb7n m\u1ee5n trong qu\u00e1 tr\u00ecnh t\u00e1i t\u1ea1o.\\n-Khi da \u0111\u1ecf \u00edt, ng\u1ee9a nhi\u1ec1u,s\u1ea7n r\u00e1t v\u1eabn b\u00f4i ng\u00e0y 1 l\u1ea7n ( Bi\u1ec3u hi\u1ec7n t\u1ed1t ),Khi da \u0111\u1ecf nhi\u1ec1u, s\u01b0ng nhi\u1ec1u ng\u01b0ng thu\u1ed1c, n\u1ebfu c\u00f3 b\u1ed9t ( Ph\u01b0\u01a1ng Anh) th\u00ec pha v\u1edbi n\u01b0\u1edbc \\n\u0111\u1eafp l\u00ean 5-10 ph\u00fat \u0111\u1ec3 gi\u1ea3m s\u01b0ng \u0111\u1ecf.N\u1ebfu kh\u00f4ng c\u00f3 b\u1ed9t th\u00ec ch\u1ec9 r\u1eeda b\u1eb1ng n\u01b0\u1edbc ho\u1eb7c l\u1ea5y \u0111\u00e1 l\u1ea1nh b\u1ecf v\u00f4 kh\u0103n ch\u01b0\u1eddm l\u00ean m\u1eb7t \u0111\u1ec3 gi\u1ea3m s\u01b0ng \u0111\u1ecf.\\n-L\u00fac t\u1eafm n\u00ean r\u1eeda m\u1eb7t tr\u01b0\u1edbc r\u1ed3i t\u1eafm kh\u00f4ng l\u00e1y v\u00f2i sen x\u1ecbt t\u1eeb tr\u00ean \u0111\u1ea7u xu\u1ed1ng s\u1ebd lan xu\u1ed1ng ng\u01b0\u1eddi g\u00e2y bong da ( khi da ai nh\u1ea1y c\u1ea3m l\u1ee1 d\u00ednh thu\u1ed1c l\u00ean ng\u01b0\u1eddi\\ng\u00e2y s\u1ea7n ng\u1ee9a bong da th\u00ec th\u1eddi gian \u0111\u00f3 kh\u00f4ng \u0111\u01b0\u1ee3c t\u1eafm s\u1eeda t\u1eafm hay b\u1ea5t c\u1ee9 g\u00ec ) ch\u1ec9 t\u1eafm b\u1eb1ng n\u01b0\u1edbc ho\u1eb7c pha n\u01b0\u1edbc mu\u1ed1i t\u1eafm cho \u0111\u1ebfn khi da b\u00ecnh th\u01b0\u1eddng\\ntr\u1edd l\u1ea1i,\\n-Th\u01b0\u1eddng xuy\u00ean g\u1eedi da t\u01b0 v\u1ea5n trong th\u1eddi gian d\u00f9ng thu\u1ed1c \u0111\u1ec3 da nhanh \u0111\u1eb9p.\\n100% s\u1ea3n ph\u1ea9m kh\u00f4ng ph\u1ea3i l\u00e0 thu\u1ed1c r\u01b0\u1ee3u, kh\u00e1c ho\u00e0n to\u00e0n so v\u1edbi c\u00e1c s\u1ea3n ph\u1ea9m kh\u00e1c tr\u00ean th\u1ecb tr\u01b0\u1eddng, ho\u00e0n to\u00e0n kh\u00f4ng c\u00f3 th\u00e0nh ph\u1ea7n c\u1ed3n tr\u00ean 2%.\\nGi\u00e1 ni\u00eam y\u1ebft:3500.000 vn\u0111\\n(kh\u00f4ng \u0111\u01b0\u1ee3c ph\u00e1 gi\u00e1, ai b\u00e1n sai gi\u00e1 l\u00e0 h\u00e0ng gi\u1ea3 ).\\&quot;\\t\\t\\t\\r\\n&quot;}\" data-sheets-userformat=\"{&quot;2&quot;:769,&quot;3&quot;:{&quot;1&quot;:0},&quot;11&quot;:4,&quot;12&quot;:0}\">N\u01b0\u1edbc, Allantoin, Hyaluron-ic Acid, Gly Acid, Propylene Glycol, Tocopheryl Acetate, Ascorbic Acid, Arbutin, Retinol Ubiquinone, Kojic Acid, Carbomer, Parfum, Collagen, b\u1ed9t ng\u1ecdc trai, Triethanolamine, Phenoxyetha-nol, Chi\u1ebft xu\u1ea5t hoa Crocus Sativus, Curcuma Chi\u1ebft xu\u1ea5t r\u1ec5 Longa, D\u1ea7u h\u1ea1t Simmond-sia Chinensis, Dipotassium Glycyrrhizate, Chi\u1ebft xu\u1ea5t Centella Asiatica, Chi\u1ebft xu\u1ea5t qu\u1ea3 Cucumis Sativus.<\/span><\/p>\n<h4><strong>2. C\u00f4ng d\u1ee5ng:<\/strong><\/h4>\n<p>T\u00e1i t\u1ea1o l\u00e0n da m\u1edbi kh\u1ecfe \u0111\u1eb9p, se kh\u00edt l\u1ed7 ch\u00e2n l\u00f4ng, ng\u0103n ng\u1eeba l\u00e3o h\u00f3a da, gi\u00fap da tr\u1eafng s\u00e1ng m\u1ecbn m\u00e0ng.<\/p>\n<h4><strong>3. C\u00e1ch s\u1eed d\u1ee5ng:<\/strong><\/h4>\n<ul>\n<li>B\u01b0\u1edbc 1: Ng\u1eebng t\u1ea5t c\u1ea3 m\u1ef9 ph\u1ea9m tr\u01b0\u1edbc 1-2 ng\u00e0y khi s\u1eed d\u1ee5ng thu\u1ed1c v\u00e0 trong qu\u00e1 tr\u00ecnh s\u1eed d\u1ee5ng (n\u1ebfu l\u00f4ng m\u1eb7t c\u1ea1o nhi\u1ec1u tr\u01b0\u1edbc khi s\u1eed d\u1ee5ng 1 ng\u00e0y).<\/li>\n<li>B\u01b0\u1edbc 2: L\u1eafc \u0111\u1ec1u tr\u01b0\u1edbc khi s\u1eed d\u1ee5ng (kh\u00f4ng \u0111\u1eafp b\u1ea5t k\u1ef3 lo\u1ea1i m\u1eb7t n\u1ea1 n\u00e0o trong th\u1eddi gian s\u1eed d\u1ee5ng).<\/li>\n<li>B\u01b0\u1edbc 3: D\u00f9ng tr\u1ef1c ti\u1ebfp ho\u1eb7c b\u00f4i thu\u1ed1c l\u00ean m\u1eb7t, kh\u00f4ng d\u00f9ng t\u0103m b\u00f4ng ho\u1eb7c b\u00f4ng g\u00f2n \u0111\u1ec3 b\u00f4i thu\u1ed1c. M\u1ed9t tay x\u1ecbt thu\u1ed1c v\u00e0o l\u00f2ng b\u00e0n tay, tay kia ch\u1ea5m thu\u1ed1c l\u00ean da.<\/li>\n<li>B\u01b0\u1edbc 4: Ng\u00e0y b\u00f4i thu\u1ed1c 2-3 l\u1ea7n (s\u00e1ng b\u00f4i \u0111\u1ebfn tr\u01b0a, tr\u01b0a r\u1eeda, t\u1ed1i r\u1eeda).<\/li>\n<\/ul>\n<h4><strong>4. Ch\u00fa \u00fd:<\/strong><\/h4>\n<p>K\u1ebft h\u1ee3p b\u1ed9t r\u1eeda m\u1eb7t Ph\u01b0\u01a1ng Anh \u0111\u1ec3 \u0111\u1ea1t hi\u1ec7u qu\u1ea3 cao.<\/p>\n<h4><strong>5. K\u00edch \u1ee9ng da:<\/strong><\/h4>\n<p>Kh\u00f4ng \u0111\u00e1ng k\u1ec3.<\/p>\n<h4><strong>6. B\u1ea3o qu\u1ea3n:<\/strong><\/h4>\n<p>N\u01a1i kh\u00f4 r\u00e1o, tho\u00e1ng m\u00e1t. Tr\u00e1nh \u00e1nh n\u1eafng tr\u1ef1c ti\u1ebfp, \u0111\u1ec3 xa t\u1ea7m tay tr\u1ebb em.<\/p>\n<h4><strong>7. L\u01b0u \u00fd:<\/strong><\/h4>\n<ul>\n<li>Tr\u00e1nh v\u00e0 l\u01b0u \u00fd kh\u00f4ng b\u00f4i thu\u1ed1c v\u00e0o h\u1ed1c m\u1eaft v\u00e0 xung quanh m\u1eaft.<\/li>\n<li>3 ng\u00e0y \u0111\u1ea7u b\u00f4i thu\u1ed1c 1 l\u1ea7n\/ng\u00e0y, sau t\u0103ng l\u00ean 2-3 l\u1ea7n\/ng\u00e0y.<\/li>\n<li>Th\u01b0\u1eddng xuy\u00ean n\u1eb7n m\u1ee5n trong qu\u00e1 tr\u00ecnh t\u00e1i t\u1ea1o.<\/li>\n<li>Khi da b\u1edbt \u0111\u1ecf, ng\u1ee9a, r\u00e1t v\u1eabn b\u00f4i ng\u00e0y 1 l\u1ea7n (hi\u1ec7u qu\u1ea3 t\u1ed1t), khi da \u0111\u1ecf, s\u01b0ng t\u1ea5y th\u00ec ng\u01b0ng thu\u1ed1c, n\u1ebfu c\u00f3 b\u1ed9t (Ph\u01b0\u01a1ng Anh) h\u00f2a v\u1edbi n\u01b0\u1edbc r\u1ed3i b\u00f4i trong 5-10 ph\u00fat \u0111\u1ec3 gi\u1ea3m s\u01b0ng \u0111\u1ecf. N\u1ebfu kh\u00f4ng c\u00f3 b\u1ed9t th\u00ec ch\u1ec9 c\u1ea7n r\u1eeda s\u1ea1ch v\u1edbi n\u01b0\u1edbc ho\u1eb7c cho \u0111\u00e1 v\u00e0o kh\u0103n r\u1ed3i \u0111\u1eafp l\u00ean m\u1eb7t \u0111\u1ec3 gi\u1ea3m s\u01b0ng t\u1ea5y, m\u1ea9n \u0111\u1ecf.<\/li>\n<li>Khi t\u1eafm n\u00ean r\u1eeda s\u1ea1ch m\u1eb7t tr\u01b0\u1edbc r\u1ed3i m\u1edbi t\u1eafm, kh\u00f4ng n\u00ean t\u1eafm v\u00f2i hoa sen \u0111\u1ec3 x\u1ecbt t\u1eeb tr\u00ean \u0111\u1ea7u xu\u1ed1ng s\u1ebd lan ra ng\u01b0\u1eddi g\u00e2y bong tr\u00f3c (khi da ai nh\u1ea1y c\u1ea3m v\u00f4 t\u00ecnh b\u1ecb d\u00ednh thu\u1ed1c v\u00e0o). ng\u01b0\u1eddi g\u00e2y ng\u1ee9a v\u00e0 bong tr\u00f3c, th\u1eddi gian \u0111\u00f3 kh\u00f4ng \u0111\u01b0\u1ee3c t\u1eafm b\u1eb1ng s\u1eefa t\u1eafm) hay g\u00ec c\u1ea3) ch\u1ec9 t\u1eafm b\u1eb1ng n\u01b0\u1edbc l\u00e3 ho\u1eb7c ng\u00e2m n\u01b0\u1edbc mu\u1ed1i cho \u0111\u1ebfn khi da tr\u1edf l\u1ea1i b\u00ecnh th\u01b0\u1eddng.<\/li>\n<li>Th\u01b0\u1eddng xuy\u00ean g\u1eedi t\u01b0 v\u1ea5n da trong th\u1eddi gian s\u1eed d\u1ee5ng thu\u1ed1c \u0111\u1ec3 nhanh ch\u00f3ng c\u00f3 l\u00e0n da \u0111\u1eb9p. S\u1ea3n ph\u1ea9m 100% kh\u00f4ng ph\u1ea3i c\u1ed3n thu\u1ed1c, kh\u00e1c bi\u1ec7t ho\u00e0n to\u00e0n v\u1edbi c\u00e1c s\u1ea3n ph\u1ea9m kh\u00e1c tr\u00ean th\u1ecb tr\u01b0\u1eddng, ho\u00e0n to\u00e0n kh\u00f4ng c\u00f3 th\u00e0nh ph\u1ea7n c\u1ed3n tr\u00ean 2%.<\/li>\n<li>Gi\u00e1 ni\u00eam y\u1ebft: 350.000\u20ab (kh\u00f4ng b\u00e1n ph\u00e1 gi\u00e1, ai b\u00e1n kh\u00f4ng \u0111\u00fang gi\u00e1 l\u00e0 h\u00e0ng nh\u00e1i).<\/li>\n<\/ul>\n<hr \/>\n<p><span style=\"color: #ff0000;\"><strong>TH\u00d4NG TIN LI\u00caN H\u1ec6:<\/strong><\/span><br \/>\n<span style=\"color: #ff0000;\"><strong>QU\u00dd KH\u00c1CH G\u1eecI \u1ea2NH CH\u1ee4P DA QUA ZALO NH\u01af T\u01af V\u1ea4N CHO M\u00ccNH NH\u00c9<\/strong><\/span><br \/>\n<span style=\"color: #ff0000;\"><strong>ZALO <a href=\"https:\/\/zalo.me\/0778790095\">0778790095- Hotline: 0974670571<\/a><\/strong><\/span><br \/>\n<strong><span style=\"color: #ff0000;\">41\/50\/6 Nguy\u1ec5n Oanh, P10, G\u00f2 V\u1ea5p, TP.HCM<\/span><\/strong><\/p>\n","protected":false},"excerpt":{"rendered":"<p>350.000 won\u20ab M\u00f4 t\u1ea3 1. Th\u00e0nh ph\u1ea7n: N\u01b0\u1edbc, Allantoin, Hyaluron-ic Acid, Gly Acid, Propylene Glycol, Tocopheryl Acetate, Ascorbic Acid, Arbutin, Retinol Ubiquinone, Kojic Acid, Carbomer, Parfum, Collagen, b\u1ed9t ng\u1ecdc trai, Triethanolamine, Phenoxyetha-nol, Chi\u1ebft xu\u1ea5t hoa Crocus Sativus, Curcuma Chi\u1ebft xu\u1ea5t r\u1ec5 Longa, D\u1ea7u h\u1ea1t Simmond-sia Chinensis, Dipotassium Glycyrrhizate, Chi\u1ebft xu\u1ea5t Centella Asiatica, Chi\u1ebft xu\u1ea5t qu\u1ea3 [&hellip;]<\/p>\n","protected":false},"featured_media":2124,"comment_status":"open","ping_status":"closed","template":"","meta":{"_gspb_post_css":""},"store":[],"product_cat":[23,66,57],"product_tag":[],"_links":{"self":[{"href":"https:\/\/yody-phuonganh.vn\/index.php\/wp-json\/wp\/v2\/product\/2123"}],"collection":[{"href":"https:\/\/yody-phuonganh.vn\/index.php\/wp-json\/wp\/v2\/product"}],"about":[{"href":"https:\/\/yody-phuonganh.vn\/index.php\/wp-json\/wp\/v2\/types\/product"}],"replies":[{"embeddable":true,"href":"https:\/\/yody-phuonganh.vn\/index.php\/wp-json\/wp\/v2\/comments?post=2123"}],"wp:featuredmedia":[{"embeddable":true,"href":"https:\/\/yody-phuonganh.vn\/index.php\/wp-json\/wp\/v2\/media\/2124"}],"wp:attachment":[{"href":"https:\/\/yody-phuonganh.vn\/index.php\/wp-json\/wp\/v2\/media?parent=2123"}],"wp:term":[{"taxonomy":"store","embeddable":true,"href":"https:\/\/yody-phuonganh.vn\/index.php\/wp-json\/wp\/v2\/store?post=2123"},{"taxonomy":"product_cat","embeddable":true,"href":"https:\/\/yody-phuonganh.vn\/index.php\/wp-json\/wp\/v2\/product_cat?post=2123"},{"taxonomy":"product_tag","embeddable":true,"href":"https:\/\/yody-phuonganh.vn\/index.php\/wp-json\/wp\/v2\/product_tag?post=2123"}],"curies":[{"name":"wp","href":"https:\/\/api.w.org\/{rel}","templated":true}]}}