{"id":2117,"date":"2023-06-29T19:33:34","date_gmt":"2023-06-29T12:33:34","guid":{"rendered":"https:\/\/yody-phuonganh.vn\/index.php\/san-pham\/serum-duong-da-hyaluron\/"},"modified":"2023-06-29T19:35:44","modified_gmt":"2023-06-29T12:35:44","slug":"serum-duong-da-hyaluron","status":"publish","type":"product","link":"https:\/\/yody-phuonganh.vn\/index.php\/san-pham\/serum-duong-da-hyaluron\/","title":{"rendered":"SERUM D\u01af\u1ee0NG DA HYALURON"},"content":{"rendered":"<p><img loading=\"lazy\" decoding=\"async\" class=\"wp-post-image\" title=\"serum-tr\u1ecb-m\u1ee5n\" src=\"http:\/\/yody-phuonganh.vn\/wp-content\/uploads\/2023\/06\/SERUM-DUONG-DA-HYALURON.jpg\" alt=\"\" width=\"600\" height=\"600\" data-caption=\"\" data-large_image=\"http:\/\/yody-phuonganh.vn\/wp-content\/uploads\/2023\/06\/SERUM-DUONG-DA-HYALURON.jpg\" data-large_image_width=\"2560\" data-large_image_height=\"2560\" \/><br \/>\n<bdi>400.000 won<span class=\"woocommerce-Price-currencySymbol\">\u20ab<\/span><\/bdi><\/p>\n<h2>M\u00f4 t\u1ea3<\/h2>\n<h4><strong>1. Th\u00e0nh ph\u1ea7n:<\/strong><\/h4>\n<p>N\u01b0\u1edbc, Panthenol, Propanediol, Natri Hyaluronate, Niacinamide, Allantoin, Xylitylglucoside, Anhydroxylitol, Xylitol, Disodium Edta, D\u1ea7u th\u1ea7u d\u1ea7u hydro h\u00f3a PEG-40, H\u01b0\u01a1ng th\u01a1m, Chlorphenesin, O-Cymen-5-Ol, Axit Citric.<\/p>\n<h4><strong>2. C\u00f4ng d\u1ee5ng:<\/strong><\/h4>\n<p>Gi\u00fap d\u01b0\u1ee1ng \u1ea9m cho da, gi\u00fap da c\u0103ng m\u1ecdng, m\u1ecbn m\u00e0ng v\u00e0 s\u0103n ch\u1eafc.<\/p>\n<h4><strong>3. C\u00e1ch s\u1eed d\u1ee5ng:<\/strong><\/h4>\n<ul>\n<li>B\u01b0\u1edbc 1: Cho m\u1ed9t l\u01b0\u1ee3ng s\u1ea3n ph\u1ea9m v\u1eeba ph\u1ea3i ra tay.<\/li>\n<li>B\u01b0\u1edbc 2: D\u00f9ng tay thoa \u0111\u1ec1u s\u1ea3n ph\u1ea9m l\u00ean v\u00f9ng da c\u1ea7n l\u00e0m \u0111\u1eb9p trong v\u00f2ng 2-3 ph\u00fat.<\/li>\n<li>B\u01b0\u1edbc 3: Sau khi thoa dung d\u1ecbch l\u00ean v\u00f9ng c\u1ea7n l\u00e0m \u0111\u1eb9p, \u0111\u1ec3 dung d\u1ecbch l\u01b0u l\u1ea1i tr\u00ean da, kh\u00f4ng r\u1eeda s\u1ea1ch. \u00c1p d\u1ee5ng s\u1ea3n ph\u1ea9m 1-2 l\u1ea7n m\u1ed7i ng\u00e0y.<\/li>\n<\/ul>\n<h4><strong>4. Ph\u00f9 h\u1ee3p:<\/strong><\/h4>\n<ul>\n<li>Da y\u1ebfu, ch\u0103m s\u00f3c da sau laser, l\u1ed9t t\u1ea9y, t\u00e1i t\u1ea1o.<\/li>\n<li>Gi\u1ea3m thi\u1ec3u t\u1ed5n th\u01b0\u01a1ng da, ph\u1ee5c h\u1ed3i da h\u01b0 t\u1ed5n.<\/li>\n<li>Da kh\u00f4, da l\u00e3o h\u00f3a v\u00e0o m\u00f9a l\u1ea1nh, c\u1ea7n cung c\u1ea5p n\u01b0\u1edbc v\u00e0 \u0111\u1ed9 \u1ea9m, da b\u1ecb ch\u00e1y n\u1eafng.<\/li>\n<li>Nh\u1eefng ng\u01b0\u1eddi th\u01b0\u1eddng xuy\u00ean ti\u1ebfp x\u00fac v\u1edbi m\u00f4i tr\u01b0\u1eddng m\u00e1y l\u1ea1nh ho\u1eb7c nhi\u1ec7t \u0111\u1ed9 th\u1ea5p.<\/li>\n<\/ul>\n<h4><strong>5. Ch\u1ec9 ti\u00eau k\u00edch \u1ee9ng:<\/strong><\/h4>\n<p>Kh\u00f4ng \u0111\u00e1ng k\u1ec3.<\/p>\n<h4><strong>6. \u0110i\u1ec1u ki\u1ec7n b\u1ea3o qu\u1ea3n:<\/strong><\/h4>\n<p>N\u01a1i kh\u00f4 r\u00e1o, tho\u00e1ng m\u00e1t. Tr\u00e1nh \u00e1nh n\u1eafng tr\u1ef1c ti\u1ebfp. Tr\u00e1nh xa t\u1ea7m tay tr\u1ebb em. \u0110\u00f3ng n\u1eafp sau khi s\u1eed d\u1ee5ng.<\/p>\n<hr \/>\n<p><span style=\"color: #ff0000;\"><strong>TH\u00d4NG TIN LI\u00caN H\u1ec6:<\/strong><\/span><br \/>\n<span style=\"color: #ff0000;\"><strong>QU\u00dd KH\u00c1CH G\u1eecI \u1ea2NH CH\u1ee4P DA QUA ZALO NH\u01af T\u01af V\u1ea4N CHO M\u00ccNH NH\u00c9<\/strong><\/span><br \/>\n<span style=\"color: #ff0000;\"><strong>ZALO <a href=\"https:\/\/zalo.me\/0778790095\">0778790095- Hotline: 0974670571<\/a><\/strong><\/span><br \/>\n<strong><span style=\"color: #ff0000;\">41\/50\/6 Nguy\u1ec5n Oanh, P10, G\u00f2 V\u1ea5p, TP.HCM<\/span><\/strong><\/p>\n","protected":false},"excerpt":{"rendered":"<p>400.000 won\u20ab M\u00f4 t\u1ea3 1. Th\u00e0nh ph\u1ea7n: N\u01b0\u1edbc, Panthenol, Propanediol, Natri Hyaluronate, Niacinamide, Allantoin, Xylitylglucoside, Anhydroxylitol, Xylitol, Disodium Edta, D\u1ea7u th\u1ea7u d\u1ea7u hydro h\u00f3a PEG-40, H\u01b0\u01a1ng th\u01a1m, Chlorphenesin, O-Cymen-5-Ol, Axit Citric. 2. C\u00f4ng d\u1ee5ng: Gi\u00fap d\u01b0\u1ee1ng \u1ea9m cho da, gi\u00fap da c\u0103ng m\u1ecdng, m\u1ecbn m\u00e0ng v\u00e0 s\u0103n ch\u1eafc. 3. C\u00e1ch s\u1eed d\u1ee5ng: B\u01b0\u1edbc 1: Cho [&hellip;]<\/p>\n","protected":false},"featured_media":2118,"comment_status":"open","ping_status":"closed","template":"","meta":{"_gspb_post_css":""},"store":[],"product_cat":[23,66,57],"product_tag":[],"_links":{"self":[{"href":"https:\/\/yody-phuonganh.vn\/index.php\/wp-json\/wp\/v2\/product\/2117"}],"collection":[{"href":"https:\/\/yody-phuonganh.vn\/index.php\/wp-json\/wp\/v2\/product"}],"about":[{"href":"https:\/\/yody-phuonganh.vn\/index.php\/wp-json\/wp\/v2\/types\/product"}],"replies":[{"embeddable":true,"href":"https:\/\/yody-phuonganh.vn\/index.php\/wp-json\/wp\/v2\/comments?post=2117"}],"wp:featuredmedia":[{"embeddable":true,"href":"https:\/\/yody-phuonganh.vn\/index.php\/wp-json\/wp\/v2\/media\/2118"}],"wp:attachment":[{"href":"https:\/\/yody-phuonganh.vn\/index.php\/wp-json\/wp\/v2\/media?parent=2117"}],"wp:term":[{"taxonomy":"store","embeddable":true,"href":"https:\/\/yody-phuonganh.vn\/index.php\/wp-json\/wp\/v2\/store?post=2117"},{"taxonomy":"product_cat","embeddable":true,"href":"https:\/\/yody-phuonganh.vn\/index.php\/wp-json\/wp\/v2\/product_cat?post=2117"},{"taxonomy":"product_tag","embeddable":true,"href":"https:\/\/yody-phuonganh.vn\/index.php\/wp-json\/wp\/v2\/product_tag?post=2117"}],"curies":[{"name":"wp","href":"https:\/\/api.w.org\/{rel}","templated":true}]}}