{"id":2111,"date":"2023-06-29T19:29:34","date_gmt":"2023-06-29T12:29:34","guid":{"rendered":"https:\/\/yody-phuonganh.vn\/index.php\/san-pham\/serum-tan-nhang-nam-seo-035ml\/"},"modified":"2023-06-29T19:30:55","modified_gmt":"2023-06-29T12:30:55","slug":"serum-tan-nhang-nam-seo-035ml","status":"publish","type":"product","link":"https:\/\/yody-phuonganh.vn\/index.php\/san-pham\/serum-tan-nhang-nam-seo-035ml\/","title":{"rendered":"SERUM T\u00c0N NHANG \u2013 N\u00c1M \u2013 S\u1eb8O 0,35ML"},"content":{"rendered":"<p><img loading=\"lazy\" decoding=\"async\" class=\"wp-post-image\" title=\"t\u00e0n--nhang-n\u00e1m-s\u1eb9o-2\" src=\"http:\/\/yody-phuonganh.vn\/wp-content\/uploads\/2023\/06\/SERUM-TAN-NHANG-\u2013-NAM-\u2013-SEO-035ML.jpg\" alt=\"\" width=\"600\" height=\"600\" data-caption=\"\" data-large_image=\"http:\/\/yody-phuonganh.vn\/wp-content\/uploads\/2023\/06\/SERUM-TAN-NHANG-\u2013-NAM-\u2013-SEO-035ML.jpg\" data-large_image_width=\"2560\" data-large_image_height=\"2560\" \/><br \/>\n<bdi>270.000 won<span class=\"woocommerce-Price-currencySymbol\">\u20ab<\/span><\/bdi><\/p>\n<h2>M\u00f4 t\u1ea3<\/h2>\n<h4><span data-sheets-value=\"{&quot;1&quot;:2,&quot;2&quot;:&quot;Th\u00e0nh ph\u1ea9n: Aqua, Alcohol, Glycerin, Propanediol, Sodium Bicarbonate, Butylene Glycol, Glycolic acid, Glycyrrhiza glabra (Licorice) Root Extract Beta-Glucan, Dipropylene Glycol, Boswelllia serrata Gum, Rosmarinus Offcinalis Flower Oil, Decyl Glucoside, PEG-40 Hydrogenated Castor Oil, Trideceth-9, Disodium EDTA, Caprylyl Glycol, Glycerinh Propanediol, Hyaluronic Acld, Glycerin, Camellia Sinensis (Green Tea) Extract, Sodium PCA, Sodium Lactate, Arginine, Aspartic Acid, PCA, Glycine, Alanine, Serine, Valine, Proline, Threonine, Isoleucine Histidine, Phenylalanine, Carbomer Phenoxyethanol, Caprylyl Glycol, Potassium Sorbate, Hexylene Glycol, Triethanolamine\\n\\nC\u00f4ng d\u1ee5ng: Lo\u1ea1i b\u1ecf n\u00e1m \u0111inh, t\u00e0n nhang, m\u1ee5n th\u1ecbt, s\u1eb9o l\u1ed3i, m\u1ee5n c\u00f3c, r\u1ed7...\\n\\nC\u00e1ch d\u00f9ng: S\u1eed d\u1ee5ng t\u0103m ch\u1ea5m thu\u1ed1c, ch\u1ea5m tr\u1ef1c ti\u1ebfp l\u00ean n\u1ed1t t\u00e0n nhang, m\u1ee5n, s\u1eb9o...\\n&quot;}\" data-sheets-userformat=\"{&quot;2&quot;:769,&quot;3&quot;:{&quot;1&quot;:0},&quot;11&quot;:4,&quot;12&quot;:0}\"><strong>1. Th\u00e0nh ph\u1ea7n:<\/strong><\/span><\/h4>\n<p><span data-sheets-value=\"{&quot;1&quot;:2,&quot;2&quot;:&quot;Th\u00e0nh ph\u1ea9n: Aqua, Alcohol, Glycerin, Propanediol, Sodium Bicarbonate, Butylene Glycol, Glycolic acid, Glycyrrhiza glabra (Licorice) Root Extract Beta-Glucan, Dipropylene Glycol, Boswelllia serrata Gum, Rosmarinus Offcinalis Flower Oil, Decyl Glucoside, PEG-40 Hydrogenated Castor Oil, Trideceth-9, Disodium EDTA, Caprylyl Glycol, Glycerinh Propanediol, Hyaluronic Acld, Glycerin, Camellia Sinensis (Green Tea) Extract, Sodium PCA, Sodium Lactate, Arginine, Aspartic Acid, PCA, Glycine, Alanine, Serine, Valine, Proline, Threonine, Isoleucine Histidine, Phenylalanine, Carbomer Phenoxyethanol, Caprylyl Glycol, Potassium Sorbate, Hexylene Glycol, Triethanolamine\\n\\nC\u00f4ng d\u1ee5ng: Lo\u1ea1i b\u1ecf n\u00e1m \u0111inh, t\u00e0n nhang, m\u1ee5n th\u1ecbt, s\u1eb9o l\u1ed3i, m\u1ee5n c\u00f3c, r\u1ed7...\\n\\nC\u00e1ch d\u00f9ng: S\u1eed d\u1ee5ng t\u0103m ch\u1ea5m thu\u1ed1c, ch\u1ea5m tr\u1ef1c ti\u1ebfp l\u00ean n\u1ed1t t\u00e0n nhang, m\u1ee5n, s\u1eb9o...\\n&quot;}\" data-sheets-userformat=\"{&quot;2&quot;:769,&quot;3&quot;:{&quot;1&quot;:0},&quot;11&quot;:4,&quot;12&quot;:0}\">N\u01b0\u1edbc, C\u1ed3n, Glycerin, Propanediol, Natri Bicarbonate, Butylene Glycol, Axit Glycolic, Glycyrrhiza Glabra (Cam th\u1ea3o) Chi\u1ebft xu\u1ea5t t\u1eeb \u200b\u200br\u1ec5, Beta-Glucan, Dipropylene Glycol, Boswelllia <\/span><span data-sheets-value=\"{&quot;1&quot;:2,&quot;2&quot;:&quot;Th\u00e0nh ph\u1ea9n: Aqua, Alcohol, Glycerin, Propanediol, Sodium Bicarbonate, Butylene Glycol, Glycolic acid, Glycyrrhiza glabra (Licorice) Root Extract Beta-Glucan, Dipropylene Glycol, Boswelllia serrata Gum, Rosmarinus Offcinalis Flower Oil, Decyl Glucoside, PEG-40 Hydrogenated Castor Oil, Trideceth-9, Disodium EDTA, Caprylyl Glycol, Glycerinh Propanediol, Hyaluronic Acld, Glycerin, Camellia Sinensis (Green Tea) Extract, Sodium PCA, Sodium Lactate, Arginine, Aspartic Acid, PCA, Glycine, Alanine, Serine, Valine, Proline, Threonine, Isoleucine Histidine, Phenylalanine, Carbomer Phenoxyethanol, Caprylyl Glycol, Potassium Sorbate, Hexylene Glycol, Triethanolamine\\n\\nC\u00f4ng d\u1ee5ng: Lo\u1ea1i b\u1ecf n\u00e1m \u0111inh, t\u00e0n nhang, m\u1ee5n th\u1ecbt, s\u1eb9o l\u1ed3i, m\u1ee5n c\u00f3c, r\u1ed7...\\n\\nC\u00e1ch d\u00f9ng: S\u1eed d\u1ee5ng t\u0103m ch\u1ea5m thu\u1ed1c, ch\u1ea5m tr\u1ef1c ti\u1ebfp l\u00ean n\u1ed1t t\u00e0n nhang, m\u1ee5n, s\u1eb9o...\\n&quot;}\" data-sheets-userformat=\"{&quot;2&quot;:769,&quot;3&quot;:{&quot;1&quot;:0},&quot;11&quot;:4,&quot;12&quot;:0}\">Serrata Gum, D\u1ea7u hoa Rosmarinus Offcinalis, Decyl Glucoside, D\u1ea7u th\u1ea7u d\u1ea7u hydro h\u00f3a PEG-40, Trideceth-9, Disodium EDTA, Caprylyl Glycol, Glycerin Propanediol, Axit Hyaluronic, Glycerin, Chi\u1ebft xu\u1ea5t Camellia Sinensis (Tr\u00e0 xanh), Natri PCA, Natri Lactate, Arginine, Axit Aspartic, PCA, Glycine, Alanine, Serine, Valine, Proline, Threonine, Isoleucine Histidine, Phenylalanine, Carbomer Phenoxyethanol, Caprylyl Glycol, Kali Sorbate, Hexylene Glycol, Triethanolamine.<\/span><\/p>\n<h4><strong>2. C\u00f4ng d\u1ee5ng:<\/strong><\/h4>\n<p>X\u00f3a n\u00e1m, t\u00e0n nhang, m\u1ee5n th\u1ecbt, s\u1eb9o l\u1ed3i, m\u1ee5n c\u00f3c, r\u1ed7&#8230;<\/p>\n<h4><strong>3. C\u00e1ch s\u1eed d\u1ee5ng:<\/strong><\/h4>\n<p>D\u00f9ng t\u0103m ch\u1ea5m thu\u1ed1c, ch\u1ea5m tr\u1ef1c ti\u1ebfp l\u00ean t\u00e0n nhang, m\u1ee5n, s\u1eb9o\u2026<\/p>\n<h4><strong>4. B\u1ea3o qu\u1ea3n:<\/strong><\/h4>\n<p>B\u1ea3o qu\u1ea3n n\u01a1i kh\u00f4 r\u00e1o d\u01b0\u1edbi 30 \u0111\u1ed9 C, tr\u00e1nh \u00e1nh n\u1eafng tr\u1ef1c ti\u1ebfp. \u0110\u00f3ng ch\u1eb7t n\u1eafp sau khi s\u1eed d\u1ee5ng. Tr\u00e1nh xa t\u1ea7m tay tr\u1ebb em.<\/p>\n<hr \/>\n<p><span style=\"color: #ff0000;\"><strong>TH\u00d4NG TIN LI\u00caN H\u1ec6:<\/strong><\/span><br \/>\n<span style=\"color: #ff0000;\"><strong>QU\u00dd KH\u00c1CH G\u1eecI \u1ea2NH CH\u1ee4P DA QUA ZALO NH\u01af T\u01af V\u1ea4N CHO M\u00ccNH NH\u00c9<\/strong><\/span><br \/>\n<span style=\"color: #ff0000;\"><strong>ZALO <a href=\"https:\/\/zalo.me\/0778790095\">0778790095- Hotline: 0974670571<\/a><\/strong><\/span><br \/>\n<strong><span style=\"color: #ff0000;\">41\/50\/6 Nguy\u1ec5n Oanh, P10, G\u00f2 V\u1ea5p, TP.HCM<\/span><\/strong><\/p>\n","protected":false},"excerpt":{"rendered":"<p>270.000 won\u20ab M\u00f4 t\u1ea3 1. Th\u00e0nh ph\u1ea7n: N\u01b0\u1edbc, C\u1ed3n, Glycerin, Propanediol, Natri Bicarbonate, Butylene Glycol, Axit Glycolic, Glycyrrhiza Glabra (Cam th\u1ea3o) Chi\u1ebft xu\u1ea5t t\u1eeb \u200b\u200br\u1ec5, Beta-Glucan, Dipropylene Glycol, Boswelllia Serrata Gum, D\u1ea7u hoa Rosmarinus Offcinalis, Decyl Glucoside, D\u1ea7u th\u1ea7u d\u1ea7u hydro h\u00f3a PEG-40, Trideceth-9, Disodium EDTA, Caprylyl Glycol, Glycerin Propanediol, Axit Hyaluronic, Glycerin, Chi\u1ebft xu\u1ea5t [&hellip;]<\/p>\n","protected":false},"featured_media":2112,"comment_status":"open","ping_status":"closed","template":"","meta":{"_gspb_post_css":""},"store":[],"product_cat":[23,57],"product_tag":[],"_links":{"self":[{"href":"https:\/\/yody-phuonganh.vn\/index.php\/wp-json\/wp\/v2\/product\/2111"}],"collection":[{"href":"https:\/\/yody-phuonganh.vn\/index.php\/wp-json\/wp\/v2\/product"}],"about":[{"href":"https:\/\/yody-phuonganh.vn\/index.php\/wp-json\/wp\/v2\/types\/product"}],"replies":[{"embeddable":true,"href":"https:\/\/yody-phuonganh.vn\/index.php\/wp-json\/wp\/v2\/comments?post=2111"}],"wp:featuredmedia":[{"embeddable":true,"href":"https:\/\/yody-phuonganh.vn\/index.php\/wp-json\/wp\/v2\/media\/2112"}],"wp:attachment":[{"href":"https:\/\/yody-phuonganh.vn\/index.php\/wp-json\/wp\/v2\/media?parent=2111"}],"wp:term":[{"taxonomy":"store","embeddable":true,"href":"https:\/\/yody-phuonganh.vn\/index.php\/wp-json\/wp\/v2\/store?post=2111"},{"taxonomy":"product_cat","embeddable":true,"href":"https:\/\/yody-phuonganh.vn\/index.php\/wp-json\/wp\/v2\/product_cat?post=2111"},{"taxonomy":"product_tag","embeddable":true,"href":"https:\/\/yody-phuonganh.vn\/index.php\/wp-json\/wp\/v2\/product_tag?post=2111"}],"curies":[{"name":"wp","href":"https:\/\/api.w.org\/{rel}","templated":true}]}}