{"id":2105,"date":"2023-06-29T19:25:40","date_gmt":"2023-06-29T12:25:40","guid":{"rendered":"https:\/\/yody-phuonganh.vn\/index.php\/san-pham\/melasma-cream-kem-uc-che-nam-trang-da\/"},"modified":"2023-06-29T19:27:28","modified_gmt":"2023-06-29T12:27:28","slug":"melasma-cream-kem-uc-che-nam-trang-da","status":"publish","type":"product","link":"https:\/\/yody-phuonganh.vn\/index.php\/san-pham\/melasma-cream-kem-uc-che-nam-trang-da\/","title":{"rendered":"MELASMA CREAM (KEM \u1ee8C CH\u1ebe N\u00c1M TR\u1eaeNG DA)"},"content":{"rendered":"<p><img loading=\"lazy\" decoding=\"async\" class=\"wp-post-image\" title=\"kem-uc-che-nam\" src=\"http:\/\/yody-phuonganh.vn\/wp-content\/uploads\/2023\/06\/MELASMA-CREAM-KEM-UC-CHE-NAM-TRANG-DA.jpg\" alt=\"\" width=\"600\" height=\"600\" data-caption=\"\" data-large_image=\"http:\/\/yody-phuonganh.vn\/wp-content\/uploads\/2023\/06\/MELASMA-CREAM-KEM-UC-CHE-NAM-TRANG-DA.jpg\" data-large_image_width=\"2560\" data-large_image_height=\"2560\" \/><br \/>\n<bdi>580.000 won<span class=\"woocommerce-Price-currencySymbol\">\u20ab<\/span><\/bdi><\/p>\n<h2>M\u00f4 t\u1ea3<\/h2>\n<h4><span data-sheets-value=\"{&quot;1&quot;:2,&quot;2&quot;:&quot;Th\u00e0nh ph\u1ea7n:\\nWater,Synthetic Pertrolatum,Cetyl Alcohol,Glycerin,Aloe Vera Vecicles,Hamamelis Virginiana Bark\/Leaf\/Twig Extract,Steareth-21, Proglycol,Hydrolyzed Jojoba Esters, Bisabolol, Tocopheryl Acetate, Niacinamide, Stearic Acid, Titanium Dioxide, Glyceryl Stearate, Ethylhexyglycerin &amp; Phenoxyethanol, Ceteareth-20, Ceteary Alcohol, Cetyl Palmitate, Glycolic Acid,Alpha-Arbutin,Parfum,Disodium EDTA \\n\\nB\u1ea3o qu\u1ea3n:\\nN\u01a1i tho\u00e1ng m\u00e1t,tr\u00e1nh \u00e1nh n\u1eafng tr\u1ef1c ti\u1ebfp.\\n\\nPh\u00f9 h\u1ee3p:\\nM\u1ecdi lo\u1ea1i da:Da n\u00e1m,da d\u1ea7u ,k\u1ec3 ca da nh\u1ea1y c\u1ea3m v\u00e0 da sau khi li\u1ec7u tr\u00ecnh \u0111i\u1ec1u tr\u1ecb,da sau khi bong... \u0110\u1eb7c bi\u1ec7t l\u00e0 da n\u00e1m m\u1ea3ng,n\u00e1m \u0111inh, da s\u1ea1m m\u00e0u, da kh\u1ed3ng \u0111\u1ec1u s\u1eafc t\u1ed1 ....\\t\\t\\t\\t\\t\\r\\n\\nC\u00f4ng d\u1ee5ng:\\nTh\u00e0nh ph\u1ea7n g\u1ed3m c\u00e1c th\u1ea3o d\u01b0\u1ee3c t\u1ef1 nhi\u00ean c\u00f3 t\u00e1c d\u1ee5ng hi\u1ec7u qu\u1ea3 trong vi\u1ec7c cung c\u1ea5p n\u01b0\u1edbc,gi\u1eef \u1ea9m v\u00e0 l\u00e0m m\u1ec1m da,c\u00e2n b\u1eb1ng \u0111\u1ed9 \u1ea9m cho da,g\u00f3p ph\u1ea7n l\u00e0m ch\u1eadm qu\u00e1 tr\u00ecnh l\u00e3o h\u00f3a,gi\u00fap da d\u1ea7n c\u1ea3i thi\u1ec7n \u0111\u01b0\u1ee3c m\u1ecbn m\u00e0ng\\t\\t\\t\\t\\t\\t\\t\\t\\r\\n\\nH\u01b0\u1edbng d\u1eabn s\u1eed d\u1ee5ng:\\nB1:R\u1eeda m\u1eb7t th\u1eadt s\u1ea1ch v\u00e0 lau kh\u00f4 b\u1eb1ng kh\u0103n b\u00f4ng m\u1ec1m.\\nB2:L\u1ea5y m\u1ed9t l\u01b0\u1ee3ng v\u1eeba \u0111\u1ee7 s\u1ea3n ph\u1ea9m thoa l\u00ean m\u1eb7t.\\nB3:m\u00e1t xa th\u1eadt nh\u1eb9 b\u1eb1ng c\u00e1c \u0111\u1ea7u ng\u00f3n tay \u0111\u1ec3 kem \u0111\u01b0\u1ee3c th\u1ea5m \u0111\u1ec1u l\u00ean b\u1ec1 m\u1eb7t da.\\nB4:S\u1eed d\u1ee5ng 1-2 l\u1ea7n\/ng\u00e0y \u0111\u1ec3 c\u00f3 k\u1ebft qu\u1ea3 t\u1ed1t nh\u1ea5t.\\t\\t\\t\\r\\n\\t\\t\\t\\t\\t&quot;}\" data-sheets-userformat=\"{&quot;2&quot;:769,&quot;3&quot;:{&quot;1&quot;:0},&quot;11&quot;:4,&quot;12&quot;:0}\"><strong>1. Th\u00e0nh ph\u1ea7n:<\/strong><\/span><\/h4>\n<p><span data-sheets-value=\"{&quot;1&quot;:2,&quot;2&quot;:&quot;Th\u00e0nh ph\u1ea7n:\\nWater,Synthetic Pertrolatum,Cetyl Alcohol,Glycerin,Aloe Vera Vecicles,Hamamelis Virginiana Bark\/Leaf\/Twig Extract,Steareth-21, Proglycol,Hydrolyzed Jojoba Esters, Bisabolol, Tocopheryl Acetate, Niacinamide, Stearic Acid, Titanium Dioxide, Glyceryl Stearate, Ethylhexyglycerin &amp; Phenoxyethanol, Ceteareth-20, Ceteary Alcohol, Cetyl Palmitate, Glycolic Acid,Alpha-Arbutin,Parfum,Disodium EDTA \\n\\nB\u1ea3o qu\u1ea3n:\\nN\u01a1i tho\u00e1ng m\u00e1t,tr\u00e1nh \u00e1nh n\u1eafng tr\u1ef1c ti\u1ebfp.\\n\\nPh\u00f9 h\u1ee3p:\\nM\u1ecdi lo\u1ea1i da:Da n\u00e1m,da d\u1ea7u ,k\u1ec3 ca da nh\u1ea1y c\u1ea3m v\u00e0 da sau khi li\u1ec7u tr\u00ecnh \u0111i\u1ec1u tr\u1ecb,da sau khi bong... \u0110\u1eb7c bi\u1ec7t l\u00e0 da n\u00e1m m\u1ea3ng,n\u00e1m \u0111inh, da s\u1ea1m m\u00e0u, da kh\u1ed3ng \u0111\u1ec1u s\u1eafc t\u1ed1 ....\\t\\t\\t\\t\\t\\r\\n\\nC\u00f4ng d\u1ee5ng:\\nTh\u00e0nh ph\u1ea7n g\u1ed3m c\u00e1c th\u1ea3o d\u01b0\u1ee3c t\u1ef1 nhi\u00ean c\u00f3 t\u00e1c d\u1ee5ng hi\u1ec7u qu\u1ea3 trong vi\u1ec7c cung c\u1ea5p n\u01b0\u1edbc,gi\u1eef \u1ea9m v\u00e0 l\u00e0m m\u1ec1m da,c\u00e2n b\u1eb1ng \u0111\u1ed9 \u1ea9m cho da,g\u00f3p ph\u1ea7n l\u00e0m ch\u1eadm qu\u00e1 tr\u00ecnh l\u00e3o h\u00f3a,gi\u00fap da d\u1ea7n c\u1ea3i thi\u1ec7n \u0111\u01b0\u1ee3c m\u1ecbn m\u00e0ng\\t\\t\\t\\t\\t\\t\\t\\t\\r\\n\\nH\u01b0\u1edbng d\u1eabn s\u1eed d\u1ee5ng:\\nB1:R\u1eeda m\u1eb7t th\u1eadt s\u1ea1ch v\u00e0 lau kh\u00f4 b\u1eb1ng kh\u0103n b\u00f4ng m\u1ec1m.\\nB2:L\u1ea5y m\u1ed9t l\u01b0\u1ee3ng v\u1eeba \u0111\u1ee7 s\u1ea3n ph\u1ea9m thoa l\u00ean m\u1eb7t.\\nB3:m\u00e1t xa th\u1eadt nh\u1eb9 b\u1eb1ng c\u00e1c \u0111\u1ea7u ng\u00f3n tay \u0111\u1ec3 kem \u0111\u01b0\u1ee3c th\u1ea5m \u0111\u1ec1u l\u00ean b\u1ec1 m\u1eb7t da.\\nB4:S\u1eed d\u1ee5ng 1-2 l\u1ea7n\/ng\u00e0y \u0111\u1ec3 c\u00f3 k\u1ebft qu\u1ea3 t\u1ed1t nh\u1ea5t.\\t\\t\\t\\r\\n\\t\\t\\t\\t\\t&quot;}\" data-sheets-userformat=\"{&quot;2&quot;:769,&quot;3&quot;:{&quot;1&quot;:0},&quot;11&quot;:4,&quot;12&quot;:0}\">N\u01b0\u1edbc, Pertrolatum t\u1ed5ng h\u1ee3p, Cetyl Alcohol, Glycerin, Aloe Vera Vecicles, Chi\u1ebft xu\u1ea5t v\u1ecf c\u00e2y\/l\u00e1\/c\u00e0nh c\u00e2y Hamamelis Virginiana, Steareth-21, Proglycol, Este Jojoba th\u1ee7y ph\u00e2n, Bisabolol, Tocopheryl Acetate, Niacinamide, Axit Stearic, Titanium Dioxide, Glyceryl Stearate, Ethylhexyglycerin &amp; Phenoxyethanol, Ceteareth-20, Ceteary Alcohol, Cetyl Palmitate, Glycolic Acid, Alpha-Arbutin, Parfum, Disodium EDTA.<\/span><\/p>\n<h4><strong>2. C\u00f4ng d\u1ee5ng:<\/strong><\/h4>\n<p>Th\u00e0nh ph\u1ea7n bao g\u1ed3m c\u00e1c th\u1ea3o d\u01b0\u1ee3c thi\u00ean nhi\u00ean c\u00f3 t\u00e1c d\u1ee5ng c\u1ea5p n\u01b0\u1edbc, d\u01b0\u1ee1ng \u1ea9m l\u00e0m m\u1ec1m da, c\u00e2n b\u1eb1ng \u0111\u1ed9 \u1ea9m cho da, g\u00f3p ph\u1ea7n l\u00e0m ch\u1eadm qu\u00e1 tr\u00ecnh l\u00e3o h\u00f3a, gi\u00fap da d\u1ea7n c\u1ea3i thi\u1ec7n c\u0103ng m\u1ecbn. v\u00e0 \u0111\u1ec1u m\u00e0u, gi\u00fap l\u00e0m m\u1edd v\u1ebft th\u00e2m, n\u00e1m, d\u01b0\u1ee1ng da tr\u1eafng s\u00e1ng, m\u1ecbn m\u00e0ng.<\/p>\n<h4><strong>3. C\u00e1ch s\u1eed d\u1ee5ng:<\/strong><\/h4>\n<ul>\n<li>B\u01b0\u1edbc 1: R\u1eeda m\u1eb7t th\u1eadt s\u1ea1ch v\u00e0 th\u1ea5m kh\u00f4 b\u1eb1ng kh\u0103n b\u00f4ng m\u1ec1m.<\/li>\n<li>B\u01b0\u1edbc 2: L\u1ea5y m\u1ed9t l\u01b0\u1ee3ng v\u1eeba \u0111\u1ee7 s\u1ea3n ph\u1ea9m v\u00e0 thoa \u0111\u1ec1u l\u00ean m\u1eb7t.<\/li>\n<li>B\u01b0\u1edbc 3: D\u00f9ng \u0111\u1ea7u ng\u00f3n tay massage nh\u1eb9 nh\u00e0ng \u0111\u1ec3 kem th\u1ea5m \u0111\u1ec1u l\u00ean b\u1ec1 m\u1eb7t da.<\/li>\n<li>B\u01b0\u1edbc 4: S\u1eed d\u1ee5ng ng\u00e0y 1-2 l\u1ea7n \u0111\u1ec3 \u0111\u1ea1t hi\u1ec7u qu\u1ea3 t\u1ed1t nh\u1ea5t.<\/li>\n<\/ul>\n<h4><strong>4. Ph\u00f9 h\u1ee3p:<\/strong><\/h4>\n<p>M\u1ecdi lo\u1ea1i da: Da n\u00e1m, da d\u1ea7u, k\u1ec3 c\u1ea3 da nh\u1ea1y c\u1ea3m v\u00e0 da sau \u0111i\u1ec1u tr\u1ecb, da sau l\u1ed9t t\u1ea9y\u2026 \u0110\u1eb7c bi\u1ec7t l\u00e0 c\u00e1c m\u1ea3ng n\u00e1m da, n\u00e1m m\u00f3ng, da th\u00e2m, da kh\u00f4ng \u0111\u1ec1u s\u1eafc t\u1ed1\u2026<\/p>\n<h4><strong>5. B\u1ea3o qu\u1ea3n:<\/strong><\/h4>\n<p>N\u01a1i tho\u00e1ng m\u00e1t, tr\u00e1nh \u00e1nh n\u1eafng tr\u1ef1c ti\u1ebfp.<\/p>\n<hr \/>\n<div class=\"woocommerce-tabs wc-tabs-wrapper\"><\/div>\n<p><span style=\"color: #ff0000;\"><strong>TH\u00d4NG TIN LI\u00caN H\u1ec6:<\/strong><\/span><br \/>\n<span style=\"color: #ff0000;\"><strong>QU\u00dd KH\u00c1CH G\u1eecI \u1ea2NH CH\u1ee4P DA QUA ZALO NH\u01af T\u01af V\u1ea4N CHO M\u00ccNH NH\u00c9<\/strong><\/span><br \/>\n<span style=\"color: #ff0000;\"><strong>ZALO <a href=\"https:\/\/zalo.me\/0778790095\">0778790095- Hotline: 0974670571<\/a><\/strong><\/span><br \/>\n<strong><span style=\"color: #ff0000;\">41\/50\/6 Nguy\u1ec5n Oanh, P10, G\u00f2 V\u1ea5p, TP.HCM<\/span><\/strong><\/p>\n","protected":false},"excerpt":{"rendered":"<p>580.000 won\u20ab M\u00f4 t\u1ea3 1. Th\u00e0nh ph\u1ea7n: N\u01b0\u1edbc, Pertrolatum t\u1ed5ng h\u1ee3p, Cetyl Alcohol, Glycerin, Aloe Vera Vecicles, Chi\u1ebft xu\u1ea5t v\u1ecf c\u00e2y\/l\u00e1\/c\u00e0nh c\u00e2y Hamamelis Virginiana, Steareth-21, Proglycol, Este Jojoba th\u1ee7y ph\u00e2n, Bisabolol, Tocopheryl Acetate, Niacinamide, Axit Stearic, Titanium Dioxide, Glyceryl Stearate, Ethylhexyglycerin &amp; Phenoxyethanol, Ceteareth-20, Ceteary Alcohol, Cetyl Palmitate, Glycolic Acid, Alpha-Arbutin, Parfum, Disodium EDTA. 2. [&hellip;]<\/p>\n","protected":false},"featured_media":2106,"comment_status":"open","ping_status":"closed","template":"","meta":{"_gspb_post_css":""},"store":[],"product_cat":[23,66,57],"product_tag":[],"_links":{"self":[{"href":"https:\/\/yody-phuonganh.vn\/index.php\/wp-json\/wp\/v2\/product\/2105"}],"collection":[{"href":"https:\/\/yody-phuonganh.vn\/index.php\/wp-json\/wp\/v2\/product"}],"about":[{"href":"https:\/\/yody-phuonganh.vn\/index.php\/wp-json\/wp\/v2\/types\/product"}],"replies":[{"embeddable":true,"href":"https:\/\/yody-phuonganh.vn\/index.php\/wp-json\/wp\/v2\/comments?post=2105"}],"wp:featuredmedia":[{"embeddable":true,"href":"https:\/\/yody-phuonganh.vn\/index.php\/wp-json\/wp\/v2\/media\/2106"}],"wp:attachment":[{"href":"https:\/\/yody-phuonganh.vn\/index.php\/wp-json\/wp\/v2\/media?parent=2105"}],"wp:term":[{"taxonomy":"store","embeddable":true,"href":"https:\/\/yody-phuonganh.vn\/index.php\/wp-json\/wp\/v2\/store?post=2105"},{"taxonomy":"product_cat","embeddable":true,"href":"https:\/\/yody-phuonganh.vn\/index.php\/wp-json\/wp\/v2\/product_cat?post=2105"},{"taxonomy":"product_tag","embeddable":true,"href":"https:\/\/yody-phuonganh.vn\/index.php\/wp-json\/wp\/v2\/product_tag?post=2105"}],"curies":[{"name":"wp","href":"https:\/\/api.w.org\/{rel}","templated":true}]}}