{"id":2102,"date":"2023-06-29T19:23:56","date_gmt":"2023-06-29T12:23:56","guid":{"rendered":"https:\/\/yody-phuonganh.vn\/index.php\/san-pham\/mat-na-phuc-hoi-cang-bong\/"},"modified":"2023-06-29T19:25:17","modified_gmt":"2023-06-29T12:25:17","slug":"mat-na-phuc-hoi-cang-bong","status":"publish","type":"product","link":"https:\/\/yody-phuonganh.vn\/index.php\/san-pham\/mat-na-phuc-hoi-cang-bong\/","title":{"rendered":"M\u1eb6T N\u1ea0 PH\u1ee4C H\u1ed2I C\u0102NG B\u00d3NG"},"content":{"rendered":"<p><img loading=\"lazy\" decoding=\"async\" class=\"wp-post-image\" title=\"m\u1eb7t-n\u1ea1-ph\u1ee5c-h\u1ed3i\" src=\"http:\/\/yody-phuonganh.vn\/wp-content\/uploads\/2023\/06\/MAT-NA-PHUC-HOI-CANG-BONG.jpg\" alt=\"\" width=\"600\" height=\"600\" data-caption=\"\" data-large_image=\"http:\/\/yody-phuonganh.vn\/wp-content\/uploads\/2023\/06\/MAT-NA-PHUC-HOI-CANG-BONG.jpg\" data-large_image_width=\"2560\" data-large_image_height=\"2560\" \/><br \/>\n<bdi>230.000 won<span class=\"woocommerce-Price-currencySymbol\">\u20ab<\/span><\/bdi><\/p>\n<h2>M\u00f4 t\u1ea3<\/h2>\n<h4><span data-sheets-value=\"{&quot;1&quot;:2,&quot;2&quot;:&quot;Th\u00e0nh ph\u1ea7n:\\nWater, Sodium Hyaluronnate, Glycerin, Peg - 40 Hydrogenater Castor Oil, Ethyllhexylglycerin (and) Phenoxyethanol, Carbomer, Disodium Edta.\\n\\nC\u00f4ng d\u1ee5ng:\\nD\u01b0\u1ee1ng tr\u1eafng, d\u01b0\u1ee1ng \u1ea9m, c\u1ea5p n\u01b0\u1edbc, ph\u1ee5c h\u1ed3i da sau khi t\u1ed5n th\u01b0\u01a1ng (sau bong, l\u1ed9t da, laser, l\u0103n kim...).\\n\\nC\u00e1ch s\u1eed d\u1ee5ng:\\nR\u1eeda m\u1eb7t s\u1ea1ch v\u00e0 lau kh\u00f4. \u0110\u1eafp m\u1eb7t n\u1ea1 l\u00ean da, vu\u1ed1t cho m\u1eb7t n\u1ea1 kh\u00edt v\u1edbi khu\u00f4n m\u1eb7t. \u0110\u1eafp m\u1eb7t n\u1ea1 v\u00e0 th\u01b0 gi\u00e3n trong th\u1eddi gian 20 - 30 ph\u00fat. G\u1ee1 m\u1eb7t n\u1ea1 ra, masage nh\u1eb9 cho tinh ch\u1ea5t th\u1ea9m th\u1ea5u v\u00e0o da. C\u00f3 th\u1ec3 lau s\u1ea1ch l\u1ea1i cho s\u1ea1ch ho\u1eb7c kh\u00f4ng lau. ( Tr\u01b0\u1edbc khi s\u1eed d\u1ee5ng. \u0110\u1ec3 m\u1eb7t v\u00e0o t\u1ee7 l\u1ea1nh t\u1ea7m 10 ph\u00fat tr\u01b0\u1edbc khi \u0111\u1eafp).\\n\\nB\u1ea3o qu\u1ea3n:\\nN\u01a1i tho\u00e1ng m\u00e1t.\\n&quot;}\" data-sheets-userformat=\"{&quot;2&quot;:769,&quot;3&quot;:{&quot;1&quot;:0},&quot;11&quot;:4,&quot;12&quot;:0}\"><strong>1. Th\u00e0nh ph\u1ea7n:<\/strong><\/span><\/h4>\n<p><span data-sheets-value=\"{&quot;1&quot;:2,&quot;2&quot;:&quot;Th\u00e0nh ph\u1ea7n:\\nWater, Sodium Hyaluronnate, Glycerin, Peg - 40 Hydrogenater Castor Oil, Ethyllhexylglycerin (and) Phenoxyethanol, Carbomer, Disodium Edta.\\n\\nC\u00f4ng d\u1ee5ng:\\nD\u01b0\u1ee1ng tr\u1eafng, d\u01b0\u1ee1ng \u1ea9m, c\u1ea5p n\u01b0\u1edbc, ph\u1ee5c h\u1ed3i da sau khi t\u1ed5n th\u01b0\u01a1ng (sau bong, l\u1ed9t da, laser, l\u0103n kim...).\\n\\nC\u00e1ch s\u1eed d\u1ee5ng:\\nR\u1eeda m\u1eb7t s\u1ea1ch v\u00e0 lau kh\u00f4. \u0110\u1eafp m\u1eb7t n\u1ea1 l\u00ean da, vu\u1ed1t cho m\u1eb7t n\u1ea1 kh\u00edt v\u1edbi khu\u00f4n m\u1eb7t. \u0110\u1eafp m\u1eb7t n\u1ea1 v\u00e0 th\u01b0 gi\u00e3n trong th\u1eddi gian 20 - 30 ph\u00fat. G\u1ee1 m\u1eb7t n\u1ea1 ra, masage nh\u1eb9 cho tinh ch\u1ea5t th\u1ea9m th\u1ea5u v\u00e0o da. C\u00f3 th\u1ec3 lau s\u1ea1ch l\u1ea1i cho s\u1ea1ch ho\u1eb7c kh\u00f4ng lau. ( Tr\u01b0\u1edbc khi s\u1eed d\u1ee5ng. \u0110\u1ec3 m\u1eb7t v\u00e0o t\u1ee7 l\u1ea1nh t\u1ea7m 10 ph\u00fat tr\u01b0\u1edbc khi \u0111\u1eafp).\\n\\nB\u1ea3o qu\u1ea3n:\\nN\u01a1i tho\u00e1ng m\u00e1t.\\n&quot;}\" data-sheets-userformat=\"{&quot;2&quot;:769,&quot;3&quot;:{&quot;1&quot;:0},&quot;11&quot;:4,&quot;12&quot;:0}\">N\u01b0\u1edbc, Natri Hyaluronate, Glycerin, Peg \u2013 40 D\u1ea7u th\u1ea7u d\u1ea7u hydro h\u00f3a, Ethyllhexylglycerin (V\u00e0) Phenoxyethanol, Carbomer, Disodium Edta.<\/span><\/p>\n<h4><strong>2. C\u00f4ng d\u1ee5ng:<\/strong><\/h4>\n<p>L\u00e0m tr\u1eafng, d\u01b0\u1ee1ng \u1ea9m, c\u1ea5p n\u01b0\u1edbc, ph\u1ee5c h\u1ed3i da sau h\u01b0 t\u1ed5n (sau l\u1ed9t t\u1ea9y, l\u1ed9t t\u1ea9y, laser, l\u0103n kim\u2026).<\/p>\n<h4><strong>3. C\u00e1ch s\u1eed d\u1ee5ng:<\/strong><\/h4>\n<p>R\u1eeda m\u1eb7t s\u1ea1ch v\u00e0 lau kh\u00f4. \u0110\u1eafp m\u1eb7t n\u1ea1 l\u00ean da, vu\u1ed1t cho m\u1eb7t n\u1ea1 \u00f4m kh\u00edt khu\u00f4n m\u1eb7t. \u0110\u1eafp m\u1eb7t n\u1ea1 v\u00e0 th\u01b0 gi\u00e3n trong 20-30 ph\u00fat. G\u1ee1 m\u1eb7t n\u1ea1 v\u00e0 massage nh\u1eb9 nh\u00e0ng cho tinh ch\u1ea5t th\u1ea9m th\u1ea5u v\u00e0o da. C\u00f3 th\u1ec3 lau s\u1ea1ch ho\u1eb7c kh\u00f4ng lau. (Tr\u01b0\u1edbc khi s\u1eed d\u1ee5ng n\u00ean cho m\u1eb7t n\u1ea1 v\u00e0o t\u1ee7 l\u1ea1nh kho\u1ea3ng 10 ph\u00fat tr\u01b0\u1edbc khi \u0111\u1eafp).<\/p>\n<h4><strong>4. Ph\u00f9 h\u1ee3p:<\/strong><\/h4>\n<p>T\u1ea5t c\u1ea3 c\u00e1c lo\u1ea1i da.<\/p>\n<h4><strong>5. B\u1ea3o qu\u1ea3n:<\/strong><\/h4>\n<p>N\u01a1i m\u00e1t m\u1ebb.<\/p>\n<p>&#8212;&#8212;&#8212;&#8212;&#8212;&#8212;&#8212;&#8212;&#8212;-<\/p>\n<p><span style=\"color: #ff0000;\"><strong>TH\u00d4NG TIN LI\u00caN H\u1ec6:<\/strong><\/span><br \/>\n<span style=\"color: #ff0000;\"><strong>QU\u00dd KH\u00c1CH G\u1eecI \u1ea2NH CH\u1ee4P DA QUA ZALO NH\u01af T\u01af V\u1ea4N CHO M\u00ccNH NH\u00c9<\/strong><\/span><br \/>\n<span style=\"color: #ff0000;\"><strong>ZALO <a href=\"https:\/\/zalo.me\/0778790095\">0778790095- Hotline: 0974670571<\/a><\/strong><\/span><br \/>\n<strong><span style=\"color: #ff0000;\">41\/50\/6 Nguy\u1ec5n Oanh, P10, G\u00f2 V\u1ea5p, TP.HCM<\/span><\/strong><\/p>\n","protected":false},"excerpt":{"rendered":"<p>230.000 won\u20ab M\u00f4 t\u1ea3 1. Th\u00e0nh ph\u1ea7n: N\u01b0\u1edbc, Natri Hyaluronate, Glycerin, Peg \u2013 40 D\u1ea7u th\u1ea7u d\u1ea7u hydro h\u00f3a, Ethyllhexylglycerin (V\u00e0) Phenoxyethanol, Carbomer, Disodium Edta. 2. C\u00f4ng d\u1ee5ng: L\u00e0m tr\u1eafng, d\u01b0\u1ee1ng \u1ea9m, c\u1ea5p n\u01b0\u1edbc, ph\u1ee5c h\u1ed3i da sau h\u01b0 t\u1ed5n (sau l\u1ed9t t\u1ea9y, l\u1ed9t t\u1ea9y, laser, l\u0103n kim\u2026). 3. C\u00e1ch s\u1eed d\u1ee5ng: R\u1eeda m\u1eb7t s\u1ea1ch [&hellip;]<\/p>\n","protected":false},"featured_media":2103,"comment_status":"open","ping_status":"closed","template":"","meta":{"_gspb_post_css":""},"store":[],"product_cat":[23,66,57,99,82,96],"product_tag":[],"_links":{"self":[{"href":"https:\/\/yody-phuonganh.vn\/index.php\/wp-json\/wp\/v2\/product\/2102"}],"collection":[{"href":"https:\/\/yody-phuonganh.vn\/index.php\/wp-json\/wp\/v2\/product"}],"about":[{"href":"https:\/\/yody-phuonganh.vn\/index.php\/wp-json\/wp\/v2\/types\/product"}],"replies":[{"embeddable":true,"href":"https:\/\/yody-phuonganh.vn\/index.php\/wp-json\/wp\/v2\/comments?post=2102"}],"wp:featuredmedia":[{"embeddable":true,"href":"https:\/\/yody-phuonganh.vn\/index.php\/wp-json\/wp\/v2\/media\/2103"}],"wp:attachment":[{"href":"https:\/\/yody-phuonganh.vn\/index.php\/wp-json\/wp\/v2\/media?parent=2102"}],"wp:term":[{"taxonomy":"store","embeddable":true,"href":"https:\/\/yody-phuonganh.vn\/index.php\/wp-json\/wp\/v2\/store?post=2102"},{"taxonomy":"product_cat","embeddable":true,"href":"https:\/\/yody-phuonganh.vn\/index.php\/wp-json\/wp\/v2\/product_cat?post=2102"},{"taxonomy":"product_tag","embeddable":true,"href":"https:\/\/yody-phuonganh.vn\/index.php\/wp-json\/wp\/v2\/product_tag?post=2102"}],"curies":[{"name":"wp","href":"https:\/\/api.w.org\/{rel}","templated":true}]}}