{"id":2093,"date":"2023-06-29T19:17:36","date_gmt":"2023-06-29T12:17:36","guid":{"rendered":"https:\/\/yody-phuonganh.vn\/index.php\/san-pham\/eyebrow-moc-may\/"},"modified":"2023-06-29T19:18:59","modified_gmt":"2023-06-29T12:18:59","slug":"eyebrow-moc-may","status":"publish","type":"product","link":"https:\/\/yody-phuonganh.vn\/index.php\/san-pham\/eyebrow-moc-may\/","title":{"rendered":"EYEBROW \u2013 M\u1eccC M\u00c0Y"},"content":{"rendered":"<p><img loading=\"lazy\" decoding=\"async\" class=\"wp-post-image\" title=\"kich-may\" src=\"http:\/\/yody-phuonganh.vn\/wp-content\/uploads\/2023\/06\/EYEBROW-\u2013-MOC-MAY.jpg\" alt=\"\" width=\"600\" height=\"600\" data-caption=\"\" data-large_image=\"http:\/\/yody-phuonganh.vn\/wp-content\/uploads\/2023\/06\/EYEBROW-\u2013-MOC-MAY.jpg\" data-large_image_width=\"2560\" data-large_image_height=\"2560\" \/><br \/>\n<bdi>350.000 won<span class=\"woocommerce-Price-currencySymbol\">\u20ab<\/span><\/bdi><\/p>\n<h2>M\u00f4 t\u1ea3<\/h2>\n<h4><strong>1. Th\u00e0nh ph\u1ea7n:<\/strong><\/h4>\n<p><span data-sheets-value=\"{&quot;1&quot;:2,&quot;2&quot;:&quot;Water, Glycecin, Hydroxyethylcellulose, Panthenol, Polysorbate 20, Phenoxyethanol (and) Chlorphenesin (and) Aqua (and) Glycerin, Panax Ginseng, Disodium Edta, Alcohol (and) Propanediol (and) Arginine (and) Caprylylglycol (and) Phenoxyethanol (and) Citric acid (and) Eucalyptus Globulus Leais Extract (and) Tocopherol (and) SH - Polypeptide-11 (anh) SH - Polypeptide-1 (and) SH - Oligopeptide-2 (and) SH - Oligopeptide-10 (and) SH - Polypeptide-9.\\n\\nC\u00f4ng d\u1ee5ng:\\nGi\u00fap ch\u00e2n m\u00e0y kh\u1ecfe s\u00e2u t\u1eeb b\u00ean trong v\u00e0 k\u00edch th\u00edch m\u1ecdc m\u00e0y.\\n\\nC\u00e1ch d\u00f9ng:\\nL\u00e0m s\u1ea1ch m\u00e0y sau \u0111\u00f3 ch\u1ea3i \u0111\u1ec1u c\u00e2y m\u00e0y v\u00e0 ch\u1ea3i nhi\u1ec1u ch\u1ed5 c\u1ea7n m\u1ecdc, ng\u00e0y s\u1eed d\u1ee5ng 3-5 l\u1ea7n.\\n\\nCh\u1ec9 ti\u00eau k\u00edch \u1ee9ng: Kh\u00f4ng \u0111\u00e1ng k\u1ec3.\\n&quot;}\" data-sheets-userformat=\"{&quot;2&quot;:769,&quot;3&quot;:{&quot;1&quot;:0},&quot;11&quot;:4,&quot;12&quot;:0}\">N\u01b0\u1edbc, Glycecin, Hydroxyethylcellulose, Panthenol, Polysorbate 20, Phenoxyethanol (V\u00e0) Chlorphenesin (V\u00e0) Aqua (V\u00e0) Glycerin, Nh\u00e2n s\u00e2m Panax, Disodium Edta, R\u01b0\u1ee3u (V\u00e0) Propanediol (V\u00e0) Arginine (V\u00e0) Caprylylglycol (V\u00e0) Phenoxyethanol (V\u00e0) ) ) Axit xitric (V\u00e0) Chi\u1ebft xu\u1ea5t l\u00e1 B\u1ea1ch \u0111\u00e0n Globulus (V\u00e0) Tocopherol (V\u00e0) SH-polypeptide-11 (V\u00e0) SH-polypeptide-1 (V\u00e0) SH-oligopeptide-2 (v\u00e0) SH-oligopeptide-10 (V\u00e0) SH -polypeptit-9.<\/span><\/p>\n<h4><strong>2. C\u00f4ng d\u1ee5ng:<\/strong><\/h4>\n<p>Gi\u00fap l\u00f4ng m\u00e0y ch\u1eafc kh\u1ecfe t\u1eeb b\u00ean trong v\u00e0 k\u00edch th\u00edch m\u1ecdc l\u00f4ng m\u00e0y.<\/p>\n<h4><strong>3. C\u00e1ch s\u1eed d\u1ee5ng:<\/strong><\/h4>\n<p>L\u00e0m s\u1ea1ch l\u00f4ng m\u00e0y sau \u0111\u00f3 ch\u1ea3i l\u00f4ng m\u00e0y v\u00e0 ch\u1ea3i nhi\u1ec1u v\u00f9ng \u0111\u1ec3 m\u1ecdc, s\u1eed d\u1ee5ng 3-5 l\u1ea7n m\u1ed9t ng\u00e0y.<\/p>\n<h4><strong>4. Ch\u1ec9 ti\u00eau k\u00edch \u1ee9ng:<\/strong><\/h4>\n<p>Kh\u00f4ng \u0111\u00e1ng k\u1ec3.<\/p>\n<hr \/>\n<div class=\"woocommerce-tabs wc-tabs-wrapper\">\n<p>&nbsp;<\/p>\n<\/div>\n<p><span style=\"color: #ff0000;\"><strong>TH\u00d4NG TIN LI\u00caN H\u1ec6:<\/strong><\/span><br \/>\n<span style=\"color: #ff0000;\"><strong>QU\u00dd KH\u00c1CH G\u1eecI \u1ea2NH CH\u1ee4P DA QUA ZALO NH\u01af T\u01af V\u1ea4N CHO M\u00ccNH NH\u00c9<\/strong><\/span><br \/>\n<span style=\"color: #ff0000;\"><strong>ZALO <a href=\"https:\/\/zalo.me\/0778790095\">0778790095- Hotline: 0974670571<\/a><\/strong><\/span><br \/>\n<strong><span style=\"color: #ff0000;\">41\/50\/6 Nguy\u1ec5n Oanh, P10, G\u00f2 V\u1ea5p, TP.HCM<\/span><\/strong><\/p>\n","protected":false},"excerpt":{"rendered":"<p>350.000 won\u20ab M\u00f4 t\u1ea3 1. Th\u00e0nh ph\u1ea7n: N\u01b0\u1edbc, Glycecin, Hydroxyethylcellulose, Panthenol, Polysorbate 20, Phenoxyethanol (V\u00e0) Chlorphenesin (V\u00e0) Aqua (V\u00e0) Glycerin, Nh\u00e2n s\u00e2m Panax, Disodium Edta, R\u01b0\u1ee3u (V\u00e0) Propanediol (V\u00e0) Arginine (V\u00e0) Caprylylglycol (V\u00e0) Phenoxyethanol (V\u00e0) ) ) Axit xitric (V\u00e0) Chi\u1ebft xu\u1ea5t l\u00e1 B\u1ea1ch \u0111\u00e0n Globulus (V\u00e0) Tocopherol (V\u00e0) SH-polypeptide-11 (V\u00e0) SH-polypeptide-1 (V\u00e0) SH-oligopeptide-2 (v\u00e0) [&hellip;]<\/p>\n","protected":false},"featured_media":2094,"comment_status":"open","ping_status":"closed","template":"","meta":{"_gspb_post_css":""},"store":[],"product_cat":[23,136],"product_tag":[],"_links":{"self":[{"href":"https:\/\/yody-phuonganh.vn\/index.php\/wp-json\/wp\/v2\/product\/2093"}],"collection":[{"href":"https:\/\/yody-phuonganh.vn\/index.php\/wp-json\/wp\/v2\/product"}],"about":[{"href":"https:\/\/yody-phuonganh.vn\/index.php\/wp-json\/wp\/v2\/types\/product"}],"replies":[{"embeddable":true,"href":"https:\/\/yody-phuonganh.vn\/index.php\/wp-json\/wp\/v2\/comments?post=2093"}],"wp:featuredmedia":[{"embeddable":true,"href":"https:\/\/yody-phuonganh.vn\/index.php\/wp-json\/wp\/v2\/media\/2094"}],"wp:attachment":[{"href":"https:\/\/yody-phuonganh.vn\/index.php\/wp-json\/wp\/v2\/media?parent=2093"}],"wp:term":[{"taxonomy":"store","embeddable":true,"href":"https:\/\/yody-phuonganh.vn\/index.php\/wp-json\/wp\/v2\/store?post=2093"},{"taxonomy":"product_cat","embeddable":true,"href":"https:\/\/yody-phuonganh.vn\/index.php\/wp-json\/wp\/v2\/product_cat?post=2093"},{"taxonomy":"product_tag","embeddable":true,"href":"https:\/\/yody-phuonganh.vn\/index.php\/wp-json\/wp\/v2\/product_tag?post=2093"}],"curies":[{"name":"wp","href":"https:\/\/api.w.org\/{rel}","templated":true}]}}