{"id":2090,"date":"2023-06-29T19:13:49","date_gmt":"2023-06-29T12:13:49","guid":{"rendered":"https:\/\/yody-phuonganh.vn\/index.php\/san-pham\/kem-duong-trang-da-3x\/"},"modified":"2023-06-29T19:16:45","modified_gmt":"2023-06-29T12:16:45","slug":"kem-duong-trang-da-3x","status":"publish","type":"product","link":"https:\/\/yody-phuonganh.vn\/index.php\/san-pham\/kem-duong-trang-da-3x\/","title":{"rendered":"KEM D\u01af\u1ee0NG TR\u1eaeNG DA 3X"},"content":{"rendered":"<p><img loading=\"lazy\" decoding=\"async\" class=\"wp-post-image\" title=\"kem-3x\" src=\"http:\/\/yody-phuonganh.vn\/wp-content\/uploads\/2023\/06\/KEM-DUONG-TRANG-DA-3X.jpg\" alt=\"\" width=\"600\" height=\"600\" data-caption=\"\" data-large_image=\"http:\/\/yody-phuonganh.vn\/wp-content\/uploads\/2023\/06\/KEM-DUONG-TRANG-DA-3X.jpg\" data-large_image_width=\"2560\" data-large_image_height=\"2560\" \/><br \/>\n<bdi>380.000 won<span class=\"woocommerce-Price-currencySymbol\">\u20ab<\/span><\/bdi><\/p>\n<div class=\"woocommerce-tabs wc-tabs-wrapper\">\n<h2>M\u00f4 t\u1ea3<\/h2>\n<h4><strong>1. Th\u00e0nh ph\u1ea7n:<\/strong><\/h4>\n<p>N\u01b0\u1edbc, D\u1ea7u kho\u00e1ng, Isopropyl Myristate, Axit Stearic, D\u1ea7u Jojoba, Titanium Dioxide, Di-Propylene Glycol, Lanolin khan, S\u00e1p ong, Glycerin, Octyl Methoxycinnamate, Tocopherol, Niacinamide, Polyisobutene hydro h\u00f3a, Natri Metabisulfite, Dipotassium Glycyrrhizate, Phenoxyethanol, Kojic Bisabolol, N\u01b0\u1edbc hoa, BHT, EDTA-2Na.<\/p>\n<h4><strong>2. C\u00f4ng d\u1ee5ng:<\/strong><\/h4>\n<p>L\u00e0m tr\u1eafng da, gi\u1ea3m th\u00e2m n\u00e1m, m\u1ecbn m\u00e0ng, c\u00e2n b\u1eb1ng \u0111\u1ed9 \u1ea9m cho da v\u00e0 gi\u1ea3m m\u1ee5n \u0111\u1ea7u \u0111en.<\/p>\n<h4><strong>3. C\u00e1ch s\u1eed d\u1ee5ng:<\/strong><\/h4>\n<p>\u00c1p d\u1ee5ng hai l\u1ea7n m\u1ed9t ng\u00e0y:<\/p>\n<ul>\n<li>L\u1ea5y m\u1ed9t l\u01b0\u1ee3ng v\u1eeba \u0111\u1ee7 thoa theo v\u00f2ng tr\u00f2n t\u1eeb ngo\u00e0i v\u00e0o trong, v\u1ed7 nh\u1eb9 l\u00ean m\u1eb7t gi\u00fap kem th\u1ea9m th\u1ea5u nhanh h\u01a1n v\u00e0o da v\u00e0 mang l\u1ea1i hi\u1ec7u qu\u1ea3 t\u1ed1t nh\u1ea5t.<\/li>\n<li>Da \u0111\u01b0\u1ee3c t\u00e1i t\u1ea1o sau 1 tu\u1ea7n.<\/li>\n<\/ul>\n<h4><strong>4. Ph\u00f9 h\u1ee3p:<\/strong><\/h4>\n<p>T\u1ea5t c\u1ea3 c\u00e1c lo\u1ea1i da. \u0110\u1eb7c bi\u1ec7t l\u00e0 da kh\u00f4, da thi\u1ebfu s\u1ee9c s\u1ed1ng, da kh\u00f4ng \u0111\u1ec1u m\u00e0u\u2026<\/p>\n<h4><strong>5. Ch\u00fa \u00fd:<\/strong><\/h4>\n<p>Da nh\u1eddn, tr\u00e1nh thoa kem v\u00e0o ban \u0111\u00eam. R\u1eeda m\u1eb7t th\u1eadt s\u1ea1ch b\u1eb1ng s\u1eefa r\u1eeda m\u1eb7t \u0111\u1ec3 tr\u00e1nh b\u00edt t\u1eafc l\u1ed7 ch\u00e2n l\u00f4ng.<\/p>\n<h4><strong>6. B\u1ea3o qu\u1ea3n:<\/strong><\/h4>\n<p>\u0110\u1ec3 n\u01a1i kh\u00f4 r\u00e1o, tho\u00e1ng m\u00e1t.<\/p>\n<h4><strong>7. L\u01b0u \u00fd:<\/strong><\/h4>\n<p>Kem s\u1ebd b\u1ecb ch\u1ea3y khi \u0111\u1ec3 \u1edf nhi\u1ec7t \u0111\u1ed9 cao h\u01a1n 32 \u0111\u1ed9 C.<\/p>\n<\/div>\n<p>&#8212;&#8212;&#8212;&#8212;&#8212;&#8212;&#8212;&#8212;&#8212;-<\/p>\n<p><span style=\"color: #ff0000;\"><strong>TH\u00d4NG TIN LI\u00caN H\u1ec6:<\/strong><\/span><br \/>\n<span style=\"color: #ff0000;\"><strong>QU\u00dd KH\u00c1CH G\u1eecI \u1ea2NH CH\u1ee4P DA QUA ZALO NH\u01af T\u01af V\u1ea4N CHO M\u00ccNH NH\u00c9<\/strong><\/span><br \/>\n<span style=\"color: #ff0000;\"><strong>ZALO <a href=\"https:\/\/zalo.me\/0778790095\">0778790095- Hotline: 0974670571<\/a><\/strong><\/span><br \/>\n<strong><span style=\"color: #ff0000;\">41\/50\/6 Nguy\u1ec5n Oanh, P10, G\u00f2 V\u1ea5p, TP.HCM<\/span><\/strong><\/p>\n","protected":false},"excerpt":{"rendered":"<p>380.000 won\u20ab M\u00f4 t\u1ea3 1. Th\u00e0nh ph\u1ea7n: N\u01b0\u1edbc, D\u1ea7u kho\u00e1ng, Isopropyl Myristate, Axit Stearic, D\u1ea7u Jojoba, Titanium Dioxide, Di-Propylene Glycol, Lanolin khan, S\u00e1p ong, Glycerin, Octyl Methoxycinnamate, Tocopherol, Niacinamide, Polyisobutene hydro h\u00f3a, Natri Metabisulfite, Dipotassium Glycyrrhizate, Phenoxyethanol, Kojic Bisabolol, N\u01b0\u1edbc hoa, BHT, EDTA-2Na. 2. C\u00f4ng d\u1ee5ng: L\u00e0m tr\u1eafng da, gi\u1ea3m th\u00e2m n\u00e1m, m\u1ecbn m\u00e0ng, c\u00e2n [&hellip;]<\/p>\n","protected":false},"featured_media":2091,"comment_status":"open","ping_status":"closed","template":"","meta":{"_gspb_post_css":""},"store":[],"product_cat":[23,66],"product_tag":[],"_links":{"self":[{"href":"https:\/\/yody-phuonganh.vn\/index.php\/wp-json\/wp\/v2\/product\/2090"}],"collection":[{"href":"https:\/\/yody-phuonganh.vn\/index.php\/wp-json\/wp\/v2\/product"}],"about":[{"href":"https:\/\/yody-phuonganh.vn\/index.php\/wp-json\/wp\/v2\/types\/product"}],"replies":[{"embeddable":true,"href":"https:\/\/yody-phuonganh.vn\/index.php\/wp-json\/wp\/v2\/comments?post=2090"}],"wp:featuredmedia":[{"embeddable":true,"href":"https:\/\/yody-phuonganh.vn\/index.php\/wp-json\/wp\/v2\/media\/2091"}],"wp:attachment":[{"href":"https:\/\/yody-phuonganh.vn\/index.php\/wp-json\/wp\/v2\/media?parent=2090"}],"wp:term":[{"taxonomy":"store","embeddable":true,"href":"https:\/\/yody-phuonganh.vn\/index.php\/wp-json\/wp\/v2\/store?post=2090"},{"taxonomy":"product_cat","embeddable":true,"href":"https:\/\/yody-phuonganh.vn\/index.php\/wp-json\/wp\/v2\/product_cat?post=2090"},{"taxonomy":"product_tag","embeddable":true,"href":"https:\/\/yody-phuonganh.vn\/index.php\/wp-json\/wp\/v2\/product_tag?post=2090"}],"curies":[{"name":"wp","href":"https:\/\/api.w.org\/{rel}","templated":true}]}}