{"id":2084,"date":"2023-06-29T19:09:04","date_gmt":"2023-06-29T12:09:04","guid":{"rendered":"https:\/\/yody-phuonganh.vn\/index.php\/san-pham\/kem-chong-nang-glow-sun-protect\/"},"modified":"2023-06-29T19:09:04","modified_gmt":"2023-06-29T12:09:04","slug":"kem-chong-nang-glow-sun-protect","status":"publish","type":"product","link":"https:\/\/yody-phuonganh.vn\/index.php\/san-pham\/kem-chong-nang-glow-sun-protect\/","title":{"rendered":"KEM CH\u1ed0NG N\u1eaeNG (GLOW SUN PROTECT)"},"content":{"rendered":"<p><img width=\"600\" height=\"600\" class=\"wp-post-image\" alt=\"\" decoding=\"async\" loading=\"lazy\" title=\"kem-chong-nang\" data-caption=\"\" src=\"http:\/\/yody-phuonganh.vn\/wp-content\/uploads\/2023\/06\/KEM-CHONG-NANG-GLOW-SUN-PROTECT.jpg\" data-large_image=\"http:\/\/yody-phuonganh.vn\/wp-content\/uploads\/2023\/06\/KEM-CHONG-NANG-GLOW-SUN-PROTECT.jpg\" data-large_image_width=\"2560\" data-large_image_height=\"2560\"  ><br \/><bdi>420.000 won<span class=\"woocommerce-Price-currencySymbol\">\u20ab<\/span><\/bdi><\/p>\n<div class=\"woocommerce-tabs wc-tabs-wrapper\">\n<ul class=\"tabs wc-tabs\" role=\"tablist\">\n<li class=\"description_tab\" id=\"tab-title-description\" role=\"tab\" aria-controls=\"tab-description\">\n\t\t\t\t\t<a href=\"#tab-description\"><\/p>\n<p>\t\t\t\t\t\tM\u00f4 t\u1ea3\t\t\t\t\t<\/a>\n\t\t\t\t<\/li>\n<li class=\"reviews_tab\" id=\"tab-title-reviews\" role=\"tab\" aria-controls=\"tab-reviews\">\n\t\t\t\t\t<a href=\"#tab-reviews\"><\/p>\n<p>\t\t\t\t\t\t\u0110\u00e1nh gi\u00e1 (0)\t\t\t\t\t<\/a>\n\t\t\t\t<\/li>\n<\/ul>\n<div class=\"woocommerce-Tabs-panel woocommerce-Tabs-panel--description panel entry-content wc-tab\" id=\"tab-description\" role=\"tabpanel\" aria-labelledby=\"tab-title-description\">\n<h2>M\u00f4 t\u1ea3<\/h2>\n<h4><strong>1. Th\u00e0nh ph\u1ea7n:<\/strong><\/h4>\n<p>Aqua, Cetyl Alcohol, Propylene Glycol, C12-15 Alkyl Benzoate, Cosmogel 305, Titanium Dioxide, Zinc Oxide (And) Hydrogen Dimethicone (And) Peg 10 Dimethicone (And) Cyclopentasiloxane, Aloe Vera Extract, Ethylhexylglycerin (And) Phenoxyethanol, Bisabolol\u2026 ..<\/p>\n<p><em><strong>Th\u00e0nh ph\u1ea7n ch\u00ednh:<\/strong><\/em><\/p>\n<ul>\n<li>Titanium Dioxide: C\u00f3 \u0111\u1eb7c t\u00ednh ph\u00e2n t\u00e1n \u0111\u1ed3ng \u0111\u1ec1u n\u00ean c\u00f3 \u01b0u \u0111i\u1ec3m ph\u00e1t huy kh\u1ea3 n\u0103ng ch\u1ed1ng n\u1eafng cao, ph\u00e2n t\u00e1n tia UV hi\u1ec7u qu\u1ea3.  Titanium Dioxide v\u00e0 c\u00e1c th\u00e0nh ph\u1ea7n kh\u00e1c s\u1ebd t\u1ea1o ra m\u1ed9t h\u00e0ng r\u00e0o b\u1ea3o v\u1ec7 tr\u00ean da.  L\u1edbp m\u00e0ng ch\u1eafn n\u00e0y s\u1ebd ng\u0103n ch\u1eb7n v\u00e0 ph\u1ea3n x\u1ea1 tia UV, h\u1ea1n ch\u1ebf t\u00ecnh tr\u1ea1ng s\u1ea1m da.<\/li>\n<li>Zinc Oxich: Gi\u00fap b\u1ea3o v\u1ec7 l\u00e0n da c\u00f3 v\u1ea5n \u0111\u1ec1 b\u1eb1ng c\u00e1ch t\u1ea1o m\u1ed9t l\u1edbp l\u00e1 ch\u1eafn tr\u00ean b\u1ec1 m\u1eb7t da, ng\u0103n kh\u00f4ng cho vi khu\u1ea9n hay \u0111\u1ed9c t\u1ed1 t\u1ea5n c\u00f4ng.  Ch\u1ed1ng l\u1ea1i s\u1ef1 t\u00e0n ph\u00e1 c\u1ee7a tia UVA v\u00e0 UVB.  Kh\u00e1ng khu\u1ea9n t\u1ed1t, l\u00e0m d\u1ecbu da v\u00e0 gi\u00fap da s\u00e1ng, \u0111\u1ec1u m\u00e0u h\u01a1n.<\/li>\n<li>Chi\u1ebft xu\u1ea5t l\u00f4 h\u1ed9i: L\u00e0m d\u1ecbu da v\u00e0 c\u1ee7ng c\u1ed1 h\u00e0ng r\u00e0o b\u1ea3o v\u1ec7 da, gi\u1eef cho da kh\u1ecfe m\u1ea1nh.  D\u01b0\u1ee1ng \u1ea9m, ng\u0103n ng\u1eeba n\u1ebfp nh\u0103n do l\u00e3o h\u00f3a v\u00e0 se kh\u00edt l\u1ed7 ch\u00e2n l\u00f4ng.<\/li>\n<\/ul>\n<h4><strong>2. C\u00f4ng d\u1ee5ng:<\/strong><\/h4>\n<p>B\u1ea3o v\u1ec7 da ho\u00e0n h\u1ea3o d\u01b0\u1edbi \u00e1nh n\u1eafng m\u1eb7t tr\u1eddi, ng\u0103n ng\u1eeba t\u00e1c \u0111\u1ed9ng x\u1ea5u c\u1ee7a tia UV l\u00ean da g\u00e2y n\u00e1m, \u0111en da\u2026<\/p>\n<p><em><strong>  \u0110\u1eb7c bi\u1ec7t:<\/strong><\/em><\/p>\n<p>K\u1ebft c\u1ea5u kem n\u1ec1n m\u1ecfng th\u1ea5m nhanh, d\u1ec5 k\u1ebft h\u1ee3p v\u1edbi kem m\u00e0 kh\u00f4ng g\u00e2y b\u00edt t\u1eafc l\u1ed7 ch\u00e2n l\u00f4ng, b\u00f3ng nh\u1eddn.  Kh\u00f4ng g\u00e2y m\u1ee5n nh\u01b0 kem ch\u1ed1ng n\u1eafng th\u00f4ng th\u01b0\u1eddng.  C\u00f3 th\u1ec3 d\u00f9ng l\u00e0m kem l\u00f3t tr\u01b0\u1edbc khi trang \u0111i\u1ec3m ho\u1eb7c sau khi thoa kem d\u01b0\u1ee1ng \u1ea9m.<\/p>\n<h4><strong>3. C\u00e1ch s\u1eed d\u1ee5ng:<\/strong><\/h4>\n<ul>\n<li>S\u1eed d\u1ee5ng sau c\u00e1c b\u01b0\u1edbc l\u00e0m s\u1ea1ch v\u00e0 d\u01b0\u1ee1ng da c\u01a1 b\u1ea3n.<\/li>\n<li>L\u1eafc \u0111\u1ec1u chai v\u00e0 l\u1ea5y m\u1ed9t l\u01b0\u1ee3ng th\u00edch h\u1ee3p v\u00e0 thoa kem l\u00ean da.<\/li>\n<\/ul>\n<h4><strong>4. Ph\u00f9 h\u1ee3p:<\/strong><\/h4>\n<p>T\u1ea5t c\u1ea3 c\u00e1c lo\u1ea1i da.  \u0110\u1eb7c bi\u1ec7t l\u00e0 da nh\u1ea1y c\u1ea3m, da sau khi l\u1ed9t t\u1ea9y, \u0111i\u1ec1u tr\u1ecb da.<\/p>\n<h4><strong>5. B\u1ea3o qu\u1ea3n: <\/strong><\/h4>\n<p>N\u01a1i tho\u00e1ng m\u00e1t, tr\u00e1nh \u00e1nh n\u1eafng tr\u1ef1c ti\u1ebfp.<\/p>\n<\/p><\/div>\n<div class=\"woocommerce-Tabs-panel woocommerce-Tabs-panel--reviews panel entry-content wc-tab\" id=\"tab-reviews\" role=\"tabpanel\" aria-labelledby=\"tab-title-reviews\">\n<div id=\"reviews\" class=\"woocommerce-Reviews\">\n<div id=\"comments\">\n<h2 class=\"woocommerce-Reviews-title\">\n<p>\t\t\t\u0110\u00e1nh gi\u00e1\t\t<\/h2>\n<p class=\"woocommerce-noreviews\">Hi\u1ec7n t\u1ea1i kh\u00f4ng c\u00f3 \u0111\u00e1nh gi\u00e1 n\u00e0o.<\/p>\n<\/p><\/div>\n<div id=\"review_form_wrapper\">\n<div id=\"review_form\">\n<div id=\"respond\" class=\"comment-respond\">\n\t\t<span id=\"reply-title\" class=\"comment-reply-title\">H\u00e3y l\u00e0 ng\u01b0\u1eddi \u0111\u1ea7u ti\u00ean nh\u1eadn x\u00e9t \u201cGLOW SUN PROTECT\u201d <small>H\u1ee7y b\u1ecf<\/small><\/span><\/p>\n<form action=\"https:\/\/www.yody-phuonganh.com\/wp-comments-post.php\" method=\"post\" id=\"commentform\" class=\"comment-form\" novalidate>\n<p class=\"comment-notes\"><span id=\"email-notes\">Email c\u1ee7a b\u1ea1n s\u1ebd kh\u00f4ng \u0111\u01b0\u1ee3c hi\u1ec3n th\u1ecb c\u00f4ng khai.<\/span> <span class=\"required-field-message\">C\u00e1c tr\u01b0\u1eddng b\u1eaft bu\u1ed9c \u0111\u01b0\u1ee3c \u0111\u00e1nh d\u1ea5u <span class=\"required\">*<\/span><\/span><\/p>\n<p class=\"comment-form-comment\"><label for=\"comment\">B\u00ecnh lu\u1eadn c\u1ee7a b\u1ea1n <span class=\"required\">*<\/span><\/label><textarea id=\"comment\" name=\"comment\" cols=\"45\" rows=\"8\" required><\/textarea><\/p>\n<p class=\"comment-form-author\"><label for=\"author\">T\u00ean <span class=\"required\">*<\/span><\/label><input id=\"author\" name=\"author\" type=\"text\" value=\"\" size=\"30\" required><\/p>\n<p class=\"comment-form-email\"><label for=\"email\">E-mail <span class=\"required\">*<\/span><\/label><input id=\"email\" name=\"email\" type=\"email\" value=\"\" size=\"30\" required><\/p>\n<p class=\"comment-form-cookies-consent\"><input id=\"wp-comment-cookies-consent\" name=\"wp-comment-cookies-consent\" type=\"checkbox\" value=\"yes\"> <label for=\"wp-comment-cookies-consent\">L\u01b0u t\u00ean, email v\u00e0 trang web c\u1ee7a t\u00f4i trong tr\u00ecnh duy\u1ec7t n\u00e0y cho nh\u1eadn x\u00e9t ti\u1ebfp theo c\u1ee7a t\u00f4i.<\/label><\/p>\n<p class=\"form-submit\"><input name=\"submit\" type=\"submit\" id=\"submit\" class=\"submit\" value=\"G\u1eedi \u0111i\"> <input type=\"hidden\" name=\"comment_post_ID\" value=\"1142\" id=\"comment_post_ID\"><br \/>\n<input type=\"hidden\" name=\"comment_parent\" id=\"comment_parent\" value=\"0\">\n<\/p>\n<\/form><\/div>\n<p><!-- #respond -->\n\t\t\t\t<\/div>\n<\/p><\/div>\n<div class=\"clear\"><\/div>\n<\/div><\/div>\n<\/p><\/div>\n<p>\n&#8212;&#8212;&#8212;&#8212;&#8212;&#8212;&#8212;&#8212;&#8212;-<\/p>\n<p><span style=\"color: #ff0000;\"><strong>TH\u00d4NG TIN LI\u00caN H\u1ec6:<\/strong><\/span><br \/>\n<span style=\"color: #ff0000;\"><strong>QU\u00dd KH\u00c1CH G\u1eecI \u1ea2NH CH\u1ee4P DA QUA ZALO NH\u01af T\u01af V\u1ea4N CHO M\u00ccNH NH\u00c9<\/strong><\/span><br \/>\n<span style=\"color: #ff0000;\"><strong>ZALO <a href=\"https:\/\/zalo.me\/0778790095\">0778790095- Hotline: 0974670571<\/a><\/strong><\/span><br \/>\n<strong><span style=\"color: #ff0000;\">41\/50\/6 Nguy\u1ec5n Oanh, P10, G\u00f2 V\u1ea5p, TP.HCM<\/span><\/strong><\/p>\n","protected":false},"excerpt":{"rendered":"<p>420.000 won\u20ab M\u00f4 t\u1ea3 \u0110\u00e1nh gi\u00e1 (0) M\u00f4 t\u1ea3 1. Th\u00e0nh ph\u1ea7n: Aqua, Cetyl Alcohol, Propylene Glycol, C12-15 Alkyl Benzoate, Cosmogel 305, Titanium Dioxide, Zinc Oxide (And) Hydrogen Dimethicone (And) Peg 10 Dimethicone (And) Cyclopentasiloxane, Aloe Vera Extract, Ethylhexylglycerin (And) Phenoxyethanol, Bisabolol\u2026 .. Th\u00e0nh ph\u1ea7n ch\u00ednh: Titanium Dioxide: C\u00f3 \u0111\u1eb7c t\u00ednh ph\u00e2n t\u00e1n \u0111\u1ed3ng \u0111\u1ec1u [&hellip;]<\/p>\n","protected":false},"featured_media":2085,"comment_status":"open","ping_status":"closed","template":"","meta":{"_gspb_post_css":""},"store":[],"product_cat":[23],"product_tag":[],"_links":{"self":[{"href":"https:\/\/yody-phuonganh.vn\/index.php\/wp-json\/wp\/v2\/product\/2084"}],"collection":[{"href":"https:\/\/yody-phuonganh.vn\/index.php\/wp-json\/wp\/v2\/product"}],"about":[{"href":"https:\/\/yody-phuonganh.vn\/index.php\/wp-json\/wp\/v2\/types\/product"}],"replies":[{"embeddable":true,"href":"https:\/\/yody-phuonganh.vn\/index.php\/wp-json\/wp\/v2\/comments?post=2084"}],"wp:featuredmedia":[{"embeddable":true,"href":"https:\/\/yody-phuonganh.vn\/index.php\/wp-json\/wp\/v2\/media\/2085"}],"wp:attachment":[{"href":"https:\/\/yody-phuonganh.vn\/index.php\/wp-json\/wp\/v2\/media?parent=2084"}],"wp:term":[{"taxonomy":"store","embeddable":true,"href":"https:\/\/yody-phuonganh.vn\/index.php\/wp-json\/wp\/v2\/store?post=2084"},{"taxonomy":"product_cat","embeddable":true,"href":"https:\/\/yody-phuonganh.vn\/index.php\/wp-json\/wp\/v2\/product_cat?post=2084"},{"taxonomy":"product_tag","embeddable":true,"href":"https:\/\/yody-phuonganh.vn\/index.php\/wp-json\/wp\/v2\/product_tag?post=2084"}],"curies":[{"name":"wp","href":"https:\/\/api.w.org\/{rel}","templated":true}]}}