{"id":2082,"date":"2023-06-29T19:08:12","date_gmt":"2023-06-29T12:08:12","guid":{"rendered":"https:\/\/yody-phuonganh.vn\/index.php\/san-pham\/ginseng-extract-cao-sam-nhung-trang-da-phuc-hoi-da-hu-ton\/"},"modified":"2023-06-29T19:08:12","modified_gmt":"2023-06-29T12:08:12","slug":"ginseng-extract-cao-sam-nhung-trang-da-phuc-hoi-da-hu-ton","status":"publish","type":"product","link":"https:\/\/yody-phuonganh.vn\/index.php\/san-pham\/ginseng-extract-cao-sam-nhung-trang-da-phuc-hoi-da-hu-ton\/","title":{"rendered":"GINSENG EXTRACT (CAO S\u00c2M NHUNG TR\u1eaeNG DA \u2013 PH\u1ee4C H\u1ed2I DA H\u01af T\u1ed4N)"},"content":{"rendered":"<p><img width=\"600\" height=\"600\" class=\"wp-post-image\" alt=\"\" decoding=\"async\" loading=\"lazy\" title=\"ginseng-extract-1\" data-caption=\"\" src=\"http:\/\/yody-phuonganh.vn\/wp-content\/uploads\/2023\/06\/GINSENG-EXTRACT-CAO-SAM-NHUNG-TRANG-DA-\u2013-PHUC-HOI.jpg\" data-large_image=\"http:\/\/yody-phuonganh.vn\/wp-content\/uploads\/2023\/06\/GINSENG-EXTRACT-CAO-SAM-NHUNG-TRANG-DA-\u2013-PHUC-HOI.jpg\" data-large_image_width=\"2560\" data-large_image_height=\"2560\"  ><br \/><bdi>520.000 won<span class=\"woocommerce-Price-currencySymbol\">\u20ab<\/span><\/bdi><\/p>\n<div class=\"woocommerce-tabs wc-tabs-wrapper\">\n<ul class=\"tabs wc-tabs\" role=\"tablist\">\n<li class=\"description_tab\" id=\"tab-title-description\" role=\"tab\" aria-controls=\"tab-description\">\n\t\t\t\t\t<a href=\"#tab-description\"><\/p>\n<p>\t\t\t\t\t\tM\u00f4 t\u1ea3\t\t\t\t\t<\/a>\n\t\t\t\t<\/li>\n<li class=\"reviews_tab\" id=\"tab-title-reviews\" role=\"tab\" aria-controls=\"tab-reviews\">\n\t\t\t\t\t<a href=\"#tab-reviews\"><\/p>\n<p>\t\t\t\t\t\t\u0110\u00e1nh gi\u00e1 (0)\t\t\t\t\t<\/a>\n\t\t\t\t<\/li>\n<\/ul>\n<div class=\"woocommerce-Tabs-panel woocommerce-Tabs-panel--description panel entry-content wc-tab\" id=\"tab-description\" role=\"tabpanel\" aria-labelledby=\"tab-title-description\">\n<h2>M\u00f4 t\u1ea3<\/h2>\n<h4><span data-sheets-value='{\"1\":2,\"2\":\"Th\u00e0nh ph\u1ea7n:\\nWater, Cyclopentasiloxane, Cetyl Alcohol, titanium Dioxide, Stearic Acid, Propylene Glycol, Methyl, Acetyl, Methyl Propanol Ethyl Carbamete, Moringa Oleifera Seed Extract, Ethylhexylglycerin &amp; Phenoxyethanol, Panax Ginseng Extract, Azelaic Acid, Fragrance.\\n\\nPh\u00f9 h\u1ee3p:\\nT\u1ea5t c\u1ea3 c\u00e1c lo\u1ea1i da. Da sau khi \u0111i\u1ec1u tr\u1ecb (m\u1ee5n n\u00e1m), Sau l\u0103n kim, t\u00e1i t\u1ea1o da, da nhi\u1ec5m corticoid, da l\u00e3o h\u00f3a.\\n\\nB\u1ea3o qu\u1ea3n:\\n\\nN\u01a1i tho\u00e1ng m\u00e1t, tr\u00e1nh \u00e1nh n\u1eafng tr\u1ef1c ti\u1ebfp.\"}' data-sheets-userformat='{\"2\":769,\"3\":{\"1\":0},\"11\":4,\"12\":0}'><strong>1. Th\u00e0nh ph\u1ea7n:<\/strong><\/span><\/h4>\n<p><span data-sheets-value='{\"1\":2,\"2\":\"Th\u00e0nh ph\u1ea7n:\\nWater, Cyclopentasiloxane, Cetyl Alcohol, titanium Dioxide, Stearic Acid, Propylene Glycol, Methyl, Acetyl, Methyl Propanol Ethyl Carbamete, Moringa Oleifera Seed Extract, Ethylhexylglycerin &amp; Phenoxyethanol, Panax Ginseng Extract, Azelaic Acid, Fragrance.\\n\\nPh\u00f9 h\u1ee3p:\\nT\u1ea5t c\u1ea3 c\u00e1c lo\u1ea1i da. Da sau khi \u0111i\u1ec1u tr\u1ecb (m\u1ee5n n\u00e1m), Sau l\u0103n kim, t\u00e1i t\u1ea1o da, da nhi\u1ec5m corticoid, da l\u00e3o h\u00f3a.\\n\\nB\u1ea3o qu\u1ea3n:\\n\\nN\u01a1i tho\u00e1ng m\u00e1t, tr\u00e1nh \u00e1nh n\u1eafng tr\u1ef1c ti\u1ebfp.\"}' data-sheets-userformat='{\"2\":769,\"3\":{\"1\":0},\"11\":4,\"12\":0}'>N\u01b0\u1edbc, Cyclopentasiloxane, Cetyl Alcohol, Titanium Dioxide, Stearic Acid, Propylene Glycol, Methyl, Acetyl, Methyl Propanol Ethyl Carbamete, Chi\u1ebft xu\u1ea5t h\u1ea1t Moringa Oleifera, Ethylhexylglycerin &#038; Phenoxyethanol, Chi\u1ebft xu\u1ea5t Nh\u00e2n s\u00e2m Panax, Axit Azelaic, H\u01b0\u01a1ng th\u01a1m.<\/span><\/p>\n<h4><strong>2. C\u00f4ng d\u1ee5ng:<\/strong><\/h4>\n<ul>\n<li>Chi\u1ebft xu\u1ea5t ch\u00ednh t\u1eeb nh\u00e2n s\u00e2m t\u01b0\u01a1i v\u00e0 ch\u00f9m ng\u00e2y, ch\u1ee9a h\u00e0m l\u01b0\u1ee3ng l\u1edbn vitamin v\u00e0 axit amin b\u1ea3o v\u1ec7 da kh\u1ecfi c\u00e1c t\u00e1c nh\u00e2n g\u00e2y m\u1ee5n.<\/li>\n<li>Gi\u00fap nu\u00f4i d\u01b0\u1ee1ng l\u00e0n da v\u00e0 se kh\u00edt l\u1ed7 ch\u00e2n l\u00f4ng.<\/li>\n<li>Gi\u00fap l\u00e0m d\u1ecbu m\u00e1t v\u00f9ng da b\u1ecb t\u1ed5n th\u01b0\u01a1ng (sau khi l\u1ed9t t\u1ea9y, l\u1ed9t t\u1ea9y, \u0111i\u1ec1u tr\u1ecb laser, l\u0103n kim, vi ti\u00eam\u2026).<\/li>\n<li>Gi\u00fap l\u00e0m m\u1edd \u0111\u1ed1m n\u00e2u v\u00e0 d\u01b0\u1ee1ng da tr\u1eafng s\u00e1ng, m\u1ecbn m\u00e0ng.<\/li>\n<li>G\u00f3p ph\u1ea7n l\u00e0m ch\u1eadm qu\u00e1 tr\u00ecnh l\u00e3o h\u00f3a v\u00e0 kh\u00e1ng khu\u1ea9n.<\/li>\n<\/ul>\n<h4><strong>3. C\u00e1ch s\u1eed d\u1ee5ng:<\/strong><\/h4>\n<ul>\n<li>B\u01b0\u1edbc 1: R\u1eeda s\u1ea1ch m\u1eb7t v\u00e0 th\u1ea5m kh\u00f4 b\u1eb1ng kh\u0103n m\u1ec1m.<\/li>\n<li>B\u01b0\u1edbc 2: L\u1ea5y m\u1ed9t l\u01b0\u1ee3ng v\u1eeba \u0111\u1ee7 s\u1ea3n ph\u1ea9m v\u00e0 thoa \u0111\u1ec1u l\u00ean m\u1eb7t.<\/li>\n<li>B\u01b0\u1edbc 3: \u0110\u1ec3 s\u1ea3n ph\u1ea9m l\u01b0u l\u1ea1i tr\u00ean da, kh\u00f4ng r\u1eeda s\u1ea1ch.  S\u1eed d\u1ee5ng 1-2 l\u1ea7n\/ng\u00e0y \u0111\u1ec3 \u0111\u1ea1t hi\u1ec7u qu\u1ea3 t\u1ed1t nh\u1ea5t.<\/li>\n<\/ul>\n<h4><strong>4. Ph\u00f9 h\u1ee3p:<\/strong><\/h4>\n<p>T\u1ea5t c\u1ea3 c\u00e1c lo\u1ea1i da.  Da sau \u0111i\u1ec1u tr\u1ecb (m\u1ee5n nh\u1ecdt), sau l\u0103n kim, t\u00e1i t\u1ea1o da, da nhi\u1ec5m corticoid, da l\u00e3o h\u00f3a.<\/p>\n<h4><strong>5. B\u1ea3o qu\u1ea3n:<\/strong><\/h4>\n<p>N\u01a1i tho\u00e1ng m\u00e1t, tr\u00e1nh \u00e1nh n\u1eafng tr\u1ef1c ti\u1ebfp.<\/p>\n<\/p><\/div>\n<div class=\"woocommerce-Tabs-panel woocommerce-Tabs-panel--reviews panel entry-content wc-tab\" id=\"tab-reviews\" role=\"tabpanel\" aria-labelledby=\"tab-title-reviews\">\n<div id=\"reviews\" class=\"woocommerce-Reviews\">\n<div id=\"comments\">\n<h2 class=\"woocommerce-Reviews-title\">\n<p>\t\t\t\u0110\u00e1nh gi\u00e1\t\t<\/h2>\n<p class=\"woocommerce-noreviews\">Hi\u1ec7n t\u1ea1i kh\u00f4ng c\u00f3 \u0111\u00e1nh gi\u00e1 n\u00e0o.<\/p>\n<\/p><\/div>\n<div id=\"review_form_wrapper\">\n<div id=\"review_form\">\n<div id=\"respond\" class=\"comment-respond\">\n\t\t<span id=\"reply-title\" class=\"comment-reply-title\">H\u00e3y l\u00e0 ng\u01b0\u1eddi \u0111\u1ea7u ti\u00ean nh\u1eadn x\u00e9t \u201cCHi\u1ebft xu\u1ea5t nh\u00e2n s\u00e2m (GINSENG GINSENG SKIN \u2013 PH\u1ee4C H\u1ed2I DA H\u01af T\u1ed4N)\u201d <small>H\u1ee7y b\u1ecf<\/small><\/span><\/p>\n<form action=\"https:\/\/www.yody-phuonganh.com\/wp-comments-post.php\" method=\"post\" id=\"commentform\" class=\"comment-form\" novalidate>\n<p class=\"comment-notes\"><span id=\"email-notes\">Email c\u1ee7a b\u1ea1n s\u1ebd kh\u00f4ng \u0111\u01b0\u1ee3c hi\u1ec3n th\u1ecb c\u00f4ng khai.<\/span> <span class=\"required-field-message\">C\u00e1c tr\u01b0\u1eddng b\u1eaft bu\u1ed9c \u0111\u01b0\u1ee3c \u0111\u00e1nh d\u1ea5u <span class=\"required\">*<\/span><\/span><\/p>\n<p class=\"comment-form-comment\"><label for=\"comment\">B\u00ecnh lu\u1eadn c\u1ee7a b\u1ea1n <span class=\"required\">*<\/span><\/label><textarea id=\"comment\" name=\"comment\" cols=\"45\" rows=\"8\" required><\/textarea><\/p>\n<p class=\"comment-form-author\"><label for=\"author\">T\u00ean <span class=\"required\">*<\/span><\/label><input id=\"author\" name=\"author\" type=\"text\" value=\"\" size=\"30\" required><\/p>\n<p class=\"comment-form-email\"><label for=\"email\">E-mail <span class=\"required\">*<\/span><\/label><input id=\"email\" name=\"email\" type=\"email\" value=\"\" size=\"30\" required><\/p>\n<p class=\"comment-form-cookies-consent\"><input id=\"wp-comment-cookies-consent\" name=\"wp-comment-cookies-consent\" type=\"checkbox\" value=\"yes\"> <label for=\"wp-comment-cookies-consent\">L\u01b0u t\u00ean, email v\u00e0 trang web c\u1ee7a t\u00f4i trong tr\u00ecnh duy\u1ec7t n\u00e0y cho nh\u1eadn x\u00e9t ti\u1ebfp theo c\u1ee7a t\u00f4i.<\/label><\/p>\n<p class=\"form-submit\"><input name=\"submit\" type=\"submit\" id=\"submit\" class=\"submit\" value=\"G\u1eedi \u0111i\"> <input type=\"hidden\" name=\"comment_post_ID\" value=\"1137\" id=\"comment_post_ID\"><br \/>\n<input type=\"hidden\" name=\"comment_parent\" id=\"comment_parent\" value=\"0\">\n<\/p>\n<\/form><\/div>\n<p><!-- #respond -->\n\t\t\t\t<\/div>\n<\/p><\/div>\n<div class=\"clear\"><\/div>\n<\/div><\/div>\n<\/p><\/div>\n<p>\n&#8212;&#8212;&#8212;&#8212;&#8212;&#8212;&#8212;&#8212;&#8212;-<\/p>\n<p><span style=\"color: #ff0000;\"><strong>TH\u00d4NG TIN LI\u00caN H\u1ec6:<\/strong><\/span><br \/>\n<span style=\"color: #ff0000;\"><strong>QU\u00dd KH\u00c1CH G\u1eecI \u1ea2NH CH\u1ee4P DA QUA ZALO NH\u01af T\u01af V\u1ea4N CHO M\u00ccNH NH\u00c9<\/strong><\/span><br \/>\n<span style=\"color: #ff0000;\"><strong>ZALO <a href=\"https:\/\/zalo.me\/0778790095\">0778790095- Hotline: 0974670571<\/a><\/strong><\/span><br \/>\n<strong><span style=\"color: #ff0000;\">41\/50\/6 Nguy\u1ec5n Oanh, P10, G\u00f2 V\u1ea5p, TP.HCM<\/span><\/strong><\/p>\n","protected":false},"excerpt":{"rendered":"<p>520.000 won\u20ab M\u00f4 t\u1ea3 \u0110\u00e1nh gi\u00e1 (0) M\u00f4 t\u1ea3 1. Th\u00e0nh ph\u1ea7n: N\u01b0\u1edbc, Cyclopentasiloxane, Cetyl Alcohol, Titanium Dioxide, Stearic Acid, Propylene Glycol, Methyl, Acetyl, Methyl Propanol Ethyl Carbamete, Chi\u1ebft xu\u1ea5t h\u1ea1t Moringa Oleifera, Ethylhexylglycerin &#038; Phenoxyethanol, Chi\u1ebft xu\u1ea5t Nh\u00e2n s\u00e2m Panax, Axit Azelaic, H\u01b0\u01a1ng th\u01a1m. 2. C\u00f4ng d\u1ee5ng: Chi\u1ebft xu\u1ea5t ch\u00ednh t\u1eeb nh\u00e2n s\u00e2m t\u01b0\u01a1i [&hellip;]<\/p>\n","protected":false},"featured_media":2083,"comment_status":"open","ping_status":"closed","template":"","meta":{"_gspb_post_css":""},"store":[],"product_cat":[23],"product_tag":[],"_links":{"self":[{"href":"https:\/\/yody-phuonganh.vn\/index.php\/wp-json\/wp\/v2\/product\/2082"}],"collection":[{"href":"https:\/\/yody-phuonganh.vn\/index.php\/wp-json\/wp\/v2\/product"}],"about":[{"href":"https:\/\/yody-phuonganh.vn\/index.php\/wp-json\/wp\/v2\/types\/product"}],"replies":[{"embeddable":true,"href":"https:\/\/yody-phuonganh.vn\/index.php\/wp-json\/wp\/v2\/comments?post=2082"}],"wp:featuredmedia":[{"embeddable":true,"href":"https:\/\/yody-phuonganh.vn\/index.php\/wp-json\/wp\/v2\/media\/2083"}],"wp:attachment":[{"href":"https:\/\/yody-phuonganh.vn\/index.php\/wp-json\/wp\/v2\/media?parent=2082"}],"wp:term":[{"taxonomy":"store","embeddable":true,"href":"https:\/\/yody-phuonganh.vn\/index.php\/wp-json\/wp\/v2\/store?post=2082"},{"taxonomy":"product_cat","embeddable":true,"href":"https:\/\/yody-phuonganh.vn\/index.php\/wp-json\/wp\/v2\/product_cat?post=2082"},{"taxonomy":"product_tag","embeddable":true,"href":"https:\/\/yody-phuonganh.vn\/index.php\/wp-json\/wp\/v2\/product_tag?post=2082"}],"curies":[{"name":"wp","href":"https:\/\/api.w.org\/{rel}","templated":true}]}}