{"id":2080,"date":"2023-06-29T19:06:46","date_gmt":"2023-06-29T12:06:46","guid":{"rendered":"https:\/\/yody-phuonganh.vn\/index.php\/san-pham\/gel-rua-mat-sach-sau-noc-ong\/"},"modified":"2023-06-29T19:06:46","modified_gmt":"2023-06-29T12:06:46","slug":"gel-rua-mat-sach-sau-noc-ong","status":"publish","type":"product","link":"https:\/\/yody-phuonganh.vn\/index.php\/san-pham\/gel-rua-mat-sach-sau-noc-ong\/","title":{"rendered":"GEL R\u1eecA M\u1eb6T S\u1ea0CH S\u00c2U N\u1eccC ONG"},"content":{"rendered":"<p><img width=\"600\" height=\"600\" class=\"wp-post-image\" alt=\"\" decoding=\"async\" loading=\"lazy\" title=\"rua-m\u1eb7t\" data-caption=\"\" src=\"http:\/\/yody-phuonganh.vn\/wp-content\/uploads\/2023\/06\/GEL-RUA-MAT-SACH-SAU-NOC-ONG.jpg\" data-large_image=\"http:\/\/yody-phuonganh.vn\/wp-content\/uploads\/2023\/06\/GEL-RUA-MAT-SACH-SAU-NOC-ONG.jpg\" data-large_image_width=\"2560\" data-large_image_height=\"2560\"  ><br \/><bdi>350.000 won<span class=\"woocommerce-Price-currencySymbol\">\u20ab<\/span><\/bdi><\/p>\n<div class=\"woocommerce-Tabs-panel woocommerce-Tabs-panel--description panel entry-content wc-tab\" id=\"tab-description\" role=\"tabpanel\" aria-labelledby=\"tab-title-description\">\n<h2>M\u00f4 t\u1ea3<\/h2>\n<h4><strong>1. Th\u00e0nh ph\u1ea7n:<\/strong><\/h4>\n<p>Aqua, Cocamidopropyl Betaine, Polysorbate 20, Phenoxyethano (And) Chlorphenesin (And) Aqua (And) Glycerin, Tocopherol, Xathagum, Beetox Extract, 3-O-Ethyl Ascorbic Acid (Vitamin C).<\/p>\n<p><em><strong>Th\u00e0nh ph\u1ea7n ch\u00ednh:<\/strong><\/em><\/p>\n<ul>\n<li>Chi\u1ebft xu\u1ea5t Beetox: Tr\u1ecb m\u1ee5n, gi\u1ea3m vi\u00eam cho da m\u1ee5n, k\u00edch th\u00edch da s\u1ea3n sinh collagen, gi\u00fap t\u0103ng \u0111\u1ed9 \u0111\u00e0n h\u1ed3i, gi\u1ea3m thi\u1ec3u h\u00ecnh th\u00e0nh n\u1ebfp nh\u0103n, ng\u0103n ng\u1eeba l\u00e3o h\u00f3a, ph\u1ee5c h\u1ed3i l\u00e0n da b\u1ecb t\u1ed5n th\u01b0\u01a1ng, \u1ee9c ch\u1ebf t\u1ed5ng h\u1ee3p h\u1eafc t\u1ed1 melanin t\u1eeb \u0111\u00f3 gi\u00fap da s\u00e1ng d\u1ea7n l\u00ean.<\/li>\n<li>Vitamin C: Ch\u1ed1ng oxy h\u00f3a da m\u1ea1nh m\u1ebd, \u0111\u00f3ng vai tr\u00f2 quan tr\u1ecdng trong vi\u1ec7c ng\u0103n ng\u1eeba kh\u00f4 da v\u00e0 h\u00ecnh th\u00e0nh c\u00e1c n\u1ebfp nh\u0103n, ngo\u00e0i ra vitamin C c\u00f2n gi\u00fap t\u0103ng c\u01b0\u1eddng v\u00e0 t\u1ed5ng h\u1ee3p collagen.  Gi\u00fap gi\u1ea3m s\u1ea1m da v\u00e0 c\u00e1c \u0111\u1ed1m \u0111\u1ed3i m\u1ed3i.<\/li>\n<li>Tocopherol: D\u01b0\u1ee1ng \u1ea9m v\u00e0 c\u1ee7ng c\u1ed1 h\u00e0ng r\u00e0o b\u1ea3o v\u1ec7 da, l\u00e0m d\u1ecbu da.  Gi\u00fap da tr\u1eafng s\u00e1ng v\u00e0 ch\u1ed1ng l\u00e3o h\u00f3a, ng\u0103n ng\u1eeba n\u1ebfp nh\u0103n.<\/li>\n<\/ul>\n<h4><strong>2. C\u00f4ng d\u1ee5ng:<\/strong><\/h4>\n<p>Nh\u1eb9 nh\u00e0ng l\u00e0m s\u1ea1ch s\u00e2u, l\u00e0m s\u00e1ng, d\u01b0\u1ee1ng \u1ea9m s\u00e2u v\u00e0 kh\u00f4ng l\u00e0m kh\u00f4 da sau khi l\u1ed9t.<\/p>\n<h4><strong>3. H\u01b0\u1edbng d\u1eabn s\u1eed d\u1ee5ng:<\/strong><\/h4>\n<p>S\u1eed d\u1ee5ng 2 l\u1ea7n \u0111\u1ed9 s\u00e1ng:<\/p>\n<ul>\n<li>B\u01b0\u1edbc 1: L\u00e0m \u1ea9m da v\u1edbi n\u01b0\u1edbc, cho m\u1ed9t l\u01b0\u1ee3ng s\u1ea3n ph\u1ea9m v\u1eeba \u0111\u1ee7 ra tay, t\u1ea1o b\u1ecdt thoa s\u1ea3n ph\u1ea9m l\u00ean m\u1eb7t, l\u01b0u \u00fd tr\u00e1nh v\u00f9ng da quanh m\u1eaft.<\/li>\n<li>B\u01b0\u1edbc 2: Massage nh\u1eb9 nh\u00e0ng, sau \u0111\u00f3 r\u1eeda s\u1ea1ch v\u1edbi n\u01b0\u1edbc v\u00e0 lau kh\u00f4.<\/li>\n<li>B\u01b0\u1edbc 3: Ti\u1ebfp t\u1ee5c c\u00e1c b\u01b0\u1edbc ti\u1ebfp theo (n\u1ebfu c\u00f3).<\/li>\n<\/ul>\n<h4><strong>4. Ph\u00f9 h\u1ee3p: <\/strong><\/h4>\n<p>T\u1ea5t c\u1ea3 c\u00e1c lo\u1ea1i da, k\u1ec3 c\u1ea3 da nh\u1ea1y c\u1ea3m v\u00e0 \u0111\u1eb7c bi\u1ec7t l\u00e0 sau khi l\u1ed9t.  \u0110\u1ed3ng th\u1eddi h\u1ed7 tr\u1ee3 \u0111i\u1ec1u tr\u1ecb m\u1ee5n, kh\u00e1ng vi\u00eam v\u00e0 ph\u1ee5c h\u1ed3i v\u00f9ng da b\u1ecb t\u1ed5n th\u01b0\u01a1ng.  Gi\u00fap t\u0103ng c\u01b0\u1eddng \u0111\u1ed9 \u1ea9m, tr\u1ebb h\u00f3a l\u00e0n da v\u00e0 ng\u0103n ng\u1eeba n\u1ebfp nh\u0103n do l\u00e3o h\u00f3a.<\/p>\n<h4><strong>3. B\u1ea3o qu\u1ea3n:<\/strong><\/h4>\n<p>N\u01a1i tho\u00e1ng m\u00e1t, tr\u00e1nh \u00e1nh n\u1eafng tr\u1ef1c ti\u1ebfp.<\/p>\n<\/p>\n<\/p><\/div>\n<p>\n&#8212;&#8212;&#8212;&#8212;&#8212;&#8212;&#8212;&#8212;&#8212;-<\/p>\n<p><span style=\"color: #ff0000;\"><strong>TH\u00d4NG TIN LI\u00caN H\u1ec6:<\/strong><\/span><br \/>\n<span style=\"color: #ff0000;\"><strong>QU\u00dd KH\u00c1CH G\u1eecI \u1ea2NH CH\u1ee4P DA QUA ZALO NH\u01af T\u01af V\u1ea4N CHO M\u00ccNH NH\u00c9<\/strong><\/span><br \/>\n<span style=\"color: #ff0000;\"><strong>ZALO <a href=\"https:\/\/zalo.me\/0778790095\">0778790095- Hotline: 0974670571<\/a><\/strong><\/span><br \/>\n<strong><span style=\"color: #ff0000;\">41\/50\/6 Nguy\u1ec5n Oanh, P10, G\u00f2 V\u1ea5p, TP.HCM<\/span><\/strong><\/p>\n","protected":false},"excerpt":{"rendered":"<p>350.000 won\u20ab M\u00f4 t\u1ea3 1. Th\u00e0nh ph\u1ea7n: Aqua, Cocamidopropyl Betaine, Polysorbate 20, Phenoxyethano (And) Chlorphenesin (And) Aqua (And) Glycerin, Tocopherol, Xathagum, Beetox Extract, 3-O-Ethyl Ascorbic Acid (Vitamin C). Th\u00e0nh ph\u1ea7n ch\u00ednh: Chi\u1ebft xu\u1ea5t Beetox: Tr\u1ecb m\u1ee5n, gi\u1ea3m vi\u00eam cho da m\u1ee5n, k\u00edch th\u00edch da s\u1ea3n sinh collagen, gi\u00fap t\u0103ng \u0111\u1ed9 \u0111\u00e0n h\u1ed3i, gi\u1ea3m thi\u1ec3u h\u00ecnh [&hellip;]<\/p>\n","protected":false},"featured_media":2081,"comment_status":"open","ping_status":"closed","template":"","meta":{"_gspb_post_css":""},"store":[],"product_cat":[23],"product_tag":[],"_links":{"self":[{"href":"https:\/\/yody-phuonganh.vn\/index.php\/wp-json\/wp\/v2\/product\/2080"}],"collection":[{"href":"https:\/\/yody-phuonganh.vn\/index.php\/wp-json\/wp\/v2\/product"}],"about":[{"href":"https:\/\/yody-phuonganh.vn\/index.php\/wp-json\/wp\/v2\/types\/product"}],"replies":[{"embeddable":true,"href":"https:\/\/yody-phuonganh.vn\/index.php\/wp-json\/wp\/v2\/comments?post=2080"}],"wp:featuredmedia":[{"embeddable":true,"href":"https:\/\/yody-phuonganh.vn\/index.php\/wp-json\/wp\/v2\/media\/2081"}],"wp:attachment":[{"href":"https:\/\/yody-phuonganh.vn\/index.php\/wp-json\/wp\/v2\/media?parent=2080"}],"wp:term":[{"taxonomy":"store","embeddable":true,"href":"https:\/\/yody-phuonganh.vn\/index.php\/wp-json\/wp\/v2\/store?post=2080"},{"taxonomy":"product_cat","embeddable":true,"href":"https:\/\/yody-phuonganh.vn\/index.php\/wp-json\/wp\/v2\/product_cat?post=2080"},{"taxonomy":"product_tag","embeddable":true,"href":"https:\/\/yody-phuonganh.vn\/index.php\/wp-json\/wp\/v2\/product_tag?post=2080"}],"curies":[{"name":"wp","href":"https:\/\/api.w.org\/{rel}","templated":true}]}}