{"id":2078,"date":"2023-06-29T19:06:29","date_gmt":"2023-06-29T12:06:29","guid":{"rendered":"https:\/\/yody-phuonganh.vn\/index.php\/san-pham\/dung-dich-ve-sinh-phu-nu-valley-freshie\/"},"modified":"2023-06-29T19:06:29","modified_gmt":"2023-06-29T12:06:29","slug":"dung-dich-ve-sinh-phu-nu-valley-freshie","status":"publish","type":"product","link":"https:\/\/yody-phuonganh.vn\/index.php\/san-pham\/dung-dich-ve-sinh-phu-nu-valley-freshie\/","title":{"rendered":"DUNG D\u1ecaCH V\u1ec6 SINH PH\u1ee4 N\u1eee VALLEY FRESHIE"},"content":{"rendered":"<p><img width=\"600\" height=\"600\" class=\"wp-post-image\" alt=\"\" decoding=\"async\" loading=\"lazy\" title=\"dung-dich-ve-sinh-phu-nu2\" data-caption=\"\" src=\"http:\/\/yody-phuonganh.vn\/wp-content\/uploads\/2023\/06\/DUNG-DICH-VE-SINH-PHU-NU-VALLEY-FRESHIE.jpg\" data-large_image=\"http:\/\/yody-phuonganh.vn\/wp-content\/uploads\/2023\/06\/DUNG-DICH-VE-SINH-PHU-NU-VALLEY-FRESHIE.jpg\" data-large_image_width=\"2560\" data-large_image_height=\"2560\"  ><\/p>\n<div class=\"woocommerce-Tabs-panel woocommerce-Tabs-panel--description panel entry-content wc-tab\" id=\"tab-description\" role=\"tabpanel\" aria-labelledby=\"tab-title-description\">\n<h2>M\u00f4 t\u1ea3<\/h2>\n<h4><span data-sheets-value='{\"1\":2,\"2\":\"Th\u00e0nh ph\u1ea7n: \\\"Aqua, GLycerin, Cocamidopropyl Betaine, Hydrolyzed Guar, Sodium Chloride, Allantoin, Panthenol, Artemisia VUlgaris Oil, Chamomilla Recutia Flower Extract, GLycyrrhiza Glabra (Licorice) Root Extract, Melaleuca Alternifolia Leaf Oil, mentha Piperita (Peppermint) Oil, Piper betle leaf Oil, Ethylhexyglycein, Cellusose Gum, Amonium Lauryl Sulfate, Phenoxyethanol, Alcohol, Parfum Sorbate, Sodium Benzoate,Diamond Powder, CI 15985, CI 19140\\\"\\t\\n\\nL\u01b0u \u00fd:\\nCh\u1ec9 s\u1eed d\u1ee5ng ngo\u00e0i da,\u0111\u1eady n\u1eafm sau khi s\u1eed d\u1ee5ng.Tr\u00e1nh xa t\u1ea7m tay tr\u1ebb em.\\t\\t\\n\\nS\u1ea3n ph\u1ea9m: Dung d\u1ecbch v\u1ec7 sinh ph\u1ee5 n\u1eef\\n\\nC\u00f4ng d\u1ee5ng: V\u1ec7 sinh c\u01a1 quan sinh d\u1ee5c ngo\u00e0i gi\u00fap kh\u1eed m\u00f9i v\u00e0 ng\u0103n m\u00f9i hi\u1ec7u qu\u1ea3 mang l\u1ea1i c\u1ea3m gi\u00e1c tho\u1ea3i m\u00e1i, t\u1ef1 tin, gi\u00fap d\u01b0\u1ee1ng \u1ea9m cho v\u00f9ng da nh\u1ea1y c\u1ea3m.\\t\\t\\n\\nC\u00e1ch s\u1eed d\u1ee5ng: L\u00e0m \u01b0\u1edbt v\u00f9ng k\u00edn,l\u1ea5y m\u1ed9t l\u01b0\u1ee3ng dung d\u1ecbch cho v\u00e0o l\u00f2ng b\u00e0n tay, r\u1eeda nh\u1eb9 nh\u00e0ng m\u1eb7t ngo\u00e0i v\u00f9ng k\u00edn sau \u0111\u00f3 r\u1eeda l\u1ea1i v\u1edbi n\u01b0\u1edbc s\u1ea1ch. C\u00f3 th\u1ec3 s\u1eed d\u1ee5ng th\u01b0\u1eddng xuy\u00ean. V\u00e0o th\u1eddi k\u1ef3 kinh nguy\u1ec7t c\u00f3 th\u1ec3 s\u1eed d\u1ee5ng 2-3 l\u1ea7n\/ ng\u00e0y\\t\\t\\t\"}' data-sheets-userformat='{\"2\":769,\"3\":{\"1\":0},\"11\":4,\"12\":0}'><strong>1. Th\u00e0nh ph\u1ea7n<\/strong>:<\/span><\/h4>\n<p><span data-sheets-value='{\"1\":2,\"2\":\"Th\u00e0nh ph\u1ea7n: \\\"Aqua, GLycerin, Cocamidopropyl Betaine, Hydrolyzed Guar, Sodium Chloride, Allantoin, Panthenol, Artemisia VUlgaris Oil, Chamomilla Recutia Flower Extract, GLycyrrhiza Glabra (Licorice) Root Extract, Melaleuca Alternifolia Leaf Oil, mentha Piperita (Peppermint) Oil, Piper betle leaf Oil, Ethylhexyglycein, Cellusose Gum, Amonium Lauryl Sulfate, Phenoxyethanol, Alcohol, Parfum Sorbate, Sodium Benzoate,Diamond Powder, CI 15985, CI 19140\\\"\\t\\n\\nL\u01b0u \u00fd:\\nCh\u1ec9 s\u1eed d\u1ee5ng ngo\u00e0i da,\u0111\u1eady n\u1eafm sau khi s\u1eed d\u1ee5ng.Tr\u00e1nh xa t\u1ea7m tay tr\u1ebb em.\\t\\t\\n\\nS\u1ea3n ph\u1ea9m: Dung d\u1ecbch v\u1ec7 sinh ph\u1ee5 n\u1eef\\n\\nC\u00f4ng d\u1ee5ng: V\u1ec7 sinh c\u01a1 quan sinh d\u1ee5c ngo\u00e0i gi\u00fap kh\u1eed m\u00f9i v\u00e0 ng\u0103n m\u00f9i hi\u1ec7u qu\u1ea3 mang l\u1ea1i c\u1ea3m gi\u00e1c tho\u1ea3i m\u00e1i, t\u1ef1 tin, gi\u00fap d\u01b0\u1ee1ng \u1ea9m cho v\u00f9ng da nh\u1ea1y c\u1ea3m.\\t\\t\\n\\nC\u00e1ch s\u1eed d\u1ee5ng: L\u00e0m \u01b0\u1edbt v\u00f9ng k\u00edn,l\u1ea5y m\u1ed9t l\u01b0\u1ee3ng dung d\u1ecbch cho v\u00e0o l\u00f2ng b\u00e0n tay, r\u1eeda nh\u1eb9 nh\u00e0ng m\u1eb7t ngo\u00e0i v\u00f9ng k\u00edn sau \u0111\u00f3 r\u1eeda l\u1ea1i v\u1edbi n\u01b0\u1edbc s\u1ea1ch. C\u00f3 th\u1ec3 s\u1eed d\u1ee5ng th\u01b0\u1eddng xuy\u00ean. V\u00e0o th\u1eddi k\u1ef3 kinh nguy\u1ec7t c\u00f3 th\u1ec3 s\u1eed d\u1ee5ng 2-3 l\u1ea7n\/ ng\u00e0y\\t\\t\\t\"}' data-sheets-userformat='{\"2\":769,\"3\":{\"1\":0},\"11\":4,\"12\":0}'>Aqua, Glycerin, Cocamidopropyl Betaine, Guar th\u1ee7y ph\u00e2n, Natri Clorua, Allantoin, Panthenol, D\u1ea7u Artemisia Vulgaris, Chi\u1ebft xu\u1ea5t hoa Chamomilla Recutia, Chi\u1ebft xu\u1ea5t r\u1ec5 Glycyrrhiza Glabra (Cam th\u1ea3o), D\u1ea7u l\u00e1 Melaleuca Alternifolia, D\u1ea7u Mentha Piperita (B\u1ea1c h\u00e0), D\u1ea7u l\u00e1 tr\u1ea7u kh\u00f4ng , Ethylhexyglycein, Cellusose Gum, Amonium Lauryl Sulfate, Phenoxyethanol, Alcohol, Parfum, Lactic Acid, Pyridoxine HCL, Menthol, Kali Sorbat, Natri Benzoate, B\u1ed9t kim c\u01b0\u01a1ng, CI 15985, CI 19140.<\/span><\/p>\n<h4><strong>2. C\u00f4ng d\u1ee5ng<\/strong>:<\/h4>\n<p>V\u1ec7 sinh c\u01a1 quan sinh d\u1ee5c ngo\u00e0i, kh\u1eed m\u00f9i v\u00e0 ng\u0103n m\u00f9i hi\u1ec7u qu\u1ea3, mang l\u1ea1i c\u1ea3m gi\u00e1c tho\u1ea3i m\u00e1i, t\u1ef1 tin \u0111\u1ed3ng th\u1eddi d\u01b0\u1ee1ng \u1ea9m cho v\u00f9ng da nh\u1ea1y c\u1ea3m.<\/p>\n<h4><strong>3. C\u00e1ch s\u1eed d\u1ee5ng:<\/strong><\/h4>\n<p>L\u00e0m \u01b0\u1edbt v\u00f9ng k\u00edn, l\u1ea5y m\u1ed9t \u00edt dung d\u1ecbch ra l\u00f2ng b\u00e0n tay, nh\u1eb9 nh\u00e0ng r\u1eeda b\u00ean ngo\u00e0i v\u00f9ng k\u00edn, sau \u0111\u00f3 r\u1eeda l\u1ea1i b\u1eb1ng n\u01b0\u1edbc s\u1ea1ch.  C\u00f3 th\u1ec3 s\u1eed d\u1ee5ng th\u01b0\u1eddng xuy\u00ean.  Trong th\u1eddi k\u1ef3 kinh nguy\u1ec7t c\u00f3 th\u1ec3 d\u00f9ng 2-3 l\u1ea7n\/ng\u00e0y.<\/p>\n<h4><strong>4. L\u01b0u \u00fd:<\/strong><\/h4>\n<p>Ch\u1ec9 s\u1eed d\u1ee5ng ngo\u00e0i da, \u0111\u00f3ng n\u1eafp sau khi s\u1eed d\u1ee5ng.  Tr\u00e1nh xa t\u1ea7m tay tr\u1ebb em.<\/p>\n<h4><b>5. Ch\u1ec9 ti\u00eau k\u00edch \u1ee9ng:<\/b><\/h4>\n<p>Kh\u00f4ng \u0111\u00e1ng k\u1ec3.<\/p>\n<h4><strong>6. B\u1ea3o qu\u1ea3n:<\/strong><\/h4>\n<p>B\u1ea3o qu\u1ea3n n\u01a1i kh\u00f4 r\u00e1o, tho\u00e1ng m\u00e1t, tr\u00e1nh \u00e1nh n\u1eafng m\u1eb7t tr\u1eddi.<\/p>\n<\/p><\/div>\n<p>\n&#8212;&#8212;&#8212;&#8212;&#8212;&#8212;&#8212;&#8212;&#8212;-<\/p>\n<p><span style=\"color: #ff0000;\"><strong>TH\u00d4NG TIN LI\u00caN H\u1ec6:<\/strong><\/span><br \/>\n<span style=\"color: #ff0000;\"><strong>QU\u00dd KH\u00c1CH G\u1eecI \u1ea2NH CH\u1ee4P DA QUA ZALO NH\u01af T\u01af V\u1ea4N CHO M\u00ccNH NH\u00c9<\/strong><\/span><br \/>\n<span style=\"color: #ff0000;\"><strong>ZALO <a href=\"https:\/\/zalo.me\/0778790095\">0778790095- Hotline: 0974670571<\/a><\/strong><\/span><br \/>\n<strong><span style=\"color: #ff0000;\">41\/50\/6 Nguy\u1ec5n Oanh, P10, G\u00f2 V\u1ea5p, TP.HCM<\/span><\/strong><\/p>\n","protected":false},"excerpt":{"rendered":"<p>M\u00f4 t\u1ea3 1. Th\u00e0nh ph\u1ea7n: Aqua, Glycerin, Cocamidopropyl Betaine, Guar th\u1ee7y ph\u00e2n, Natri Clorua, Allantoin, Panthenol, D\u1ea7u Artemisia Vulgaris, Chi\u1ebft xu\u1ea5t hoa Chamomilla Recutia, Chi\u1ebft xu\u1ea5t r\u1ec5 Glycyrrhiza Glabra (Cam th\u1ea3o), D\u1ea7u l\u00e1 Melaleuca Alternifolia, D\u1ea7u Mentha Piperita (B\u1ea1c h\u00e0), D\u1ea7u l\u00e1 tr\u1ea7u kh\u00f4ng , Ethylhexyglycein, Cellusose Gum, Amonium Lauryl Sulfate, Phenoxyethanol, Alcohol, Parfum, Lactic [&hellip;]<\/p>\n","protected":false},"featured_media":2079,"comment_status":"open","ping_status":"closed","template":"","meta":{"_gspb_post_css":""},"store":[],"product_cat":[23],"product_tag":[],"_links":{"self":[{"href":"https:\/\/yody-phuonganh.vn\/index.php\/wp-json\/wp\/v2\/product\/2078"}],"collection":[{"href":"https:\/\/yody-phuonganh.vn\/index.php\/wp-json\/wp\/v2\/product"}],"about":[{"href":"https:\/\/yody-phuonganh.vn\/index.php\/wp-json\/wp\/v2\/types\/product"}],"replies":[{"embeddable":true,"href":"https:\/\/yody-phuonganh.vn\/index.php\/wp-json\/wp\/v2\/comments?post=2078"}],"wp:featuredmedia":[{"embeddable":true,"href":"https:\/\/yody-phuonganh.vn\/index.php\/wp-json\/wp\/v2\/media\/2079"}],"wp:attachment":[{"href":"https:\/\/yody-phuonganh.vn\/index.php\/wp-json\/wp\/v2\/media?parent=2078"}],"wp:term":[{"taxonomy":"store","embeddable":true,"href":"https:\/\/yody-phuonganh.vn\/index.php\/wp-json\/wp\/v2\/store?post=2078"},{"taxonomy":"product_cat","embeddable":true,"href":"https:\/\/yody-phuonganh.vn\/index.php\/wp-json\/wp\/v2\/product_cat?post=2078"},{"taxonomy":"product_tag","embeddable":true,"href":"https:\/\/yody-phuonganh.vn\/index.php\/wp-json\/wp\/v2\/product_tag?post=2078"}],"curies":[{"name":"wp","href":"https:\/\/api.w.org\/{rel}","templated":true}]}}